{"id":261,"date":"2026-01-14T08:28:16","date_gmt":"2026-01-14T08:28:16","guid":{"rendered":"https:\/\/winwinbet.games\/argentina\/?page_id=261"},"modified":"2026-05-08T20:21:53","modified_gmt":"2026-05-08T20:21:53","slug":"login","status":"publish","type":"page","link":"http:\/\/winwinbet.games\/argentina\/login\/","title":{"rendered":"Iniciar sesi\u00f3n"},"content":{"rendered":"","protected":false},"excerpt":{"rendered":"","protected":false},"author":1,"featured_media":0,"parent":0,"menu_order":0,"comment_status":"closed","ping_status":"closed","template":"","meta":{"footnotes":""},"class_list":["post-261","page","type-page","status-publish","hentry"],"yoast_head":"<!-- This site is optimized with the Yoast SEO plugin v26.6 - https:\/\/yoast.com\/wordpress\/plugins\/seo\/ -->\n<title>Inicio de sesi\u00f3n en WinWin Bet: c\u00f3mo acceder a tu cuenta en el sitio web y en la aplicaci\u00f3n<\/title>\n<meta name=\"description\" content=\"Inicia sesi\u00f3n en tu cuenta personal de WinWin Bet Argentina a trav\u00e9s del sitio web oficial, el sitio espejo o la aplicaci\u00f3n m\u00f3vil. Instrucciones para iniciar sesi\u00f3n, recuperar tu contrase\u00f1a, configurar la autenticaci\u00f3n de dos factores y acceder a tu cuenta en caso de bloqueo. Inicio de sesi\u00f3n r\u00e1pido para apostar y retirar fondos.\" \/>\n<meta name=\"robots\" content=\"index, follow, max-snippet:-1, max-image-preview:large, max-video-preview:-1\" \/>\n<meta property=\"og:locale\" content=\"es_ES\" \/>\n<meta property=\"og:type\" content=\"article\" \/>\n<meta property=\"og:title\" content=\"Inicio de sesi\u00f3n en WinWin Bet: c\u00f3mo acceder a tu cuenta en el sitio web y en la aplicaci\u00f3n\" \/>\n<meta property=\"og:description\" content=\"Inicia sesi\u00f3n en tu cuenta personal de WinWin Bet Argentina a trav\u00e9s del sitio web oficial, el sitio espejo o la aplicaci\u00f3n m\u00f3vil. Instrucciones para iniciar sesi\u00f3n, recuperar tu contrase\u00f1a, configurar la autenticaci\u00f3n de dos factores y acceder a tu cuenta en caso de bloqueo. Inicio de sesi\u00f3n r\u00e1pido para apostar y retirar fondos.\" \/>\n<meta property=\"og:url\" content=\"http:\/\/winwinbet.games\/argentina\/login\/\" \/>\n<meta property=\"og:site_name\" content=\"Winwinbet Games AR\" \/>\n<meta property=\"article:modified_time\" content=\"2026-05-08T20:21:53+00:00\" \/>\n<meta name=\"twitter:card\" content=\"summary_large_image\" \/>\n<script type=\"application\/ld+json\" class=\"yoast-schema-graph\">{\"@context\":\"https:\/\/schema.org\",\"@graph\":[{\"@type\":\"WebPage\",\"@id\":\"http:\/\/winwinbet.games\/argentina\/login\/\",\"url\":\"http:\/\/winwinbet.games\/argentina\/login\/\",\"name\":\"Inicio de sesi\u00f3n en WinWin Bet: c\u00f3mo acceder a tu cuenta en el sitio web y en la aplicaci\u00f3n\",\"isPartOf\":{\"@id\":\"http:\/\/winwinbet.games\/argentina\/#website\"},\"datePublished\":\"2026-01-14T08:28:16+00:00\",\"dateModified\":\"2026-05-08T20:21:53+00:00\",\"description\":\"Inicia sesi\u00f3n en tu cuenta personal de WinWin Bet Argentina a trav\u00e9s del sitio web oficial, el sitio espejo o la aplicaci\u00f3n m\u00f3vil. Instrucciones para iniciar sesi\u00f3n, recuperar tu contrase\u00f1a, configurar la autenticaci\u00f3n de dos factores y acceder a tu cuenta en caso de bloqueo. Inicio de sesi\u00f3n r\u00e1pido para apostar y retirar fondos.\",\"breadcrumb\":{\"@id\":\"http:\/\/winwinbet.games\/argentina\/login\/#breadcrumb\"},\"inLanguage\":\"es-AR\",\"potentialAction\":[{\"@type\":\"ReadAction\",\"target\":[\"http:\/\/winwinbet.games\/argentina\/login\/\"]}]},{\"@type\":\"BreadcrumbList\",\"@id\":\"http:\/\/winwinbet.games\/argentina\/login\/#breadcrumb\",\"itemListElement\":[{\"@type\":\"ListItem\",\"position\":1,\"name\":\"Home\",\"item\":\"http:\/\/winwinbet.games\/argentina\/\"},{\"@type\":\"ListItem\",\"position\":2,\"name\":\"Iniciar sesi\u00f3n\"}]},{\"@type\":\"WebSite\",\"@id\":\"http:\/\/winwinbet.games\/argentina\/#website\",\"url\":\"http:\/\/winwinbet.games\/argentina\/\",\"name\":\"Winwinbet Games AR\",\"description\":\"My WordPress Blog\",\"potentialAction\":[{\"@type\":\"SearchAction\",\"target\":{\"@type\":\"EntryPoint\",\"urlTemplate\":\"http:\/\/winwinbet.games\/argentina\/?s={search_term_string}\"},\"query-input\":{\"@type\":\"PropertyValueSpecification\",\"valueRequired\":true,\"valueName\":\"search_term_string\"}}],\"inLanguage\":\"es-AR\"}]}<\/script>\n<!-- \/ Yoast SEO plugin. -->","yoast_head_json":{"title":"Inicio de sesi\u00f3n en WinWin Bet: c\u00f3mo acceder a tu cuenta en el sitio web y en la aplicaci\u00f3n","description":"Inicia sesi\u00f3n en tu cuenta personal de WinWin Bet Argentina a trav\u00e9s del sitio web oficial, el sitio espejo o la aplicaci\u00f3n m\u00f3vil. Instrucciones para iniciar sesi\u00f3n, recuperar tu contrase\u00f1a, configurar la autenticaci\u00f3n de dos factores y acceder a tu cuenta en caso de bloqueo. Inicio de sesi\u00f3n r\u00e1pido para apostar y retirar fondos.","robots":{"index":"index","follow":"follow","max-snippet":"max-snippet:-1","max-image-preview":"max-image-preview:large","max-video-preview":"max-video-preview:-1"},"og_locale":"es_ES","og_type":"article","og_title":"Inicio de sesi\u00f3n en WinWin Bet: c\u00f3mo acceder a tu cuenta en el sitio web y en la aplicaci\u00f3n","og_description":"Inicia sesi\u00f3n en tu cuenta personal de WinWin Bet Argentina a trav\u00e9s del sitio web oficial, el sitio espejo o la aplicaci\u00f3n m\u00f3vil. Instrucciones para iniciar sesi\u00f3n, recuperar tu contrase\u00f1a, configurar la autenticaci\u00f3n de dos factores y acceder a tu cuenta en caso de bloqueo. Inicio de sesi\u00f3n r\u00e1pido para apostar y retirar fondos.","og_url":"http:\/\/winwinbet.games\/argentina\/login\/","og_site_name":"Winwinbet Games AR","article_modified_time":"2026-05-08T20:21:53+00:00","twitter_card":"summary_large_image","schema":{"@context":"https:\/\/schema.org","@graph":[{"@type":"WebPage","@id":"http:\/\/winwinbet.games\/argentina\/login\/","url":"http:\/\/winwinbet.games\/argentina\/login\/","name":"Inicio de sesi\u00f3n en WinWin Bet: c\u00f3mo acceder a tu cuenta en el sitio web y en la aplicaci\u00f3n","isPartOf":{"@id":"http:\/\/winwinbet.games\/argentina\/#website"},"datePublished":"2026-01-14T08:28:16+00:00","dateModified":"2026-05-08T20:21:53+00:00","description":"Inicia sesi\u00f3n en tu cuenta personal de WinWin Bet Argentina a trav\u00e9s del sitio web oficial, el sitio espejo o la aplicaci\u00f3n m\u00f3vil. Instrucciones para iniciar sesi\u00f3n, recuperar tu contrase\u00f1a, configurar la autenticaci\u00f3n de dos factores y acceder a tu cuenta en caso de bloqueo. Inicio de sesi\u00f3n r\u00e1pido para apostar y retirar fondos.","breadcrumb":{"@id":"http:\/\/winwinbet.games\/argentina\/login\/#breadcrumb"},"inLanguage":"es-AR","potentialAction":[{"@type":"ReadAction","target":["http:\/\/winwinbet.games\/argentina\/login\/"]}]},{"@type":"BreadcrumbList","@id":"http:\/\/winwinbet.games\/argentina\/login\/#breadcrumb","itemListElement":[{"@type":"ListItem","position":1,"name":"Home","item":"http:\/\/winwinbet.games\/argentina\/"},{"@type":"ListItem","position":2,"name":"Iniciar sesi\u00f3n"}]},{"@type":"WebSite","@id":"http:\/\/winwinbet.games\/argentina\/#website","url":"http:\/\/winwinbet.games\/argentina\/","name":"Winwinbet Games AR","description":"My WordPress Blog","potentialAction":[{"@type":"SearchAction","target":{"@type":"EntryPoint","urlTemplate":"http:\/\/winwinbet.games\/argentina\/?s={search_term_string}"},"query-input":{"@type":"PropertyValueSpecification","valueRequired":true,"valueName":"search_term_string"}}],"inLanguage":"es-AR"}]}},"_links":{"self":[{"href":"http:\/\/winwinbet.games\/argentina\/wp-json\/wp\/v2\/pages\/261","targetHints":{"allow":["GET"]}}],"collection":[{"href":"http:\/\/winwinbet.games\/argentina\/wp-json\/wp\/v2\/pages"}],"about":[{"href":"http:\/\/winwinbet.games\/argentina\/wp-json\/wp\/v2\/types\/page"}],"author":[{"embeddable":true,"href":"http:\/\/winwinbet.games\/argentina\/wp-json\/wp\/v2\/users\/1"}],"replies":[{"embeddable":true,"href":"http:\/\/winwinbet.games\/argentina\/wp-json\/wp\/v2\/comments?post=261"}],"version-history":[{"count":5,"href":"http:\/\/winwinbet.games\/argentina\/wp-json\/wp\/v2\/pages\/261\/revisions"}],"predecessor-version":[{"id":467,"href":"http:\/\/winwinbet.games\/argentina\/wp-json\/wp\/v2\/pages\/261\/revisions\/467"}],"wp:attachment":[{"href":"http:\/\/winwinbet.games\/argentina\/wp-json\/wp\/v2\/media?parent=261"}],"curies":[{"name":"wp","href":"https:\/\/api.w.org\/{rel}","templated":true}]}}