{"id":424,"date":"2026-04-13T10:26:46","date_gmt":"2026-04-13T10:26:46","guid":{"rendered":"https:\/\/winwinbet.games\/at\/?page_id=424"},"modified":"2026-05-11T12:47:04","modified_gmt":"2026-05-11T12:47:04","slug":"partners","status":"publish","type":"page","link":"http:\/\/winwinbet.games\/at\/partners\/","title":{"rendered":"Partner"},"content":{"rendered":"","protected":false},"excerpt":{"rendered":"","protected":false},"author":1,"featured_media":0,"parent":0,"menu_order":0,"comment_status":"closed","ping_status":"closed","template":"","meta":{"footnotes":""},"class_list":["post-424","page","type-page","status-publish","hentry"],"yoast_head":"<!-- This site is optimized with the Yoast SEO plugin v26.6 - https:\/\/yoast.com\/wordpress\/plugins\/seo\/ -->\n<title>WinWin Bet Affiliate-Programm 2026 \u2013 Verdienst &amp; Partnerschaften<\/title>\n<meta name=\"description\" content=\"Nehmen Sie am WinWin Bet \u00d6sterreich-Partnerprogramm teil \u2013 verdienen Sie Geld mit Empfehlungen und profitieren Sie vom Gewinn des Casinos, ohne dass f\u00fcr den Spieler ein Risiko entsteht. Ideal f\u00fcr Gl\u00fccksspielbegeisterte und Vermarkter \u2013 passives Einkommen, Werbung f\u00fcr Spielautomaten und Live-Casino-Spiele.\" \/>\n<meta name=\"robots\" content=\"index, follow, max-snippet:-1, max-image-preview:large, max-video-preview:-1\" \/>\n<meta property=\"og:locale\" content=\"de_DE\" \/>\n<meta property=\"og:type\" content=\"article\" \/>\n<meta property=\"og:title\" content=\"WinWin Bet Affiliate-Programm 2026 \u2013 Verdienst &amp; Partnerschaften\" \/>\n<meta property=\"og:description\" content=\"Nehmen Sie am WinWin Bet \u00d6sterreich-Partnerprogramm teil \u2013 verdienen Sie Geld mit Empfehlungen und profitieren Sie vom Gewinn des Casinos, ohne dass f\u00fcr den Spieler ein Risiko entsteht. Ideal f\u00fcr Gl\u00fccksspielbegeisterte und Vermarkter \u2013 passives Einkommen, Werbung f\u00fcr Spielautomaten und Live-Casino-Spiele.\" \/>\n<meta property=\"og:url\" content=\"http:\/\/winwinbet.games\/at\/partners\/\" \/>\n<meta property=\"og:site_name\" content=\"Winwinbet Games AT\" \/>\n<meta property=\"article:modified_time\" content=\"2026-05-11T12:47:04+00:00\" \/>\n<meta name=\"twitter:card\" content=\"summary_large_image\" \/>\n<script type=\"application\/ld+json\" class=\"yoast-schema-graph\">{\"@context\":\"https:\/\/schema.org\",\"@graph\":[{\"@type\":\"WebPage\",\"@id\":\"http:\/\/winwinbet.games\/at\/partners\/\",\"url\":\"http:\/\/winwinbet.games\/at\/partners\/\",\"name\":\"WinWin Bet Affiliate-Programm 2026 \u2013 Verdienst & Partnerschaften\",\"isPartOf\":{\"@id\":\"http:\/\/winwinbet.games\/at\/#website\"},\"datePublished\":\"2026-04-13T10:26:46+00:00\",\"dateModified\":\"2026-05-11T12:47:04+00:00\",\"description\":\"Nehmen Sie am WinWin Bet \u00d6sterreich-Partnerprogramm teil \u2013 verdienen Sie Geld mit Empfehlungen und profitieren Sie vom Gewinn des Casinos, ohne dass f\u00fcr den Spieler ein Risiko entsteht. Ideal f\u00fcr Gl\u00fccksspielbegeisterte und Vermarkter \u2013 passives Einkommen, Werbung f\u00fcr Spielautomaten und Live-Casino-Spiele.\",\"breadcrumb\":{\"@id\":\"http:\/\/winwinbet.games\/at\/partners\/#breadcrumb\"},\"inLanguage\":\"de-AT\",\"potentialAction\":[{\"@type\":\"ReadAction\",\"target\":[\"http:\/\/winwinbet.games\/at\/partners\/\"]}]},{\"@type\":\"BreadcrumbList\",\"@id\":\"http:\/\/winwinbet.games\/at\/partners\/#breadcrumb\",\"itemListElement\":[{\"@type\":\"ListItem\",\"position\":1,\"name\":\"Home\",\"item\":\"http:\/\/winwinbet.games\/at\/\"},{\"@type\":\"ListItem\",\"position\":2,\"name\":\"Partner\"}]},{\"@type\":\"WebSite\",\"@id\":\"http:\/\/winwinbet.games\/at\/#website\",\"url\":\"http:\/\/winwinbet.games\/at\/\",\"name\":\"Winwinbet Games AT\",\"description\":\"My WordPress Blog\",\"potentialAction\":[{\"@type\":\"SearchAction\",\"target\":{\"@type\":\"EntryPoint\",\"urlTemplate\":\"http:\/\/winwinbet.games\/at\/?s={search_term_string}\"},\"query-input\":{\"@type\":\"PropertyValueSpecification\",\"valueRequired\":true,\"valueName\":\"search_term_string\"}}],\"inLanguage\":\"de-AT\"}]}<\/script>\n<!-- \/ Yoast SEO plugin. -->","yoast_head_json":{"title":"WinWin Bet Affiliate-Programm 2026 \u2013 Verdienst & Partnerschaften","description":"Nehmen Sie am WinWin Bet \u00d6sterreich-Partnerprogramm teil \u2013 verdienen Sie Geld mit Empfehlungen und profitieren Sie vom Gewinn des Casinos, ohne dass f\u00fcr den Spieler ein Risiko entsteht. Ideal f\u00fcr Gl\u00fccksspielbegeisterte und Vermarkter \u2013 passives Einkommen, Werbung f\u00fcr Spielautomaten und Live-Casino-Spiele.","robots":{"index":"index","follow":"follow","max-snippet":"max-snippet:-1","max-image-preview":"max-image-preview:large","max-video-preview":"max-video-preview:-1"},"og_locale":"de_DE","og_type":"article","og_title":"WinWin Bet Affiliate-Programm 2026 \u2013 Verdienst & Partnerschaften","og_description":"Nehmen Sie am WinWin Bet \u00d6sterreich-Partnerprogramm teil \u2013 verdienen Sie Geld mit Empfehlungen und profitieren Sie vom Gewinn des Casinos, ohne dass f\u00fcr den Spieler ein Risiko entsteht. Ideal f\u00fcr Gl\u00fccksspielbegeisterte und Vermarkter \u2013 passives Einkommen, Werbung f\u00fcr Spielautomaten und Live-Casino-Spiele.","og_url":"http:\/\/winwinbet.games\/at\/partners\/","og_site_name":"Winwinbet Games AT","article_modified_time":"2026-05-11T12:47:04+00:00","twitter_card":"summary_large_image","schema":{"@context":"https:\/\/schema.org","@graph":[{"@type":"WebPage","@id":"http:\/\/winwinbet.games\/at\/partners\/","url":"http:\/\/winwinbet.games\/at\/partners\/","name":"WinWin Bet Affiliate-Programm 2026 \u2013 Verdienst & Partnerschaften","isPartOf":{"@id":"http:\/\/winwinbet.games\/at\/#website"},"datePublished":"2026-04-13T10:26:46+00:00","dateModified":"2026-05-11T12:47:04+00:00","description":"Nehmen Sie am WinWin Bet \u00d6sterreich-Partnerprogramm teil \u2013 verdienen Sie Geld mit Empfehlungen und profitieren Sie vom Gewinn des Casinos, ohne dass f\u00fcr den Spieler ein Risiko entsteht. Ideal f\u00fcr Gl\u00fccksspielbegeisterte und Vermarkter \u2013 passives Einkommen, Werbung f\u00fcr Spielautomaten und Live-Casino-Spiele.","breadcrumb":{"@id":"http:\/\/winwinbet.games\/at\/partners\/#breadcrumb"},"inLanguage":"de-AT","potentialAction":[{"@type":"ReadAction","target":["http:\/\/winwinbet.games\/at\/partners\/"]}]},{"@type":"BreadcrumbList","@id":"http:\/\/winwinbet.games\/at\/partners\/#breadcrumb","itemListElement":[{"@type":"ListItem","position":1,"name":"Home","item":"http:\/\/winwinbet.games\/at\/"},{"@type":"ListItem","position":2,"name":"Partner"}]},{"@type":"WebSite","@id":"http:\/\/winwinbet.games\/at\/#website","url":"http:\/\/winwinbet.games\/at\/","name":"Winwinbet Games AT","description":"My WordPress Blog","potentialAction":[{"@type":"SearchAction","target":{"@type":"EntryPoint","urlTemplate":"http:\/\/winwinbet.games\/at\/?s={search_term_string}"},"query-input":{"@type":"PropertyValueSpecification","valueRequired":true,"valueName":"search_term_string"}}],"inLanguage":"de-AT"}]}},"_links":{"self":[{"href":"http:\/\/winwinbet.games\/at\/wp-json\/wp\/v2\/pages\/424","targetHints":{"allow":["GET"]}}],"collection":[{"href":"http:\/\/winwinbet.games\/at\/wp-json\/wp\/v2\/pages"}],"about":[{"href":"http:\/\/winwinbet.games\/at\/wp-json\/wp\/v2\/types\/page"}],"author":[{"embeddable":true,"href":"http:\/\/winwinbet.games\/at\/wp-json\/wp\/v2\/users\/1"}],"replies":[{"embeddable":true,"href":"http:\/\/winwinbet.games\/at\/wp-json\/wp\/v2\/comments?post=424"}],"version-history":[{"count":5,"href":"http:\/\/winwinbet.games\/at\/wp-json\/wp\/v2\/pages\/424\/revisions"}],"predecessor-version":[{"id":487,"href":"http:\/\/winwinbet.games\/at\/wp-json\/wp\/v2\/pages\/424\/revisions\/487"}],"wp:attachment":[{"href":"http:\/\/winwinbet.games\/at\/wp-json\/wp\/v2\/media?parent=424"}],"curies":[{"name":"wp","href":"https:\/\/api.w.org\/{rel}","templated":true}]}}