{"id":261,"date":"2026-01-14T08:28:16","date_gmt":"2026-01-14T08:28:16","guid":{"rendered":"https:\/\/winwinbet.games\/br\/?page_id=261"},"modified":"2026-04-28T19:30:35","modified_gmt":"2026-04-28T19:30:35","slug":"login","status":"publish","type":"page","link":"http:\/\/winwinbet.games\/br\/login\/","title":{"rendered":"Entrar"},"content":{"rendered":"","protected":false},"excerpt":{"rendered":"","protected":false},"author":1,"featured_media":0,"parent":0,"menu_order":0,"comment_status":"closed","ping_status":"closed","template":"","meta":{"footnotes":""},"class_list":["post-261","page","type-page","status-publish","hentry"],"yoast_head":"<!-- This site is optimized with the Yoast SEO plugin v26.6 - https:\/\/yoast.com\/wordpress\/plugins\/seo\/ -->\n<title>Login na WinWin Bet \u2014 Acesso \u00e0 conta no site e no aplicativo<\/title>\n<meta name=\"description\" content=\"Fa\u00e7a login na sua conta pessoal da WinWin Bet pelo site oficial, pelo site espelho ou pelo aplicativo m\u00f3vel. Instru\u00e7\u00f5es para fazer login, recuperar sua senha, ativar a autentica\u00e7\u00e3o de dois fatores e acessar sua conta em caso de bloqueio. Login r\u00e1pido para fazer apostas e sacar fundos.\" \/>\n<meta name=\"robots\" content=\"index, follow, max-snippet:-1, max-image-preview:large, max-video-preview:-1\" \/>\n<meta property=\"og:locale\" content=\"pt_BR\" \/>\n<meta property=\"og:type\" content=\"article\" \/>\n<meta property=\"og:title\" content=\"Login na WinWin Bet \u2014 Acesso \u00e0 conta no site e no aplicativo\" \/>\n<meta property=\"og:description\" content=\"Fa\u00e7a login na sua conta pessoal da WinWin Bet pelo site oficial, pelo site espelho ou pelo aplicativo m\u00f3vel. Instru\u00e7\u00f5es para fazer login, recuperar sua senha, ativar a autentica\u00e7\u00e3o de dois fatores e acessar sua conta em caso de bloqueio. Login r\u00e1pido para fazer apostas e sacar fundos.\" \/>\n<meta property=\"og:url\" content=\"http:\/\/winwinbet.games\/br\/login\/\" \/>\n<meta property=\"og:site_name\" content=\"Winwinbet Games BR\" \/>\n<meta property=\"article:modified_time\" content=\"2026-04-28T19:30:35+00:00\" \/>\n<meta name=\"twitter:card\" content=\"summary_large_image\" \/>\n<script type=\"application\/ld+json\" class=\"yoast-schema-graph\">{\"@context\":\"https:\/\/schema.org\",\"@graph\":[{\"@type\":\"WebPage\",\"@id\":\"http:\/\/winwinbet.games\/br\/login\/\",\"url\":\"http:\/\/winwinbet.games\/br\/login\/\",\"name\":\"Login na WinWin Bet \u2014 Acesso \u00e0 conta no site e no aplicativo\",\"isPartOf\":{\"@id\":\"http:\/\/winwinbet.games\/br\/#website\"},\"datePublished\":\"2026-01-14T08:28:16+00:00\",\"dateModified\":\"2026-04-28T19:30:35+00:00\",\"description\":\"Fa\u00e7a login na sua conta pessoal da WinWin Bet pelo site oficial, pelo site espelho ou pelo aplicativo m\u00f3vel. Instru\u00e7\u00f5es para fazer login, recuperar sua senha, ativar a autentica\u00e7\u00e3o de dois fatores e acessar sua conta em caso de bloqueio. Login r\u00e1pido para fazer apostas e sacar fundos.\",\"breadcrumb\":{\"@id\":\"http:\/\/winwinbet.games\/br\/login\/#breadcrumb\"},\"inLanguage\":\"pt-BR\",\"potentialAction\":[{\"@type\":\"ReadAction\",\"target\":[\"http:\/\/winwinbet.games\/br\/login\/\"]}]},{\"@type\":\"BreadcrumbList\",\"@id\":\"http:\/\/winwinbet.games\/br\/login\/#breadcrumb\",\"itemListElement\":[{\"@type\":\"ListItem\",\"position\":1,\"name\":\"Home\",\"item\":\"http:\/\/winwinbet.games\/br\/\"},{\"@type\":\"ListItem\",\"position\":2,\"name\":\"Entrar\"}]},{\"@type\":\"WebSite\",\"@id\":\"http:\/\/winwinbet.games\/br\/#website\",\"url\":\"http:\/\/winwinbet.games\/br\/\",\"name\":\"Winwinbet Games BR\",\"description\":\"My WordPress Blog\",\"potentialAction\":[{\"@type\":\"SearchAction\",\"target\":{\"@type\":\"EntryPoint\",\"urlTemplate\":\"http:\/\/winwinbet.games\/br\/?s={search_term_string}\"},\"query-input\":{\"@type\":\"PropertyValueSpecification\",\"valueRequired\":true,\"valueName\":\"search_term_string\"}}],\"inLanguage\":\"pt-BR\"}]}<\/script>\n<!-- \/ Yoast SEO plugin. -->","yoast_head_json":{"title":"Login na WinWin Bet \u2014 Acesso \u00e0 conta no site e no aplicativo","description":"Fa\u00e7a login na sua conta pessoal da WinWin Bet pelo site oficial, pelo site espelho ou pelo aplicativo m\u00f3vel. Instru\u00e7\u00f5es para fazer login, recuperar sua senha, ativar a autentica\u00e7\u00e3o de dois fatores e acessar sua conta em caso de bloqueio. Login r\u00e1pido para fazer apostas e sacar fundos.","robots":{"index":"index","follow":"follow","max-snippet":"max-snippet:-1","max-image-preview":"max-image-preview:large","max-video-preview":"max-video-preview:-1"},"og_locale":"pt_BR","og_type":"article","og_title":"Login na WinWin Bet \u2014 Acesso \u00e0 conta no site e no aplicativo","og_description":"Fa\u00e7a login na sua conta pessoal da WinWin Bet pelo site oficial, pelo site espelho ou pelo aplicativo m\u00f3vel. Instru\u00e7\u00f5es para fazer login, recuperar sua senha, ativar a autentica\u00e7\u00e3o de dois fatores e acessar sua conta em caso de bloqueio. Login r\u00e1pido para fazer apostas e sacar fundos.","og_url":"http:\/\/winwinbet.games\/br\/login\/","og_site_name":"Winwinbet Games BR","article_modified_time":"2026-04-28T19:30:35+00:00","twitter_card":"summary_large_image","schema":{"@context":"https:\/\/schema.org","@graph":[{"@type":"WebPage","@id":"http:\/\/winwinbet.games\/br\/login\/","url":"http:\/\/winwinbet.games\/br\/login\/","name":"Login na WinWin Bet \u2014 Acesso \u00e0 conta no site e no aplicativo","isPartOf":{"@id":"http:\/\/winwinbet.games\/br\/#website"},"datePublished":"2026-01-14T08:28:16+00:00","dateModified":"2026-04-28T19:30:35+00:00","description":"Fa\u00e7a login na sua conta pessoal da WinWin Bet pelo site oficial, pelo site espelho ou pelo aplicativo m\u00f3vel. Instru\u00e7\u00f5es para fazer login, recuperar sua senha, ativar a autentica\u00e7\u00e3o de dois fatores e acessar sua conta em caso de bloqueio. Login r\u00e1pido para fazer apostas e sacar fundos.","breadcrumb":{"@id":"http:\/\/winwinbet.games\/br\/login\/#breadcrumb"},"inLanguage":"pt-BR","potentialAction":[{"@type":"ReadAction","target":["http:\/\/winwinbet.games\/br\/login\/"]}]},{"@type":"BreadcrumbList","@id":"http:\/\/winwinbet.games\/br\/login\/#breadcrumb","itemListElement":[{"@type":"ListItem","position":1,"name":"Home","item":"http:\/\/winwinbet.games\/br\/"},{"@type":"ListItem","position":2,"name":"Entrar"}]},{"@type":"WebSite","@id":"http:\/\/winwinbet.games\/br\/#website","url":"http:\/\/winwinbet.games\/br\/","name":"Winwinbet Games BR","description":"My WordPress Blog","potentialAction":[{"@type":"SearchAction","target":{"@type":"EntryPoint","urlTemplate":"http:\/\/winwinbet.games\/br\/?s={search_term_string}"},"query-input":{"@type":"PropertyValueSpecification","valueRequired":true,"valueName":"search_term_string"}}],"inLanguage":"pt-BR"}]}},"_links":{"self":[{"href":"http:\/\/winwinbet.games\/br\/wp-json\/wp\/v2\/pages\/261","targetHints":{"allow":["GET"]}}],"collection":[{"href":"http:\/\/winwinbet.games\/br\/wp-json\/wp\/v2\/pages"}],"about":[{"href":"http:\/\/winwinbet.games\/br\/wp-json\/wp\/v2\/types\/page"}],"author":[{"embeddable":true,"href":"http:\/\/winwinbet.games\/br\/wp-json\/wp\/v2\/users\/1"}],"replies":[{"embeddable":true,"href":"http:\/\/winwinbet.games\/br\/wp-json\/wp\/v2\/comments?post=261"}],"version-history":[{"count":5,"href":"http:\/\/winwinbet.games\/br\/wp-json\/wp\/v2\/pages\/261\/revisions"}],"predecessor-version":[{"id":468,"href":"http:\/\/winwinbet.games\/br\/wp-json\/wp\/v2\/pages\/261\/revisions\/468"}],"wp:attachment":[{"href":"http:\/\/winwinbet.games\/br\/wp-json\/wp\/v2\/media?parent=261"}],"curies":[{"name":"wp","href":"https:\/\/api.w.org\/{rel}","templated":true}]}}