{"id":331,"date":"2026-04-09T07:48:45","date_gmt":"2026-04-09T07:48:45","guid":{"rendered":"https:\/\/winwinbet.games\/br\/?page_id=331"},"modified":"2026-04-28T18:46:35","modified_gmt":"2026-04-28T18:46:35","slug":"casino","status":"publish","type":"page","link":"http:\/\/winwinbet.games\/br\/casino\/","title":{"rendered":"Cassino"},"content":{"rendered":"","protected":false},"excerpt":{"rendered":"","protected":false},"author":1,"featured_media":0,"parent":0,"menu_order":0,"comment_status":"closed","ping_status":"closed","template":"","meta":{"footnotes":""},"class_list":["post-331","page","type-page","status-publish","hentry"],"yoast_head":"<!-- This site is optimized with the Yoast SEO plugin v26.6 - https:\/\/yoast.com\/wordpress\/plugins\/seo\/ -->\n<title>WinWin Casino \u2014 Mais de 8.000 ca\u00e7a-n\u00edqueis e jogos ao vivo, b\u00f4nus de at\u00e9 2 500 BRL<\/title>\n<meta name=\"description\" content=\"Casino online WinWin Brasil \u2014 Mais de 8.000 jogos, ca\u00e7a-n\u00edqueis, roleta e jogos ao vivo com crupi\u00eas reais. Cadastro r\u00e1pido, b\u00f4nus de boas-vindas de at\u00e9 2 500 BRL, promo\u00e7\u00f5es di\u00e1rias e pagamentos instant\u00e2neos para todos os jogadores.\" \/>\n<meta name=\"robots\" content=\"index, follow, max-snippet:-1, max-image-preview:large, max-video-preview:-1\" \/>\n<meta property=\"og:locale\" content=\"pt_BR\" \/>\n<meta property=\"og:type\" content=\"article\" \/>\n<meta property=\"og:title\" content=\"WinWin Casino \u2014 Mais de 8.000 ca\u00e7a-n\u00edqueis e jogos ao vivo, b\u00f4nus de at\u00e9 2 500 BRL\" \/>\n<meta property=\"og:description\" content=\"Casino online WinWin Brasil \u2014 Mais de 8.000 jogos, ca\u00e7a-n\u00edqueis, roleta e jogos ao vivo com crupi\u00eas reais. Cadastro r\u00e1pido, b\u00f4nus de boas-vindas de at\u00e9 2 500 BRL, promo\u00e7\u00f5es di\u00e1rias e pagamentos instant\u00e2neos para todos os jogadores.\" \/>\n<meta property=\"og:url\" content=\"http:\/\/winwinbet.games\/br\/casino\/\" \/>\n<meta property=\"og:site_name\" content=\"Winwinbet Games BR\" \/>\n<meta property=\"article:modified_time\" content=\"2026-04-28T18:46:35+00:00\" \/>\n<meta name=\"twitter:card\" content=\"summary_large_image\" \/>\n<script type=\"application\/ld+json\" class=\"yoast-schema-graph\">{\"@context\":\"https:\/\/schema.org\",\"@graph\":[{\"@type\":\"WebPage\",\"@id\":\"http:\/\/winwinbet.games\/br\/casino\/\",\"url\":\"http:\/\/winwinbet.games\/br\/casino\/\",\"name\":\"WinWin Casino \u2014 Mais de 8.000 ca\u00e7a-n\u00edqueis e jogos ao vivo, b\u00f4nus de at\u00e9 2 500 BRL\",\"isPartOf\":{\"@id\":\"http:\/\/winwinbet.games\/br\/#website\"},\"datePublished\":\"2026-04-09T07:48:45+00:00\",\"dateModified\":\"2026-04-28T18:46:35+00:00\",\"description\":\"Casino online WinWin Brasil \u2014 Mais de 8.000 jogos, ca\u00e7a-n\u00edqueis, roleta e jogos ao vivo com crupi\u00eas reais. Cadastro r\u00e1pido, b\u00f4nus de boas-vindas de at\u00e9 2 500 BRL, promo\u00e7\u00f5es di\u00e1rias e pagamentos instant\u00e2neos para todos os jogadores.\",\"breadcrumb\":{\"@id\":\"http:\/\/winwinbet.games\/br\/casino\/#breadcrumb\"},\"inLanguage\":\"pt-BR\",\"potentialAction\":[{\"@type\":\"ReadAction\",\"target\":[\"http:\/\/winwinbet.games\/br\/casino\/\"]}]},{\"@type\":\"BreadcrumbList\",\"@id\":\"http:\/\/winwinbet.games\/br\/casino\/#breadcrumb\",\"itemListElement\":[{\"@type\":\"ListItem\",\"position\":1,\"name\":\"Home\",\"item\":\"http:\/\/winwinbet.games\/br\/\"},{\"@type\":\"ListItem\",\"position\":2,\"name\":\"Cassino\"}]},{\"@type\":\"WebSite\",\"@id\":\"http:\/\/winwinbet.games\/br\/#website\",\"url\":\"http:\/\/winwinbet.games\/br\/\",\"name\":\"Winwinbet Games BR\",\"description\":\"My WordPress Blog\",\"potentialAction\":[{\"@type\":\"SearchAction\",\"target\":{\"@type\":\"EntryPoint\",\"urlTemplate\":\"http:\/\/winwinbet.games\/br\/?s={search_term_string}\"},\"query-input\":{\"@type\":\"PropertyValueSpecification\",\"valueRequired\":true,\"valueName\":\"search_term_string\"}}],\"inLanguage\":\"pt-BR\"}]}<\/script>\n<!-- \/ Yoast SEO plugin. -->","yoast_head_json":{"title":"WinWin Casino \u2014 Mais de 8.000 ca\u00e7a-n\u00edqueis e jogos ao vivo, b\u00f4nus de at\u00e9 2 500 BRL","description":"Casino online WinWin Brasil \u2014 Mais de 8.000 jogos, ca\u00e7a-n\u00edqueis, roleta e jogos ao vivo com crupi\u00eas reais. Cadastro r\u00e1pido, b\u00f4nus de boas-vindas de at\u00e9 2 500 BRL, promo\u00e7\u00f5es di\u00e1rias e pagamentos instant\u00e2neos para todos os jogadores.","robots":{"index":"index","follow":"follow","max-snippet":"max-snippet:-1","max-image-preview":"max-image-preview:large","max-video-preview":"max-video-preview:-1"},"og_locale":"pt_BR","og_type":"article","og_title":"WinWin Casino \u2014 Mais de 8.000 ca\u00e7a-n\u00edqueis e jogos ao vivo, b\u00f4nus de at\u00e9 2 500 BRL","og_description":"Casino online WinWin Brasil \u2014 Mais de 8.000 jogos, ca\u00e7a-n\u00edqueis, roleta e jogos ao vivo com crupi\u00eas reais. Cadastro r\u00e1pido, b\u00f4nus de boas-vindas de at\u00e9 2 500 BRL, promo\u00e7\u00f5es di\u00e1rias e pagamentos instant\u00e2neos para todos os jogadores.","og_url":"http:\/\/winwinbet.games\/br\/casino\/","og_site_name":"Winwinbet Games BR","article_modified_time":"2026-04-28T18:46:35+00:00","twitter_card":"summary_large_image","schema":{"@context":"https:\/\/schema.org","@graph":[{"@type":"WebPage","@id":"http:\/\/winwinbet.games\/br\/casino\/","url":"http:\/\/winwinbet.games\/br\/casino\/","name":"WinWin Casino \u2014 Mais de 8.000 ca\u00e7a-n\u00edqueis e jogos ao vivo, b\u00f4nus de at\u00e9 2 500 BRL","isPartOf":{"@id":"http:\/\/winwinbet.games\/br\/#website"},"datePublished":"2026-04-09T07:48:45+00:00","dateModified":"2026-04-28T18:46:35+00:00","description":"Casino online WinWin Brasil \u2014 Mais de 8.000 jogos, ca\u00e7a-n\u00edqueis, roleta e jogos ao vivo com crupi\u00eas reais. Cadastro r\u00e1pido, b\u00f4nus de boas-vindas de at\u00e9 2 500 BRL, promo\u00e7\u00f5es di\u00e1rias e pagamentos instant\u00e2neos para todos os jogadores.","breadcrumb":{"@id":"http:\/\/winwinbet.games\/br\/casino\/#breadcrumb"},"inLanguage":"pt-BR","potentialAction":[{"@type":"ReadAction","target":["http:\/\/winwinbet.games\/br\/casino\/"]}]},{"@type":"BreadcrumbList","@id":"http:\/\/winwinbet.games\/br\/casino\/#breadcrumb","itemListElement":[{"@type":"ListItem","position":1,"name":"Home","item":"http:\/\/winwinbet.games\/br\/"},{"@type":"ListItem","position":2,"name":"Cassino"}]},{"@type":"WebSite","@id":"http:\/\/winwinbet.games\/br\/#website","url":"http:\/\/winwinbet.games\/br\/","name":"Winwinbet Games BR","description":"My WordPress Blog","potentialAction":[{"@type":"SearchAction","target":{"@type":"EntryPoint","urlTemplate":"http:\/\/winwinbet.games\/br\/?s={search_term_string}"},"query-input":{"@type":"PropertyValueSpecification","valueRequired":true,"valueName":"search_term_string"}}],"inLanguage":"pt-BR"}]}},"_links":{"self":[{"href":"http:\/\/winwinbet.games\/br\/wp-json\/wp\/v2\/pages\/331","targetHints":{"allow":["GET"]}}],"collection":[{"href":"http:\/\/winwinbet.games\/br\/wp-json\/wp\/v2\/pages"}],"about":[{"href":"http:\/\/winwinbet.games\/br\/wp-json\/wp\/v2\/types\/page"}],"author":[{"embeddable":true,"href":"http:\/\/winwinbet.games\/br\/wp-json\/wp\/v2\/users\/1"}],"replies":[{"embeddable":true,"href":"http:\/\/winwinbet.games\/br\/wp-json\/wp\/v2\/comments?post=331"}],"version-history":[{"count":5,"href":"http:\/\/winwinbet.games\/br\/wp-json\/wp\/v2\/pages\/331\/revisions"}],"predecessor-version":[{"id":464,"href":"http:\/\/winwinbet.games\/br\/wp-json\/wp\/v2\/pages\/331\/revisions\/464"}],"wp:attachment":[{"href":"http:\/\/winwinbet.games\/br\/wp-json\/wp\/v2\/media?parent=331"}],"curies":[{"name":"wp","href":"https:\/\/api.w.org\/{rel}","templated":true}]}}