{"id":364,"date":"2026-04-10T14:48:54","date_gmt":"2026-04-10T14:48:54","guid":{"rendered":"https:\/\/winwinbet.games\/br\/?page_id=364"},"modified":"2026-04-28T19:54:43","modified_gmt":"2026-04-28T19:54:43","slug":"promo-code","status":"publish","type":"page","link":"http:\/\/winwinbet.games\/br\/promo-code\/","title":{"rendered":"C\u00f3digo promocional"},"content":{"rendered":"","protected":false},"excerpt":{"rendered":"","protected":false},"author":1,"featured_media":0,"parent":0,"menu_order":0,"comment_status":"closed","ping_status":"closed","template":"","meta":{"footnotes":""},"class_list":["post-364","page","type-page","status-publish","hentry"],"yoast_head":"<!-- This site is optimized with the Yoast SEO plugin v26.6 - https:\/\/yoast.com\/wordpress\/plugins\/seo\/ -->\n<title>C\u00f3digos promocionais da WinWin Bet 2026 \u2014 Ativar b\u00f4nus e promo\u00e7\u00f5es<\/title>\n<meta name=\"description\" content=\"Resgate os c\u00f3digos promocionais da WinWin Bet Brasil \u2014 b\u00f4nus exclusivos, aumentos de dep\u00f3sito, reembolsos por perdas e brindes para jogadores selecionados. Uma estrat\u00e9gia vencedora de longo prazo para ca\u00e7a-n\u00edqueis e cassino ao vivo. Resgate suas ofertas agora para uma experi\u00eancia de jogo lucrativa!\" \/>\n<meta name=\"robots\" content=\"index, follow, max-snippet:-1, max-image-preview:large, max-video-preview:-1\" \/>\n<meta property=\"og:locale\" content=\"pt_BR\" \/>\n<meta property=\"og:type\" content=\"article\" \/>\n<meta property=\"og:title\" content=\"C\u00f3digos promocionais da WinWin Bet 2026 \u2014 Ativar b\u00f4nus e promo\u00e7\u00f5es\" \/>\n<meta property=\"og:description\" content=\"Resgate os c\u00f3digos promocionais da WinWin Bet Brasil \u2014 b\u00f4nus exclusivos, aumentos de dep\u00f3sito, reembolsos por perdas e brindes para jogadores selecionados. Uma estrat\u00e9gia vencedora de longo prazo para ca\u00e7a-n\u00edqueis e cassino ao vivo. Resgate suas ofertas agora para uma experi\u00eancia de jogo lucrativa!\" \/>\n<meta property=\"og:url\" content=\"http:\/\/winwinbet.games\/br\/promo-code\/\" \/>\n<meta property=\"og:site_name\" content=\"Winwinbet Games BR\" \/>\n<meta property=\"article:modified_time\" content=\"2026-04-28T19:54:43+00:00\" \/>\n<meta name=\"twitter:card\" content=\"summary_large_image\" \/>\n<script type=\"application\/ld+json\" class=\"yoast-schema-graph\">{\"@context\":\"https:\/\/schema.org\",\"@graph\":[{\"@type\":\"WebPage\",\"@id\":\"http:\/\/winwinbet.games\/br\/promo-code\/\",\"url\":\"http:\/\/winwinbet.games\/br\/promo-code\/\",\"name\":\"C\u00f3digos promocionais da WinWin Bet 2026 \u2014 Ativar b\u00f4nus e promo\u00e7\u00f5es\",\"isPartOf\":{\"@id\":\"http:\/\/winwinbet.games\/br\/#website\"},\"datePublished\":\"2026-04-10T14:48:54+00:00\",\"dateModified\":\"2026-04-28T19:54:43+00:00\",\"description\":\"Resgate os c\u00f3digos promocionais da WinWin Bet Brasil \u2014 b\u00f4nus exclusivos, aumentos de dep\u00f3sito, reembolsos por perdas e brindes para jogadores selecionados. Uma estrat\u00e9gia vencedora de longo prazo para ca\u00e7a-n\u00edqueis e cassino ao vivo. Resgate suas ofertas agora para uma experi\u00eancia de jogo lucrativa!\",\"breadcrumb\":{\"@id\":\"http:\/\/winwinbet.games\/br\/promo-code\/#breadcrumb\"},\"inLanguage\":\"pt-BR\",\"potentialAction\":[{\"@type\":\"ReadAction\",\"target\":[\"http:\/\/winwinbet.games\/br\/promo-code\/\"]}]},{\"@type\":\"BreadcrumbList\",\"@id\":\"http:\/\/winwinbet.games\/br\/promo-code\/#breadcrumb\",\"itemListElement\":[{\"@type\":\"ListItem\",\"position\":1,\"name\":\"Home\",\"item\":\"http:\/\/winwinbet.games\/br\/\"},{\"@type\":\"ListItem\",\"position\":2,\"name\":\"C\u00f3digo promocional\"}]},{\"@type\":\"WebSite\",\"@id\":\"http:\/\/winwinbet.games\/br\/#website\",\"url\":\"http:\/\/winwinbet.games\/br\/\",\"name\":\"Winwinbet Games BR\",\"description\":\"My WordPress Blog\",\"potentialAction\":[{\"@type\":\"SearchAction\",\"target\":{\"@type\":\"EntryPoint\",\"urlTemplate\":\"http:\/\/winwinbet.games\/br\/?s={search_term_string}\"},\"query-input\":{\"@type\":\"PropertyValueSpecification\",\"valueRequired\":true,\"valueName\":\"search_term_string\"}}],\"inLanguage\":\"pt-BR\"}]}<\/script>\n<!-- \/ Yoast SEO plugin. -->","yoast_head_json":{"title":"C\u00f3digos promocionais da WinWin Bet 2026 \u2014 Ativar b\u00f4nus e promo\u00e7\u00f5es","description":"Resgate os c\u00f3digos promocionais da WinWin Bet Brasil \u2014 b\u00f4nus exclusivos, aumentos de dep\u00f3sito, reembolsos por perdas e brindes para jogadores selecionados. Uma estrat\u00e9gia vencedora de longo prazo para ca\u00e7a-n\u00edqueis e cassino ao vivo. Resgate suas ofertas agora para uma experi\u00eancia de jogo lucrativa!","robots":{"index":"index","follow":"follow","max-snippet":"max-snippet:-1","max-image-preview":"max-image-preview:large","max-video-preview":"max-video-preview:-1"},"og_locale":"pt_BR","og_type":"article","og_title":"C\u00f3digos promocionais da WinWin Bet 2026 \u2014 Ativar b\u00f4nus e promo\u00e7\u00f5es","og_description":"Resgate os c\u00f3digos promocionais da WinWin Bet Brasil \u2014 b\u00f4nus exclusivos, aumentos de dep\u00f3sito, reembolsos por perdas e brindes para jogadores selecionados. Uma estrat\u00e9gia vencedora de longo prazo para ca\u00e7a-n\u00edqueis e cassino ao vivo. Resgate suas ofertas agora para uma experi\u00eancia de jogo lucrativa!","og_url":"http:\/\/winwinbet.games\/br\/promo-code\/","og_site_name":"Winwinbet Games BR","article_modified_time":"2026-04-28T19:54:43+00:00","twitter_card":"summary_large_image","schema":{"@context":"https:\/\/schema.org","@graph":[{"@type":"WebPage","@id":"http:\/\/winwinbet.games\/br\/promo-code\/","url":"http:\/\/winwinbet.games\/br\/promo-code\/","name":"C\u00f3digos promocionais da WinWin Bet 2026 \u2014 Ativar b\u00f4nus e promo\u00e7\u00f5es","isPartOf":{"@id":"http:\/\/winwinbet.games\/br\/#website"},"datePublished":"2026-04-10T14:48:54+00:00","dateModified":"2026-04-28T19:54:43+00:00","description":"Resgate os c\u00f3digos promocionais da WinWin Bet Brasil \u2014 b\u00f4nus exclusivos, aumentos de dep\u00f3sito, reembolsos por perdas e brindes para jogadores selecionados. Uma estrat\u00e9gia vencedora de longo prazo para ca\u00e7a-n\u00edqueis e cassino ao vivo. Resgate suas ofertas agora para uma experi\u00eancia de jogo lucrativa!","breadcrumb":{"@id":"http:\/\/winwinbet.games\/br\/promo-code\/#breadcrumb"},"inLanguage":"pt-BR","potentialAction":[{"@type":"ReadAction","target":["http:\/\/winwinbet.games\/br\/promo-code\/"]}]},{"@type":"BreadcrumbList","@id":"http:\/\/winwinbet.games\/br\/promo-code\/#breadcrumb","itemListElement":[{"@type":"ListItem","position":1,"name":"Home","item":"http:\/\/winwinbet.games\/br\/"},{"@type":"ListItem","position":2,"name":"C\u00f3digo promocional"}]},{"@type":"WebSite","@id":"http:\/\/winwinbet.games\/br\/#website","url":"http:\/\/winwinbet.games\/br\/","name":"Winwinbet Games BR","description":"My WordPress Blog","potentialAction":[{"@type":"SearchAction","target":{"@type":"EntryPoint","urlTemplate":"http:\/\/winwinbet.games\/br\/?s={search_term_string}"},"query-input":{"@type":"PropertyValueSpecification","valueRequired":true,"valueName":"search_term_string"}}],"inLanguage":"pt-BR"}]}},"_links":{"self":[{"href":"http:\/\/winwinbet.games\/br\/wp-json\/wp\/v2\/pages\/364","targetHints":{"allow":["GET"]}}],"collection":[{"href":"http:\/\/winwinbet.games\/br\/wp-json\/wp\/v2\/pages"}],"about":[{"href":"http:\/\/winwinbet.games\/br\/wp-json\/wp\/v2\/types\/page"}],"author":[{"embeddable":true,"href":"http:\/\/winwinbet.games\/br\/wp-json\/wp\/v2\/users\/1"}],"replies":[{"embeddable":true,"href":"http:\/\/winwinbet.games\/br\/wp-json\/wp\/v2\/comments?post=364"}],"version-history":[{"count":5,"href":"http:\/\/winwinbet.games\/br\/wp-json\/wp\/v2\/pages\/364\/revisions"}],"predecessor-version":[{"id":472,"href":"http:\/\/winwinbet.games\/br\/wp-json\/wp\/v2\/pages\/364\/revisions\/472"}],"wp:attachment":[{"href":"http:\/\/winwinbet.games\/br\/wp-json\/wp\/v2\/media?parent=364"}],"curies":[{"name":"wp","href":"https:\/\/api.w.org\/{rel}","templated":true}]}}