{"id":261,"date":"2026-01-14T08:28:16","date_gmt":"2026-01-14T08:28:16","guid":{"rendered":"https:\/\/winwinbet.games\/de\/?page_id=261"},"modified":"2026-04-19T07:51:57","modified_gmt":"2026-04-19T07:51:57","slug":"login","status":"publish","type":"page","link":"http:\/\/winwinbet.games\/de\/login\/","title":{"rendered":"Anmelden"},"content":{"rendered":"","protected":false},"excerpt":{"rendered":"","protected":false},"author":1,"featured_media":0,"parent":0,"menu_order":0,"comment_status":"closed","ping_status":"closed","template":"","meta":{"footnotes":""},"class_list":["post-261","page","type-page","status-publish","hentry"],"yoast_head":"<!-- This site is optimized with the Yoast SEO plugin v26.6 - https:\/\/yoast.com\/wordpress\/plugins\/seo\/ -->\n<title>WinWin Bet Login \u2013 Zugang zum Konto \u00fcber Webseite und App<\/title>\n<meta name=\"description\" content=\"Melden Sie sich \u00fcber die offizielle Website, die Mirror-Seite oder die mobile App bei Ihrem pers\u00f6nlichen WinWin Bet-Konto an. Anleitungen zum Anmelden, zum Zur\u00fccksetzen Ihres Passworts, zur Zwei-Faktor-Authentifizierung und zum Zugriff auf Ihr Konto bei einer Sperrung. Schnellanmeldung f\u00fcr Wetten und Auszahlungen.\" \/>\n<meta name=\"robots\" content=\"index, follow, max-snippet:-1, max-image-preview:large, max-video-preview:-1\" \/>\n<meta property=\"og:locale\" content=\"de_DE\" \/>\n<meta property=\"og:type\" content=\"article\" \/>\n<meta property=\"og:title\" content=\"WinWin Bet Login \u2013 Zugang zum Konto \u00fcber Webseite und App\" \/>\n<meta property=\"og:description\" content=\"Melden Sie sich \u00fcber die offizielle Website, die Mirror-Seite oder die mobile App bei Ihrem pers\u00f6nlichen WinWin Bet-Konto an. Anleitungen zum Anmelden, zum Zur\u00fccksetzen Ihres Passworts, zur Zwei-Faktor-Authentifizierung und zum Zugriff auf Ihr Konto bei einer Sperrung. Schnellanmeldung f\u00fcr Wetten und Auszahlungen.\" \/>\n<meta property=\"og:url\" content=\"http:\/\/winwinbet.games\/de\/login\/\" \/>\n<meta property=\"og:site_name\" content=\"My Blog DE\" \/>\n<meta property=\"article:modified_time\" content=\"2026-04-19T07:51:57+00:00\" \/>\n<meta name=\"twitter:card\" content=\"summary_large_image\" \/>\n<script type=\"application\/ld+json\" class=\"yoast-schema-graph\">{\"@context\":\"https:\/\/schema.org\",\"@graph\":[{\"@type\":\"WebPage\",\"@id\":\"http:\/\/winwinbet.games\/de\/login\/\",\"url\":\"http:\/\/winwinbet.games\/de\/login\/\",\"name\":\"WinWin Bet Login \u2013 Zugang zum Konto \u00fcber Webseite und App\",\"isPartOf\":{\"@id\":\"http:\/\/winwinbet.games\/de\/#website\"},\"datePublished\":\"2026-01-14T08:28:16+00:00\",\"dateModified\":\"2026-04-19T07:51:57+00:00\",\"description\":\"Melden Sie sich \u00fcber die offizielle Website, die Mirror-Seite oder die mobile App bei Ihrem pers\u00f6nlichen WinWin Bet-Konto an. Anleitungen zum Anmelden, zum Zur\u00fccksetzen Ihres Passworts, zur Zwei-Faktor-Authentifizierung und zum Zugriff auf Ihr Konto bei einer Sperrung. Schnellanmeldung f\u00fcr Wetten und Auszahlungen.\",\"breadcrumb\":{\"@id\":\"http:\/\/winwinbet.games\/de\/login\/#breadcrumb\"},\"inLanguage\":\"de\",\"potentialAction\":[{\"@type\":\"ReadAction\",\"target\":[\"http:\/\/winwinbet.games\/de\/login\/\"]}]},{\"@type\":\"BreadcrumbList\",\"@id\":\"http:\/\/winwinbet.games\/de\/login\/#breadcrumb\",\"itemListElement\":[{\"@type\":\"ListItem\",\"position\":1,\"name\":\"Home\",\"item\":\"http:\/\/winwinbet.games\/de\/\"},{\"@type\":\"ListItem\",\"position\":2,\"name\":\"Anmelden\"}]},{\"@type\":\"WebSite\",\"@id\":\"http:\/\/winwinbet.games\/de\/#website\",\"url\":\"http:\/\/winwinbet.games\/de\/\",\"name\":\"My Blog DE\",\"description\":\"My WordPress Blog\",\"potentialAction\":[{\"@type\":\"SearchAction\",\"target\":{\"@type\":\"EntryPoint\",\"urlTemplate\":\"http:\/\/winwinbet.games\/de\/?s={search_term_string}\"},\"query-input\":{\"@type\":\"PropertyValueSpecification\",\"valueRequired\":true,\"valueName\":\"search_term_string\"}}],\"inLanguage\":\"de\"}]}<\/script>\n<!-- \/ Yoast SEO plugin. -->","yoast_head_json":{"title":"WinWin Bet Login \u2013 Zugang zum Konto \u00fcber Webseite und App","description":"Melden Sie sich \u00fcber die offizielle Website, die Mirror-Seite oder die mobile App bei Ihrem pers\u00f6nlichen WinWin Bet-Konto an. Anleitungen zum Anmelden, zum Zur\u00fccksetzen Ihres Passworts, zur Zwei-Faktor-Authentifizierung und zum Zugriff auf Ihr Konto bei einer Sperrung. Schnellanmeldung f\u00fcr Wetten und Auszahlungen.","robots":{"index":"index","follow":"follow","max-snippet":"max-snippet:-1","max-image-preview":"max-image-preview:large","max-video-preview":"max-video-preview:-1"},"og_locale":"de_DE","og_type":"article","og_title":"WinWin Bet Login \u2013 Zugang zum Konto \u00fcber Webseite und App","og_description":"Melden Sie sich \u00fcber die offizielle Website, die Mirror-Seite oder die mobile App bei Ihrem pers\u00f6nlichen WinWin Bet-Konto an. Anleitungen zum Anmelden, zum Zur\u00fccksetzen Ihres Passworts, zur Zwei-Faktor-Authentifizierung und zum Zugriff auf Ihr Konto bei einer Sperrung. Schnellanmeldung f\u00fcr Wetten und Auszahlungen.","og_url":"http:\/\/winwinbet.games\/de\/login\/","og_site_name":"My Blog DE","article_modified_time":"2026-04-19T07:51:57+00:00","twitter_card":"summary_large_image","schema":{"@context":"https:\/\/schema.org","@graph":[{"@type":"WebPage","@id":"http:\/\/winwinbet.games\/de\/login\/","url":"http:\/\/winwinbet.games\/de\/login\/","name":"WinWin Bet Login \u2013 Zugang zum Konto \u00fcber Webseite und App","isPartOf":{"@id":"http:\/\/winwinbet.games\/de\/#website"},"datePublished":"2026-01-14T08:28:16+00:00","dateModified":"2026-04-19T07:51:57+00:00","description":"Melden Sie sich \u00fcber die offizielle Website, die Mirror-Seite oder die mobile App bei Ihrem pers\u00f6nlichen WinWin Bet-Konto an. Anleitungen zum Anmelden, zum Zur\u00fccksetzen Ihres Passworts, zur Zwei-Faktor-Authentifizierung und zum Zugriff auf Ihr Konto bei einer Sperrung. Schnellanmeldung f\u00fcr Wetten und Auszahlungen.","breadcrumb":{"@id":"http:\/\/winwinbet.games\/de\/login\/#breadcrumb"},"inLanguage":"de","potentialAction":[{"@type":"ReadAction","target":["http:\/\/winwinbet.games\/de\/login\/"]}]},{"@type":"BreadcrumbList","@id":"http:\/\/winwinbet.games\/de\/login\/#breadcrumb","itemListElement":[{"@type":"ListItem","position":1,"name":"Home","item":"http:\/\/winwinbet.games\/de\/"},{"@type":"ListItem","position":2,"name":"Anmelden"}]},{"@type":"WebSite","@id":"http:\/\/winwinbet.games\/de\/#website","url":"http:\/\/winwinbet.games\/de\/","name":"My Blog DE","description":"My WordPress Blog","potentialAction":[{"@type":"SearchAction","target":{"@type":"EntryPoint","urlTemplate":"http:\/\/winwinbet.games\/de\/?s={search_term_string}"},"query-input":{"@type":"PropertyValueSpecification","valueRequired":true,"valueName":"search_term_string"}}],"inLanguage":"de"}]}},"_links":{"self":[{"href":"http:\/\/winwinbet.games\/de\/wp-json\/wp\/v2\/pages\/261","targetHints":{"allow":["GET"]}}],"collection":[{"href":"http:\/\/winwinbet.games\/de\/wp-json\/wp\/v2\/pages"}],"about":[{"href":"http:\/\/winwinbet.games\/de\/wp-json\/wp\/v2\/types\/page"}],"author":[{"embeddable":true,"href":"http:\/\/winwinbet.games\/de\/wp-json\/wp\/v2\/users\/1"}],"replies":[{"embeddable":true,"href":"http:\/\/winwinbet.games\/de\/wp-json\/wp\/v2\/comments?post=261"}],"version-history":[{"count":5,"href":"http:\/\/winwinbet.games\/de\/wp-json\/wp\/v2\/pages\/261\/revisions"}],"predecessor-version":[{"id":466,"href":"http:\/\/winwinbet.games\/de\/wp-json\/wp\/v2\/pages\/261\/revisions\/466"}],"wp:attachment":[{"href":"http:\/\/winwinbet.games\/de\/wp-json\/wp\/v2\/media?parent=261"}],"curies":[{"name":"wp","href":"https:\/\/api.w.org\/{rel}","templated":true}]}}