{"id":261,"date":"2026-01-14T08:28:16","date_gmt":"2026-01-14T08:28:16","guid":{"rendered":"https:\/\/winwinbet.games\/pt\/?page_id=261"},"modified":"2026-04-20T10:28:16","modified_gmt":"2026-04-20T10:28:16","slug":"login","status":"publish","type":"page","link":"http:\/\/winwinbet.games\/pt\/login\/","title":{"rendered":"Iniciar sess\u00e3o"},"content":{"rendered":"","protected":false},"excerpt":{"rendered":"","protected":false},"author":1,"featured_media":0,"parent":0,"menu_order":0,"comment_status":"closed","ping_status":"closed","template":"","meta":{"footnotes":""},"class_list":["post-261","page","type-page","status-publish","hentry"],"yoast_head":"<!-- This site is optimized with the Yoast SEO plugin v26.6 - https:\/\/yoast.com\/wordpress\/plugins\/seo\/ -->\n<title>In\u00edcio de sess\u00e3o na WinWin Bet \u2014 Acesso \u00e0 conta no site e na aplica\u00e7\u00e3o<\/title>\n<meta name=\"description\" content=\"Inicie sess\u00e3o na sua conta pessoal da WinWin Bet atrav\u00e9s do site oficial, do site espelho ou da aplica\u00e7\u00e3o m\u00f3vel. Instru\u00e7\u00f5es para iniciar sess\u00e3o, recuperar a sua palavra-passe, ativar a autentica\u00e7\u00e3o de dois fatores e aceder \u00e0 sua conta em caso de bloqueio. In\u00edcio de sess\u00e3o r\u00e1pido para fazer apostas e levantar fundos.\" \/>\n<meta name=\"robots\" content=\"index, follow, max-snippet:-1, max-image-preview:large, max-video-preview:-1\" \/>\n<meta property=\"og:locale\" content=\"pt_PT\" \/>\n<meta property=\"og:type\" content=\"article\" \/>\n<meta property=\"og:title\" content=\"In\u00edcio de sess\u00e3o na WinWin Bet \u2014 Acesso \u00e0 conta no site e na aplica\u00e7\u00e3o\" \/>\n<meta property=\"og:description\" content=\"Inicie sess\u00e3o na sua conta pessoal da WinWin Bet atrav\u00e9s do site oficial, do site espelho ou da aplica\u00e7\u00e3o m\u00f3vel. Instru\u00e7\u00f5es para iniciar sess\u00e3o, recuperar a sua palavra-passe, ativar a autentica\u00e7\u00e3o de dois fatores e aceder \u00e0 sua conta em caso de bloqueio. In\u00edcio de sess\u00e3o r\u00e1pido para fazer apostas e levantar fundos.\" \/>\n<meta property=\"og:url\" content=\"https:\/\/winwinbet.games\/pt\/login\/\" \/>\n<meta property=\"og:site_name\" content=\"My Blog PT\" \/>\n<meta property=\"article:modified_time\" content=\"2026-04-20T10:28:16+00:00\" \/>\n<meta name=\"twitter:card\" content=\"summary_large_image\" \/>\n<script type=\"application\/ld+json\" class=\"yoast-schema-graph\">{\"@context\":\"https:\/\/schema.org\",\"@graph\":[{\"@type\":\"WebPage\",\"@id\":\"https:\/\/winwinbet.games\/pt\/login\/\",\"url\":\"https:\/\/winwinbet.games\/pt\/login\/\",\"name\":\"In\u00edcio de sess\u00e3o na WinWin Bet \u2014 Acesso \u00e0 conta no site e na aplica\u00e7\u00e3o\",\"isPartOf\":{\"@id\":\"https:\/\/winwinbet.games\/pt\/#website\"},\"datePublished\":\"2026-01-14T08:28:16+00:00\",\"dateModified\":\"2026-04-20T10:28:16+00:00\",\"description\":\"Inicie sess\u00e3o na sua conta pessoal da WinWin Bet atrav\u00e9s do site oficial, do site espelho ou da aplica\u00e7\u00e3o m\u00f3vel. Instru\u00e7\u00f5es para iniciar sess\u00e3o, recuperar a sua palavra-passe, ativar a autentica\u00e7\u00e3o de dois fatores e aceder \u00e0 sua conta em caso de bloqueio. In\u00edcio de sess\u00e3o r\u00e1pido para fazer apostas e levantar fundos.\",\"breadcrumb\":{\"@id\":\"https:\/\/winwinbet.games\/pt\/login\/#breadcrumb\"},\"inLanguage\":\"pt-PT\",\"potentialAction\":[{\"@type\":\"ReadAction\",\"target\":[\"https:\/\/winwinbet.games\/pt\/login\/\"]}]},{\"@type\":\"BreadcrumbList\",\"@id\":\"https:\/\/winwinbet.games\/pt\/login\/#breadcrumb\",\"itemListElement\":[{\"@type\":\"ListItem\",\"position\":1,\"name\":\"Home\",\"item\":\"https:\/\/winwinbet.games\/pt\/\"},{\"@type\":\"ListItem\",\"position\":2,\"name\":\"Iniciar sess\u00e3o\"}]},{\"@type\":\"WebSite\",\"@id\":\"https:\/\/winwinbet.games\/pt\/#website\",\"url\":\"https:\/\/winwinbet.games\/pt\/\",\"name\":\"My Blog PT\",\"description\":\"My WordPress Blog\",\"potentialAction\":[{\"@type\":\"SearchAction\",\"target\":{\"@type\":\"EntryPoint\",\"urlTemplate\":\"https:\/\/winwinbet.games\/pt\/?s={search_term_string}\"},\"query-input\":{\"@type\":\"PropertyValueSpecification\",\"valueRequired\":true,\"valueName\":\"search_term_string\"}}],\"inLanguage\":\"pt-PT\"}]}<\/script>\n<!-- \/ Yoast SEO plugin. -->","yoast_head_json":{"title":"In\u00edcio de sess\u00e3o na WinWin Bet \u2014 Acesso \u00e0 conta no site e na aplica\u00e7\u00e3o","description":"Inicie sess\u00e3o na sua conta pessoal da WinWin Bet atrav\u00e9s do site oficial, do site espelho ou da aplica\u00e7\u00e3o m\u00f3vel. Instru\u00e7\u00f5es para iniciar sess\u00e3o, recuperar a sua palavra-passe, ativar a autentica\u00e7\u00e3o de dois fatores e aceder \u00e0 sua conta em caso de bloqueio. In\u00edcio de sess\u00e3o r\u00e1pido para fazer apostas e levantar fundos.","robots":{"index":"index","follow":"follow","max-snippet":"max-snippet:-1","max-image-preview":"max-image-preview:large","max-video-preview":"max-video-preview:-1"},"og_locale":"pt_PT","og_type":"article","og_title":"In\u00edcio de sess\u00e3o na WinWin Bet \u2014 Acesso \u00e0 conta no site e na aplica\u00e7\u00e3o","og_description":"Inicie sess\u00e3o na sua conta pessoal da WinWin Bet atrav\u00e9s do site oficial, do site espelho ou da aplica\u00e7\u00e3o m\u00f3vel. Instru\u00e7\u00f5es para iniciar sess\u00e3o, recuperar a sua palavra-passe, ativar a autentica\u00e7\u00e3o de dois fatores e aceder \u00e0 sua conta em caso de bloqueio. In\u00edcio de sess\u00e3o r\u00e1pido para fazer apostas e levantar fundos.","og_url":"https:\/\/winwinbet.games\/pt\/login\/","og_site_name":"My Blog PT","article_modified_time":"2026-04-20T10:28:16+00:00","twitter_card":"summary_large_image","schema":{"@context":"https:\/\/schema.org","@graph":[{"@type":"WebPage","@id":"https:\/\/winwinbet.games\/pt\/login\/","url":"https:\/\/winwinbet.games\/pt\/login\/","name":"In\u00edcio de sess\u00e3o na WinWin Bet \u2014 Acesso \u00e0 conta no site e na aplica\u00e7\u00e3o","isPartOf":{"@id":"https:\/\/winwinbet.games\/pt\/#website"},"datePublished":"2026-01-14T08:28:16+00:00","dateModified":"2026-04-20T10:28:16+00:00","description":"Inicie sess\u00e3o na sua conta pessoal da WinWin Bet atrav\u00e9s do site oficial, do site espelho ou da aplica\u00e7\u00e3o m\u00f3vel. Instru\u00e7\u00f5es para iniciar sess\u00e3o, recuperar a sua palavra-passe, ativar a autentica\u00e7\u00e3o de dois fatores e aceder \u00e0 sua conta em caso de bloqueio. In\u00edcio de sess\u00e3o r\u00e1pido para fazer apostas e levantar fundos.","breadcrumb":{"@id":"https:\/\/winwinbet.games\/pt\/login\/#breadcrumb"},"inLanguage":"pt-PT","potentialAction":[{"@type":"ReadAction","target":["https:\/\/winwinbet.games\/pt\/login\/"]}]},{"@type":"BreadcrumbList","@id":"https:\/\/winwinbet.games\/pt\/login\/#breadcrumb","itemListElement":[{"@type":"ListItem","position":1,"name":"Home","item":"https:\/\/winwinbet.games\/pt\/"},{"@type":"ListItem","position":2,"name":"Iniciar sess\u00e3o"}]},{"@type":"WebSite","@id":"https:\/\/winwinbet.games\/pt\/#website","url":"https:\/\/winwinbet.games\/pt\/","name":"My Blog PT","description":"My WordPress Blog","potentialAction":[{"@type":"SearchAction","target":{"@type":"EntryPoint","urlTemplate":"https:\/\/winwinbet.games\/pt\/?s={search_term_string}"},"query-input":{"@type":"PropertyValueSpecification","valueRequired":true,"valueName":"search_term_string"}}],"inLanguage":"pt-PT"}]}},"_links":{"self":[{"href":"http:\/\/winwinbet.games\/pt\/wp-json\/wp\/v2\/pages\/261","targetHints":{"allow":["GET"]}}],"collection":[{"href":"http:\/\/winwinbet.games\/pt\/wp-json\/wp\/v2\/pages"}],"about":[{"href":"http:\/\/winwinbet.games\/pt\/wp-json\/wp\/v2\/types\/page"}],"author":[{"embeddable":true,"href":"http:\/\/winwinbet.games\/pt\/wp-json\/wp\/v2\/users\/1"}],"replies":[{"embeddable":true,"href":"http:\/\/winwinbet.games\/pt\/wp-json\/wp\/v2\/comments?post=261"}],"version-history":[{"count":5,"href":"http:\/\/winwinbet.games\/pt\/wp-json\/wp\/v2\/pages\/261\/revisions"}],"predecessor-version":[{"id":465,"href":"http:\/\/winwinbet.games\/pt\/wp-json\/wp\/v2\/pages\/261\/revisions\/465"}],"wp:attachment":[{"href":"http:\/\/winwinbet.games\/pt\/wp-json\/wp\/v2\/media?parent=261"}],"curies":[{"name":"wp","href":"https:\/\/api.w.org\/{rel}","templated":true}]}}