{"id":279,"date":"2026-04-08T13:22:45","date_gmt":"2026-04-08T13:22:45","guid":{"rendered":"https:\/\/winwinbet.games\/pt\/?page_id=279"},"modified":"2026-04-20T09:21:34","modified_gmt":"2026-04-20T09:21:34","slug":"app","status":"publish","type":"page","link":"http:\/\/winwinbet.games\/pt\/app\/","title":{"rendered":"Aplica\u00e7\u00e3o"},"content":{"rendered":"","protected":false},"excerpt":{"rendered":"","protected":false},"author":1,"featured_media":0,"parent":0,"menu_order":0,"comment_status":"closed","ping_status":"closed","template":"","meta":{"footnotes":""},"class_list":["post-279","page","type-page","status-publish","hentry"],"yoast_head":"<!-- This site is optimized with the Yoast SEO plugin v26.6 - https:\/\/yoast.com\/wordpress\/plugins\/seo\/ -->\n<title>Aplica\u00e7\u00e3o WinWin Bet \u2014 Descarregue gratuitamente para Android e iOS<\/title>\n<meta name=\"description\" content=\"Descarregue a aplica\u00e7\u00e3o WinWin Bet para Android e iOS e tenha acesso total \u00e0s apostas desportivas e aos jogos de casino online a partir do seu telem\u00f3vel. APK pr\u00e1tico, in\u00edcio de sess\u00e3o r\u00e1pido, b\u00f3nus para novos jogadores e apoio ao cliente 24 horas por dia\" \/>\n<meta name=\"robots\" content=\"index, follow, max-snippet:-1, max-image-preview:large, max-video-preview:-1\" \/>\n<meta property=\"og:locale\" content=\"pt_PT\" \/>\n<meta property=\"og:type\" content=\"article\" \/>\n<meta property=\"og:title\" content=\"Aplica\u00e7\u00e3o WinWin Bet \u2014 Descarregue gratuitamente para Android e iOS\" \/>\n<meta property=\"og:description\" content=\"Descarregue a aplica\u00e7\u00e3o WinWin Bet para Android e iOS e tenha acesso total \u00e0s apostas desportivas e aos jogos de casino online a partir do seu telem\u00f3vel. APK pr\u00e1tico, in\u00edcio de sess\u00e3o r\u00e1pido, b\u00f3nus para novos jogadores e apoio ao cliente 24 horas por dia\" \/>\n<meta property=\"og:url\" content=\"http:\/\/winwinbet.games\/pt\/app\/\" \/>\n<meta property=\"og:site_name\" content=\"My Blog PT\" \/>\n<meta property=\"article:modified_time\" content=\"2026-04-20T09:21:34+00:00\" \/>\n<meta name=\"twitter:card\" content=\"summary_large_image\" \/>\n<script type=\"application\/ld+json\" class=\"yoast-schema-graph\">{\"@context\":\"https:\/\/schema.org\",\"@graph\":[{\"@type\":\"WebPage\",\"@id\":\"http:\/\/winwinbet.games\/pt\/app\/\",\"url\":\"http:\/\/winwinbet.games\/pt\/app\/\",\"name\":\"Aplica\u00e7\u00e3o WinWin Bet \u2014 Descarregue gratuitamente para Android e iOS\",\"isPartOf\":{\"@id\":\"http:\/\/winwinbet.games\/pt\/#website\"},\"datePublished\":\"2026-04-08T13:22:45+00:00\",\"dateModified\":\"2026-04-20T09:21:34+00:00\",\"description\":\"Descarregue a aplica\u00e7\u00e3o WinWin Bet para Android e iOS e tenha acesso total \u00e0s apostas desportivas e aos jogos de casino online a partir do seu telem\u00f3vel. APK pr\u00e1tico, in\u00edcio de sess\u00e3o r\u00e1pido, b\u00f3nus para novos jogadores e apoio ao cliente 24 horas por dia\",\"breadcrumb\":{\"@id\":\"http:\/\/winwinbet.games\/pt\/app\/#breadcrumb\"},\"inLanguage\":\"pt-PT\",\"potentialAction\":[{\"@type\":\"ReadAction\",\"target\":[\"http:\/\/winwinbet.games\/pt\/app\/\"]}]},{\"@type\":\"BreadcrumbList\",\"@id\":\"http:\/\/winwinbet.games\/pt\/app\/#breadcrumb\",\"itemListElement\":[{\"@type\":\"ListItem\",\"position\":1,\"name\":\"Home\",\"item\":\"http:\/\/winwinbet.games\/pt\/\"},{\"@type\":\"ListItem\",\"position\":2,\"name\":\"Aplica\u00e7\u00e3o\"}]},{\"@type\":\"WebSite\",\"@id\":\"http:\/\/winwinbet.games\/pt\/#website\",\"url\":\"http:\/\/winwinbet.games\/pt\/\",\"name\":\"My Blog PT\",\"description\":\"My WordPress Blog\",\"potentialAction\":[{\"@type\":\"SearchAction\",\"target\":{\"@type\":\"EntryPoint\",\"urlTemplate\":\"http:\/\/winwinbet.games\/pt\/?s={search_term_string}\"},\"query-input\":{\"@type\":\"PropertyValueSpecification\",\"valueRequired\":true,\"valueName\":\"search_term_string\"}}],\"inLanguage\":\"pt-PT\"}]}<\/script>\n<!-- \/ Yoast SEO plugin. -->","yoast_head_json":{"title":"Aplica\u00e7\u00e3o WinWin Bet \u2014 Descarregue gratuitamente para Android e iOS","description":"Descarregue a aplica\u00e7\u00e3o WinWin Bet para Android e iOS e tenha acesso total \u00e0s apostas desportivas e aos jogos de casino online a partir do seu telem\u00f3vel. APK pr\u00e1tico, in\u00edcio de sess\u00e3o r\u00e1pido, b\u00f3nus para novos jogadores e apoio ao cliente 24 horas por dia","robots":{"index":"index","follow":"follow","max-snippet":"max-snippet:-1","max-image-preview":"max-image-preview:large","max-video-preview":"max-video-preview:-1"},"og_locale":"pt_PT","og_type":"article","og_title":"Aplica\u00e7\u00e3o WinWin Bet \u2014 Descarregue gratuitamente para Android e iOS","og_description":"Descarregue a aplica\u00e7\u00e3o WinWin Bet para Android e iOS e tenha acesso total \u00e0s apostas desportivas e aos jogos de casino online a partir do seu telem\u00f3vel. APK pr\u00e1tico, in\u00edcio de sess\u00e3o r\u00e1pido, b\u00f3nus para novos jogadores e apoio ao cliente 24 horas por dia","og_url":"http:\/\/winwinbet.games\/pt\/app\/","og_site_name":"My Blog PT","article_modified_time":"2026-04-20T09:21:34+00:00","twitter_card":"summary_large_image","schema":{"@context":"https:\/\/schema.org","@graph":[{"@type":"WebPage","@id":"http:\/\/winwinbet.games\/pt\/app\/","url":"http:\/\/winwinbet.games\/pt\/app\/","name":"Aplica\u00e7\u00e3o WinWin Bet \u2014 Descarregue gratuitamente para Android e iOS","isPartOf":{"@id":"http:\/\/winwinbet.games\/pt\/#website"},"datePublished":"2026-04-08T13:22:45+00:00","dateModified":"2026-04-20T09:21:34+00:00","description":"Descarregue a aplica\u00e7\u00e3o WinWin Bet para Android e iOS e tenha acesso total \u00e0s apostas desportivas e aos jogos de casino online a partir do seu telem\u00f3vel. APK pr\u00e1tico, in\u00edcio de sess\u00e3o r\u00e1pido, b\u00f3nus para novos jogadores e apoio ao cliente 24 horas por dia","breadcrumb":{"@id":"http:\/\/winwinbet.games\/pt\/app\/#breadcrumb"},"inLanguage":"pt-PT","potentialAction":[{"@type":"ReadAction","target":["http:\/\/winwinbet.games\/pt\/app\/"]}]},{"@type":"BreadcrumbList","@id":"http:\/\/winwinbet.games\/pt\/app\/#breadcrumb","itemListElement":[{"@type":"ListItem","position":1,"name":"Home","item":"http:\/\/winwinbet.games\/pt\/"},{"@type":"ListItem","position":2,"name":"Aplica\u00e7\u00e3o"}]},{"@type":"WebSite","@id":"http:\/\/winwinbet.games\/pt\/#website","url":"http:\/\/winwinbet.games\/pt\/","name":"My Blog PT","description":"My WordPress Blog","potentialAction":[{"@type":"SearchAction","target":{"@type":"EntryPoint","urlTemplate":"http:\/\/winwinbet.games\/pt\/?s={search_term_string}"},"query-input":{"@type":"PropertyValueSpecification","valueRequired":true,"valueName":"search_term_string"}}],"inLanguage":"pt-PT"}]}},"_links":{"self":[{"href":"http:\/\/winwinbet.games\/pt\/wp-json\/wp\/v2\/pages\/279","targetHints":{"allow":["GET"]}}],"collection":[{"href":"http:\/\/winwinbet.games\/pt\/wp-json\/wp\/v2\/pages"}],"about":[{"href":"http:\/\/winwinbet.games\/pt\/wp-json\/wp\/v2\/types\/page"}],"author":[{"embeddable":true,"href":"http:\/\/winwinbet.games\/pt\/wp-json\/wp\/v2\/users\/1"}],"replies":[{"embeddable":true,"href":"http:\/\/winwinbet.games\/pt\/wp-json\/wp\/v2\/comments?post=279"}],"version-history":[{"count":5,"href":"http:\/\/winwinbet.games\/pt\/wp-json\/wp\/v2\/pages\/279\/revisions"}],"predecessor-version":[{"id":458,"href":"http:\/\/winwinbet.games\/pt\/wp-json\/wp\/v2\/pages\/279\/revisions\/458"}],"wp:attachment":[{"href":"http:\/\/winwinbet.games\/pt\/wp-json\/wp\/v2\/media?parent=279"}],"curies":[{"name":"wp","href":"https:\/\/api.w.org\/{rel}","templated":true}]}}