{"id":383,"date":"2026-04-12T09:35:12","date_gmt":"2026-04-12T09:35:12","guid":{"rendered":"https:\/\/winwinbet.games\/pt\/?page_id=383"},"modified":"2026-04-20T10:38:56","modified_gmt":"2026-04-20T10:38:56","slug":"registration","status":"publish","type":"page","link":"http:\/\/winwinbet.games\/pt\/registration\/","title":{"rendered":"Inscri\u00e7\u00e3o"},"content":{"rendered":"","protected":false},"excerpt":{"rendered":"","protected":false},"author":1,"featured_media":0,"parent":0,"menu_order":0,"comment_status":"closed","ping_status":"closed","template":"","meta":{"footnotes":""},"class_list":["post-383","page","type-page","status-publish","hentry"],"yoast_head":"<!-- This site is optimized with the Yoast SEO plugin v26.6 - https:\/\/yoast.com\/wordpress\/plugins\/seo\/ -->\n<title>Inscreva-se em WinWin Bet 2026 \u2014 Em 1 minuto + b\u00f3nus<\/title>\n<meta name=\"description\" content=\"Inscreva-se na WinWin Bet \u2013 crie uma conta em apenas um minuto no seu smartphone ou computador. Aceda a slots, jogos de casino ao vivo, b\u00f3nus e ganhos reais sem ficar preso a um computador. Instru\u00e7\u00f5es simples para principiantes \u2013 comece a jogar agora!\" \/>\n<meta name=\"robots\" content=\"index, follow, max-snippet:-1, max-image-preview:large, max-video-preview:-1\" \/>\n<meta property=\"og:locale\" content=\"pt_PT\" \/>\n<meta property=\"og:type\" content=\"article\" \/>\n<meta property=\"og:title\" content=\"Inscreva-se em WinWin Bet 2026 \u2014 Em 1 minuto + b\u00f3nus\" \/>\n<meta property=\"og:description\" content=\"Inscreva-se na WinWin Bet \u2013 crie uma conta em apenas um minuto no seu smartphone ou computador. Aceda a slots, jogos de casino ao vivo, b\u00f3nus e ganhos reais sem ficar preso a um computador. Instru\u00e7\u00f5es simples para principiantes \u2013 comece a jogar agora!\" \/>\n<meta property=\"og:url\" content=\"http:\/\/winwinbet.games\/pt\/registration\/\" \/>\n<meta property=\"og:site_name\" content=\"My Blog PT\" \/>\n<meta property=\"article:modified_time\" content=\"2026-04-20T10:38:56+00:00\" \/>\n<meta name=\"twitter:card\" content=\"summary_large_image\" \/>\n<script type=\"application\/ld+json\" class=\"yoast-schema-graph\">{\"@context\":\"https:\/\/schema.org\",\"@graph\":[{\"@type\":\"WebPage\",\"@id\":\"http:\/\/winwinbet.games\/pt\/registration\/\",\"url\":\"http:\/\/winwinbet.games\/pt\/registration\/\",\"name\":\"Inscreva-se em WinWin Bet 2026 \u2014 Em 1 minuto + b\u00f3nus\",\"isPartOf\":{\"@id\":\"http:\/\/winwinbet.games\/pt\/#website\"},\"datePublished\":\"2026-04-12T09:35:12+00:00\",\"dateModified\":\"2026-04-20T10:38:56+00:00\",\"description\":\"Inscreva-se na WinWin Bet \u2013 crie uma conta em apenas um minuto no seu smartphone ou computador. Aceda a slots, jogos de casino ao vivo, b\u00f3nus e ganhos reais sem ficar preso a um computador. Instru\u00e7\u00f5es simples para principiantes \u2013 comece a jogar agora!\",\"breadcrumb\":{\"@id\":\"http:\/\/winwinbet.games\/pt\/registration\/#breadcrumb\"},\"inLanguage\":\"pt-PT\",\"potentialAction\":[{\"@type\":\"ReadAction\",\"target\":[\"http:\/\/winwinbet.games\/pt\/registration\/\"]}]},{\"@type\":\"BreadcrumbList\",\"@id\":\"http:\/\/winwinbet.games\/pt\/registration\/#breadcrumb\",\"itemListElement\":[{\"@type\":\"ListItem\",\"position\":1,\"name\":\"Home\",\"item\":\"http:\/\/winwinbet.games\/pt\/\"},{\"@type\":\"ListItem\",\"position\":2,\"name\":\"Inscri\u00e7\u00e3o\"}]},{\"@type\":\"WebSite\",\"@id\":\"http:\/\/winwinbet.games\/pt\/#website\",\"url\":\"http:\/\/winwinbet.games\/pt\/\",\"name\":\"My Blog PT\",\"description\":\"My WordPress Blog\",\"potentialAction\":[{\"@type\":\"SearchAction\",\"target\":{\"@type\":\"EntryPoint\",\"urlTemplate\":\"http:\/\/winwinbet.games\/pt\/?s={search_term_string}\"},\"query-input\":{\"@type\":\"PropertyValueSpecification\",\"valueRequired\":true,\"valueName\":\"search_term_string\"}}],\"inLanguage\":\"pt-PT\"}]}<\/script>\n<!-- \/ Yoast SEO plugin. -->","yoast_head_json":{"title":"Inscreva-se em WinWin Bet 2026 \u2014 Em 1 minuto + b\u00f3nus","description":"Inscreva-se na WinWin Bet \u2013 crie uma conta em apenas um minuto no seu smartphone ou computador. Aceda a slots, jogos de casino ao vivo, b\u00f3nus e ganhos reais sem ficar preso a um computador. Instru\u00e7\u00f5es simples para principiantes \u2013 comece a jogar agora!","robots":{"index":"index","follow":"follow","max-snippet":"max-snippet:-1","max-image-preview":"max-image-preview:large","max-video-preview":"max-video-preview:-1"},"og_locale":"pt_PT","og_type":"article","og_title":"Inscreva-se em WinWin Bet 2026 \u2014 Em 1 minuto + b\u00f3nus","og_description":"Inscreva-se na WinWin Bet \u2013 crie uma conta em apenas um minuto no seu smartphone ou computador. Aceda a slots, jogos de casino ao vivo, b\u00f3nus e ganhos reais sem ficar preso a um computador. Instru\u00e7\u00f5es simples para principiantes \u2013 comece a jogar agora!","og_url":"http:\/\/winwinbet.games\/pt\/registration\/","og_site_name":"My Blog PT","article_modified_time":"2026-04-20T10:38:56+00:00","twitter_card":"summary_large_image","schema":{"@context":"https:\/\/schema.org","@graph":[{"@type":"WebPage","@id":"http:\/\/winwinbet.games\/pt\/registration\/","url":"http:\/\/winwinbet.games\/pt\/registration\/","name":"Inscreva-se em WinWin Bet 2026 \u2014 Em 1 minuto + b\u00f3nus","isPartOf":{"@id":"http:\/\/winwinbet.games\/pt\/#website"},"datePublished":"2026-04-12T09:35:12+00:00","dateModified":"2026-04-20T10:38:56+00:00","description":"Inscreva-se na WinWin Bet \u2013 crie uma conta em apenas um minuto no seu smartphone ou computador. Aceda a slots, jogos de casino ao vivo, b\u00f3nus e ganhos reais sem ficar preso a um computador. Instru\u00e7\u00f5es simples para principiantes \u2013 comece a jogar agora!","breadcrumb":{"@id":"http:\/\/winwinbet.games\/pt\/registration\/#breadcrumb"},"inLanguage":"pt-PT","potentialAction":[{"@type":"ReadAction","target":["http:\/\/winwinbet.games\/pt\/registration\/"]}]},{"@type":"BreadcrumbList","@id":"http:\/\/winwinbet.games\/pt\/registration\/#breadcrumb","itemListElement":[{"@type":"ListItem","position":1,"name":"Home","item":"http:\/\/winwinbet.games\/pt\/"},{"@type":"ListItem","position":2,"name":"Inscri\u00e7\u00e3o"}]},{"@type":"WebSite","@id":"http:\/\/winwinbet.games\/pt\/#website","url":"http:\/\/winwinbet.games\/pt\/","name":"My Blog PT","description":"My WordPress Blog","potentialAction":[{"@type":"SearchAction","target":{"@type":"EntryPoint","urlTemplate":"http:\/\/winwinbet.games\/pt\/?s={search_term_string}"},"query-input":{"@type":"PropertyValueSpecification","valueRequired":true,"valueName":"search_term_string"}}],"inLanguage":"pt-PT"}]}},"_links":{"self":[{"href":"http:\/\/winwinbet.games\/pt\/wp-json\/wp\/v2\/pages\/383","targetHints":{"allow":["GET"]}}],"collection":[{"href":"http:\/\/winwinbet.games\/pt\/wp-json\/wp\/v2\/pages"}],"about":[{"href":"http:\/\/winwinbet.games\/pt\/wp-json\/wp\/v2\/types\/page"}],"author":[{"embeddable":true,"href":"http:\/\/winwinbet.games\/pt\/wp-json\/wp\/v2\/users\/1"}],"replies":[{"embeddable":true,"href":"http:\/\/winwinbet.games\/pt\/wp-json\/wp\/v2\/comments?post=383"}],"version-history":[{"count":5,"href":"http:\/\/winwinbet.games\/pt\/wp-json\/wp\/v2\/pages\/383\/revisions"}],"predecessor-version":[{"id":471,"href":"http:\/\/winwinbet.games\/pt\/wp-json\/wp\/v2\/pages\/383\/revisions\/471"}],"wp:attachment":[{"href":"http:\/\/winwinbet.games\/pt\/wp-json\/wp\/v2\/media?parent=383"}],"curies":[{"name":"wp","href":"https:\/\/api.w.org\/{rel}","templated":true}]}}