{"id":405,"date":"2026-04-13T09:11:26","date_gmt":"2026-04-13T09:11:26","guid":{"rendered":"https:\/\/winwinbet.games\/pt\/?page_id=405"},"modified":"2026-04-20T08:50:31","modified_gmt":"2026-04-20T08:50:31","slug":"apk","status":"publish","type":"page","link":"http:\/\/winwinbet.games\/pt\/apk\/","title":{"rendered":"Apk"},"content":{"rendered":"","protected":false},"excerpt":{"rendered":"","protected":false},"author":1,"featured_media":0,"parent":0,"menu_order":0,"comment_status":"closed","ping_status":"closed","template":"","meta":{"footnotes":""},"class_list":["post-405","page","type-page","status-publish","hentry"],"yoast_head":"<!-- This site is optimized with the Yoast SEO plugin v26.6 - https:\/\/yoast.com\/wordpress\/plugins\/seo\/ -->\n<title>WinWinBet APK \u2014 Descarregue e instale no Android 2026 de gra\u00e7a<\/title>\n<meta name=\"description\" content=\"Descarregue gratuitamente o APK do WinWinBet para Android! Instale a aplica\u00e7\u00e3o no seu smartphone ou tablet em poucos minutos \u2013 desfrute de slots, casino ao vivo e b\u00f3nus onde quer que esteja. Acesso r\u00e1pido aos jogos sem precisar de um computador, perfeito para utilizadores de dispositivos m\u00f3veis.\" \/>\n<meta name=\"robots\" content=\"index, follow, max-snippet:-1, max-image-preview:large, max-video-preview:-1\" \/>\n<meta property=\"og:locale\" content=\"pt_PT\" \/>\n<meta property=\"og:type\" content=\"article\" \/>\n<meta property=\"og:title\" content=\"WinWinBet APK \u2014 Descarregue e instale no Android 2026 de gra\u00e7a\" \/>\n<meta property=\"og:description\" content=\"Descarregue gratuitamente o APK do WinWinBet para Android! Instale a aplica\u00e7\u00e3o no seu smartphone ou tablet em poucos minutos \u2013 desfrute de slots, casino ao vivo e b\u00f3nus onde quer que esteja. Acesso r\u00e1pido aos jogos sem precisar de um computador, perfeito para utilizadores de dispositivos m\u00f3veis.\" \/>\n<meta property=\"og:url\" content=\"http:\/\/winwinbet.games\/pt\/apk\/\" \/>\n<meta property=\"og:site_name\" content=\"My Blog PT\" \/>\n<meta property=\"article:modified_time\" content=\"2026-04-20T08:50:31+00:00\" \/>\n<meta name=\"twitter:card\" content=\"summary_large_image\" \/>\n<script type=\"application\/ld+json\" class=\"yoast-schema-graph\">{\"@context\":\"https:\/\/schema.org\",\"@graph\":[{\"@type\":\"WebPage\",\"@id\":\"http:\/\/winwinbet.games\/pt\/apk\/\",\"url\":\"http:\/\/winwinbet.games\/pt\/apk\/\",\"name\":\"WinWinBet APK \u2014 Descarregue e instale no Android 2026 de gra\u00e7a\",\"isPartOf\":{\"@id\":\"http:\/\/winwinbet.games\/pt\/#website\"},\"datePublished\":\"2026-04-13T09:11:26+00:00\",\"dateModified\":\"2026-04-20T08:50:31+00:00\",\"description\":\"Descarregue gratuitamente o APK do WinWinBet para Android! Instale a aplica\u00e7\u00e3o no seu smartphone ou tablet em poucos minutos \u2013 desfrute de slots, casino ao vivo e b\u00f3nus onde quer que esteja. Acesso r\u00e1pido aos jogos sem precisar de um computador, perfeito para utilizadores de dispositivos m\u00f3veis.\",\"breadcrumb\":{\"@id\":\"http:\/\/winwinbet.games\/pt\/apk\/#breadcrumb\"},\"inLanguage\":\"pt-PT\",\"potentialAction\":[{\"@type\":\"ReadAction\",\"target\":[\"http:\/\/winwinbet.games\/pt\/apk\/\"]}]},{\"@type\":\"BreadcrumbList\",\"@id\":\"http:\/\/winwinbet.games\/pt\/apk\/#breadcrumb\",\"itemListElement\":[{\"@type\":\"ListItem\",\"position\":1,\"name\":\"Home\",\"item\":\"http:\/\/winwinbet.games\/pt\/\"},{\"@type\":\"ListItem\",\"position\":2,\"name\":\"Apk\"}]},{\"@type\":\"WebSite\",\"@id\":\"http:\/\/winwinbet.games\/pt\/#website\",\"url\":\"http:\/\/winwinbet.games\/pt\/\",\"name\":\"My Blog PT\",\"description\":\"My WordPress Blog\",\"potentialAction\":[{\"@type\":\"SearchAction\",\"target\":{\"@type\":\"EntryPoint\",\"urlTemplate\":\"http:\/\/winwinbet.games\/pt\/?s={search_term_string}\"},\"query-input\":{\"@type\":\"PropertyValueSpecification\",\"valueRequired\":true,\"valueName\":\"search_term_string\"}}],\"inLanguage\":\"pt-PT\"}]}<\/script>\n<!-- \/ Yoast SEO plugin. -->","yoast_head_json":{"title":"WinWinBet APK \u2014 Descarregue e instale no Android 2026 de gra\u00e7a","description":"Descarregue gratuitamente o APK do WinWinBet para Android! Instale a aplica\u00e7\u00e3o no seu smartphone ou tablet em poucos minutos \u2013 desfrute de slots, casino ao vivo e b\u00f3nus onde quer que esteja. Acesso r\u00e1pido aos jogos sem precisar de um computador, perfeito para utilizadores de dispositivos m\u00f3veis.","robots":{"index":"index","follow":"follow","max-snippet":"max-snippet:-1","max-image-preview":"max-image-preview:large","max-video-preview":"max-video-preview:-1"},"og_locale":"pt_PT","og_type":"article","og_title":"WinWinBet APK \u2014 Descarregue e instale no Android 2026 de gra\u00e7a","og_description":"Descarregue gratuitamente o APK do WinWinBet para Android! Instale a aplica\u00e7\u00e3o no seu smartphone ou tablet em poucos minutos \u2013 desfrute de slots, casino ao vivo e b\u00f3nus onde quer que esteja. Acesso r\u00e1pido aos jogos sem precisar de um computador, perfeito para utilizadores de dispositivos m\u00f3veis.","og_url":"http:\/\/winwinbet.games\/pt\/apk\/","og_site_name":"My Blog PT","article_modified_time":"2026-04-20T08:50:31+00:00","twitter_card":"summary_large_image","schema":{"@context":"https:\/\/schema.org","@graph":[{"@type":"WebPage","@id":"http:\/\/winwinbet.games\/pt\/apk\/","url":"http:\/\/winwinbet.games\/pt\/apk\/","name":"WinWinBet APK \u2014 Descarregue e instale no Android 2026 de gra\u00e7a","isPartOf":{"@id":"http:\/\/winwinbet.games\/pt\/#website"},"datePublished":"2026-04-13T09:11:26+00:00","dateModified":"2026-04-20T08:50:31+00:00","description":"Descarregue gratuitamente o APK do WinWinBet para Android! Instale a aplica\u00e7\u00e3o no seu smartphone ou tablet em poucos minutos \u2013 desfrute de slots, casino ao vivo e b\u00f3nus onde quer que esteja. Acesso r\u00e1pido aos jogos sem precisar de um computador, perfeito para utilizadores de dispositivos m\u00f3veis.","breadcrumb":{"@id":"http:\/\/winwinbet.games\/pt\/apk\/#breadcrumb"},"inLanguage":"pt-PT","potentialAction":[{"@type":"ReadAction","target":["http:\/\/winwinbet.games\/pt\/apk\/"]}]},{"@type":"BreadcrumbList","@id":"http:\/\/winwinbet.games\/pt\/apk\/#breadcrumb","itemListElement":[{"@type":"ListItem","position":1,"name":"Home","item":"http:\/\/winwinbet.games\/pt\/"},{"@type":"ListItem","position":2,"name":"Apk"}]},{"@type":"WebSite","@id":"http:\/\/winwinbet.games\/pt\/#website","url":"http:\/\/winwinbet.games\/pt\/","name":"My Blog PT","description":"My WordPress Blog","potentialAction":[{"@type":"SearchAction","target":{"@type":"EntryPoint","urlTemplate":"http:\/\/winwinbet.games\/pt\/?s={search_term_string}"},"query-input":{"@type":"PropertyValueSpecification","valueRequired":true,"valueName":"search_term_string"}}],"inLanguage":"pt-PT"}]}},"_links":{"self":[{"href":"http:\/\/winwinbet.games\/pt\/wp-json\/wp\/v2\/pages\/405","targetHints":{"allow":["GET"]}}],"collection":[{"href":"http:\/\/winwinbet.games\/pt\/wp-json\/wp\/v2\/pages"}],"about":[{"href":"http:\/\/winwinbet.games\/pt\/wp-json\/wp\/v2\/types\/page"}],"author":[{"embeddable":true,"href":"http:\/\/winwinbet.games\/pt\/wp-json\/wp\/v2\/users\/1"}],"replies":[{"embeddable":true,"href":"http:\/\/winwinbet.games\/pt\/wp-json\/wp\/v2\/comments?post=405"}],"version-history":[{"count":5,"href":"http:\/\/winwinbet.games\/pt\/wp-json\/wp\/v2\/pages\/405\/revisions"}],"predecessor-version":[{"id":456,"href":"http:\/\/winwinbet.games\/pt\/wp-json\/wp\/v2\/pages\/405\/revisions\/456"}],"wp:attachment":[{"href":"http:\/\/winwinbet.games\/pt\/wp-json\/wp\/v2\/media?parent=405"}],"curies":[{"name":"wp","href":"https:\/\/api.w.org\/{rel}","templated":true}]}}