{"id":2,"date":"2023-05-18T17:18:34","date_gmt":"2023-05-18T17:18:34","guid":{"rendered":"https:\/\/winwinbet.games\/tr\/?page_id=2"},"modified":"2026-04-23T15:05:34","modified_gmt":"2026-04-23T15:05:34","slug":"sample-page","status":"publish","type":"page","link":"http:\/\/winwinbet.games\/tr\/","title":{"rendered":"Ana Sayfa"},"content":{"rendered":"","protected":false},"excerpt":{"rendered":"","protected":false},"author":1,"featured_media":0,"parent":0,"menu_order":0,"comment_status":"closed","ping_status":"open","template":"","meta":{"footnotes":""},"class_list":["post-2","page","type-page","status-publish","hentry"],"yoast_head":"<!-- This site is optimized with the Yoast SEO plugin v26.6 - https:\/\/yoast.com\/wordpress\/plugins\/seo\/ -->\n<title>WinWin Bet \u2014 18.000 TL&#039;ye kadar 0 bonus sunan bahis ve casino sitesi<\/title>\n<meta name=\"description\" content=\"WinWin Bet \u2013 y\u00fcksek oranlar ve h\u0131zl\u0131 kay\u0131t imkan\u0131 sunan spor bahisleri ve \u00e7evrimi\u00e7i kumarhane. Canl\u0131 bahis, 8.000&#039;den fazla oyun, 18.000 TL&#039;ye kadar 0 bonus + 150 \u00fccretsiz d\u00f6n\u00fc\u015f ve an\u0131nda para \u00e7ekme.\" \/>\n<meta name=\"robots\" content=\"index, follow, max-snippet:-1, max-image-preview:large, max-video-preview:-1\" \/>\n<meta property=\"og:locale\" content=\"tr_TR\" \/>\n<meta property=\"og:type\" content=\"article\" \/>\n<meta property=\"og:title\" content=\"WinWin Bet \u2014 18.000 TL&#039;ye kadar 0 bonus sunan bahis ve casino sitesi\" \/>\n<meta property=\"og:description\" content=\"WinWin Bet \u2013 y\u00fcksek oranlar ve h\u0131zl\u0131 kay\u0131t imkan\u0131 sunan spor bahisleri ve \u00e7evrimi\u00e7i kumarhane. Canl\u0131 bahis, 8.000&#039;den fazla oyun, 18.000 TL&#039;ye kadar 0 bonus + 150 \u00fccretsiz d\u00f6n\u00fc\u015f ve an\u0131nda para \u00e7ekme.\" \/>\n<meta property=\"og:url\" content=\"http:\/\/winwinbet.games\/tr\/\" \/>\n<meta property=\"og:site_name\" content=\"My Blog TR\" \/>\n<meta property=\"article:modified_time\" content=\"2026-04-23T15:05:34+00:00\" \/>\n<meta name=\"twitter:card\" content=\"summary_large_image\" \/>\n<script type=\"application\/ld+json\" class=\"yoast-schema-graph\">{\"@context\":\"https:\/\/schema.org\",\"@graph\":[{\"@type\":\"WebPage\",\"@id\":\"http:\/\/winwinbet.games\/tr\/\",\"url\":\"http:\/\/winwinbet.games\/tr\/\",\"name\":\"WinWin Bet \u2014 18.000 TL'ye kadar 0 bonus sunan bahis ve casino sitesi\",\"isPartOf\":{\"@id\":\"http:\/\/winwinbet.games\/tr\/#website\"},\"datePublished\":\"2023-05-18T17:18:34+00:00\",\"dateModified\":\"2026-04-23T15:05:34+00:00\",\"description\":\"WinWin Bet \u2013 y\u00fcksek oranlar ve h\u0131zl\u0131 kay\u0131t imkan\u0131 sunan spor bahisleri ve \u00e7evrimi\u00e7i kumarhane. Canl\u0131 bahis, 8.000'den fazla oyun, 18.000 TL'ye kadar 0 bonus + 150 \u00fccretsiz d\u00f6n\u00fc\u015f ve an\u0131nda para \u00e7ekme.\",\"breadcrumb\":{\"@id\":\"http:\/\/winwinbet.games\/tr\/#breadcrumb\"},\"inLanguage\":\"tr\",\"potentialAction\":[{\"@type\":\"ReadAction\",\"target\":[\"http:\/\/winwinbet.games\/tr\/\"]}]},{\"@type\":\"BreadcrumbList\",\"@id\":\"http:\/\/winwinbet.games\/tr\/#breadcrumb\",\"itemListElement\":[{\"@type\":\"ListItem\",\"position\":1,\"name\":\"Home\",\"item\":\"http:\/\/winwinbet.games\/tr\/\"},{\"@type\":\"ListItem\",\"position\":2,\"name\":\"Ana Sayfa\"}]},{\"@type\":\"WebSite\",\"@id\":\"http:\/\/winwinbet.games\/tr\/#website\",\"url\":\"http:\/\/winwinbet.games\/tr\/\",\"name\":\"My Blog TR\",\"description\":\"My WordPress Blog\",\"potentialAction\":[{\"@type\":\"SearchAction\",\"target\":{\"@type\":\"EntryPoint\",\"urlTemplate\":\"http:\/\/winwinbet.games\/tr\/?s={search_term_string}\"},\"query-input\":{\"@type\":\"PropertyValueSpecification\",\"valueRequired\":true,\"valueName\":\"search_term_string\"}}],\"inLanguage\":\"tr\"}]}<\/script>\n<!-- \/ Yoast SEO plugin. -->","yoast_head_json":{"title":"WinWin Bet \u2014 18.000 TL'ye kadar 0 bonus sunan bahis ve casino sitesi","description":"WinWin Bet \u2013 y\u00fcksek oranlar ve h\u0131zl\u0131 kay\u0131t imkan\u0131 sunan spor bahisleri ve \u00e7evrimi\u00e7i kumarhane. Canl\u0131 bahis, 8.000'den fazla oyun, 18.000 TL'ye kadar 0 bonus + 150 \u00fccretsiz d\u00f6n\u00fc\u015f ve an\u0131nda para \u00e7ekme.","robots":{"index":"index","follow":"follow","max-snippet":"max-snippet:-1","max-image-preview":"max-image-preview:large","max-video-preview":"max-video-preview:-1"},"og_locale":"tr_TR","og_type":"article","og_title":"WinWin Bet \u2014 18.000 TL'ye kadar 0 bonus sunan bahis ve casino sitesi","og_description":"WinWin Bet \u2013 y\u00fcksek oranlar ve h\u0131zl\u0131 kay\u0131t imkan\u0131 sunan spor bahisleri ve \u00e7evrimi\u00e7i kumarhane. Canl\u0131 bahis, 8.000'den fazla oyun, 18.000 TL'ye kadar 0 bonus + 150 \u00fccretsiz d\u00f6n\u00fc\u015f ve an\u0131nda para \u00e7ekme.","og_url":"http:\/\/winwinbet.games\/tr\/","og_site_name":"My Blog TR","article_modified_time":"2026-04-23T15:05:34+00:00","twitter_card":"summary_large_image","schema":{"@context":"https:\/\/schema.org","@graph":[{"@type":"WebPage","@id":"http:\/\/winwinbet.games\/tr\/","url":"http:\/\/winwinbet.games\/tr\/","name":"WinWin Bet \u2014 18.000 TL'ye kadar 0 bonus sunan bahis ve casino sitesi","isPartOf":{"@id":"http:\/\/winwinbet.games\/tr\/#website"},"datePublished":"2023-05-18T17:18:34+00:00","dateModified":"2026-04-23T15:05:34+00:00","description":"WinWin Bet \u2013 y\u00fcksek oranlar ve h\u0131zl\u0131 kay\u0131t imkan\u0131 sunan spor bahisleri ve \u00e7evrimi\u00e7i kumarhane. Canl\u0131 bahis, 8.000'den fazla oyun, 18.000 TL'ye kadar 0 bonus + 150 \u00fccretsiz d\u00f6n\u00fc\u015f ve an\u0131nda para \u00e7ekme.","breadcrumb":{"@id":"http:\/\/winwinbet.games\/tr\/#breadcrumb"},"inLanguage":"tr","potentialAction":[{"@type":"ReadAction","target":["http:\/\/winwinbet.games\/tr\/"]}]},{"@type":"BreadcrumbList","@id":"http:\/\/winwinbet.games\/tr\/#breadcrumb","itemListElement":[{"@type":"ListItem","position":1,"name":"Home","item":"http:\/\/winwinbet.games\/tr\/"},{"@type":"ListItem","position":2,"name":"Ana Sayfa"}]},{"@type":"WebSite","@id":"http:\/\/winwinbet.games\/tr\/#website","url":"http:\/\/winwinbet.games\/tr\/","name":"My Blog TR","description":"My WordPress Blog","potentialAction":[{"@type":"SearchAction","target":{"@type":"EntryPoint","urlTemplate":"http:\/\/winwinbet.games\/tr\/?s={search_term_string}"},"query-input":{"@type":"PropertyValueSpecification","valueRequired":true,"valueName":"search_term_string"}}],"inLanguage":"tr"}]}},"_links":{"self":[{"href":"http:\/\/winwinbet.games\/tr\/wp-json\/wp\/v2\/pages\/2","targetHints":{"allow":["GET"]}}],"collection":[{"href":"http:\/\/winwinbet.games\/tr\/wp-json\/wp\/v2\/pages"}],"about":[{"href":"http:\/\/winwinbet.games\/tr\/wp-json\/wp\/v2\/types\/page"}],"author":[{"embeddable":true,"href":"http:\/\/winwinbet.games\/tr\/wp-json\/wp\/v2\/users\/1"}],"replies":[{"embeddable":true,"href":"http:\/\/winwinbet.games\/tr\/wp-json\/wp\/v2\/comments?post=2"}],"version-history":[{"count":5,"href":"http:\/\/winwinbet.games\/tr\/wp-json\/wp\/v2\/pages\/2\/revisions"}],"predecessor-version":[{"id":475,"href":"http:\/\/winwinbet.games\/tr\/wp-json\/wp\/v2\/pages\/2\/revisions\/475"}],"wp:attachment":[{"href":"http:\/\/winwinbet.games\/tr\/wp-json\/wp\/v2\/media?parent=2"}],"curies":[{"name":"wp","href":"https:\/\/api.w.org\/{rel}","templated":true}]}}