{"id":261,"date":"2026-01-14T08:28:16","date_gmt":"2026-01-14T08:28:16","guid":{"rendered":"https:\/\/winwinbet.games\/tr\/?page_id=261"},"modified":"2026-04-23T13:47:58","modified_gmt":"2026-04-23T13:47:58","slug":"login","status":"publish","type":"page","link":"http:\/\/winwinbet.games\/tr\/login\/","title":{"rendered":"Giri\u015f"},"content":{"rendered":"","protected":false},"excerpt":{"rendered":"","protected":false},"author":1,"featured_media":0,"parent":0,"menu_order":0,"comment_status":"closed","ping_status":"closed","template":"","meta":{"footnotes":""},"class_list":["post-261","page","type-page","status-publish","hentry"],"yoast_head":"<!-- This site is optimized with the Yoast SEO plugin v26.6 - https:\/\/yoast.com\/wordpress\/plugins\/seo\/ -->\n<title>WinWin Bet Giri\u015f \u2014 Web Sitesi ve Uygulamada Hesaba Eri\u015fim<\/title>\n<meta name=\"description\" content=\"Resmi web sitesi, yedek site veya mobil uygulama \u00fczerinden WinWin Bet ki\u015fisel hesab\u0131n\u0131za giri\u015f yap\u0131n. Giri\u015f yapma, \u015fifre kurtarma, iki a\u015famal\u0131 kimlik do\u011frulama ve hesab\u0131n\u0131z engellendi\u011finde eri\u015fim sa\u011flama ile ilgili talimatlar. Bahis oynamak ve para \u00e7ekmek i\u00e7in h\u0131zl\u0131 giri\u015f.\" \/>\n<meta name=\"robots\" content=\"index, follow, max-snippet:-1, max-image-preview:large, max-video-preview:-1\" \/>\n<meta property=\"og:locale\" content=\"tr_TR\" \/>\n<meta property=\"og:type\" content=\"article\" \/>\n<meta property=\"og:title\" content=\"WinWin Bet Giri\u015f \u2014 Web Sitesi ve Uygulamada Hesaba Eri\u015fim\" \/>\n<meta property=\"og:description\" content=\"Resmi web sitesi, yedek site veya mobil uygulama \u00fczerinden WinWin Bet ki\u015fisel hesab\u0131n\u0131za giri\u015f yap\u0131n. Giri\u015f yapma, \u015fifre kurtarma, iki a\u015famal\u0131 kimlik do\u011frulama ve hesab\u0131n\u0131z engellendi\u011finde eri\u015fim sa\u011flama ile ilgili talimatlar. Bahis oynamak ve para \u00e7ekmek i\u00e7in h\u0131zl\u0131 giri\u015f.\" \/>\n<meta property=\"og:url\" content=\"http:\/\/winwinbet.games\/tr\/login\/\" \/>\n<meta property=\"og:site_name\" content=\"My Blog TR\" \/>\n<meta property=\"article:modified_time\" content=\"2026-04-23T13:47:58+00:00\" \/>\n<meta name=\"twitter:card\" content=\"summary_large_image\" \/>\n<script type=\"application\/ld+json\" class=\"yoast-schema-graph\">{\"@context\":\"https:\/\/schema.org\",\"@graph\":[{\"@type\":\"WebPage\",\"@id\":\"http:\/\/winwinbet.games\/tr\/login\/\",\"url\":\"http:\/\/winwinbet.games\/tr\/login\/\",\"name\":\"WinWin Bet Giri\u015f \u2014 Web Sitesi ve Uygulamada Hesaba Eri\u015fim\",\"isPartOf\":{\"@id\":\"http:\/\/winwinbet.games\/tr\/#website\"},\"datePublished\":\"2026-01-14T08:28:16+00:00\",\"dateModified\":\"2026-04-23T13:47:58+00:00\",\"description\":\"Resmi web sitesi, yedek site veya mobil uygulama \u00fczerinden WinWin Bet ki\u015fisel hesab\u0131n\u0131za giri\u015f yap\u0131n. Giri\u015f yapma, \u015fifre kurtarma, iki a\u015famal\u0131 kimlik do\u011frulama ve hesab\u0131n\u0131z engellendi\u011finde eri\u015fim sa\u011flama ile ilgili talimatlar. Bahis oynamak ve para \u00e7ekmek i\u00e7in h\u0131zl\u0131 giri\u015f.\",\"breadcrumb\":{\"@id\":\"http:\/\/winwinbet.games\/tr\/login\/#breadcrumb\"},\"inLanguage\":\"tr\",\"potentialAction\":[{\"@type\":\"ReadAction\",\"target\":[\"http:\/\/winwinbet.games\/tr\/login\/\"]}]},{\"@type\":\"BreadcrumbList\",\"@id\":\"http:\/\/winwinbet.games\/tr\/login\/#breadcrumb\",\"itemListElement\":[{\"@type\":\"ListItem\",\"position\":1,\"name\":\"Home\",\"item\":\"http:\/\/winwinbet.games\/tr\/\"},{\"@type\":\"ListItem\",\"position\":2,\"name\":\"Giri\u015f\"}]},{\"@type\":\"WebSite\",\"@id\":\"http:\/\/winwinbet.games\/tr\/#website\",\"url\":\"http:\/\/winwinbet.games\/tr\/\",\"name\":\"My Blog TR\",\"description\":\"My WordPress Blog\",\"potentialAction\":[{\"@type\":\"SearchAction\",\"target\":{\"@type\":\"EntryPoint\",\"urlTemplate\":\"http:\/\/winwinbet.games\/tr\/?s={search_term_string}\"},\"query-input\":{\"@type\":\"PropertyValueSpecification\",\"valueRequired\":true,\"valueName\":\"search_term_string\"}}],\"inLanguage\":\"tr\"}]}<\/script>\n<!-- \/ Yoast SEO plugin. -->","yoast_head_json":{"title":"WinWin Bet Giri\u015f \u2014 Web Sitesi ve Uygulamada Hesaba Eri\u015fim","description":"Resmi web sitesi, yedek site veya mobil uygulama \u00fczerinden WinWin Bet ki\u015fisel hesab\u0131n\u0131za giri\u015f yap\u0131n. Giri\u015f yapma, \u015fifre kurtarma, iki a\u015famal\u0131 kimlik do\u011frulama ve hesab\u0131n\u0131z engellendi\u011finde eri\u015fim sa\u011flama ile ilgili talimatlar. Bahis oynamak ve para \u00e7ekmek i\u00e7in h\u0131zl\u0131 giri\u015f.","robots":{"index":"index","follow":"follow","max-snippet":"max-snippet:-1","max-image-preview":"max-image-preview:large","max-video-preview":"max-video-preview:-1"},"og_locale":"tr_TR","og_type":"article","og_title":"WinWin Bet Giri\u015f \u2014 Web Sitesi ve Uygulamada Hesaba Eri\u015fim","og_description":"Resmi web sitesi, yedek site veya mobil uygulama \u00fczerinden WinWin Bet ki\u015fisel hesab\u0131n\u0131za giri\u015f yap\u0131n. Giri\u015f yapma, \u015fifre kurtarma, iki a\u015famal\u0131 kimlik do\u011frulama ve hesab\u0131n\u0131z engellendi\u011finde eri\u015fim sa\u011flama ile ilgili talimatlar. Bahis oynamak ve para \u00e7ekmek i\u00e7in h\u0131zl\u0131 giri\u015f.","og_url":"http:\/\/winwinbet.games\/tr\/login\/","og_site_name":"My Blog TR","article_modified_time":"2026-04-23T13:47:58+00:00","twitter_card":"summary_large_image","schema":{"@context":"https:\/\/schema.org","@graph":[{"@type":"WebPage","@id":"http:\/\/winwinbet.games\/tr\/login\/","url":"http:\/\/winwinbet.games\/tr\/login\/","name":"WinWin Bet Giri\u015f \u2014 Web Sitesi ve Uygulamada Hesaba Eri\u015fim","isPartOf":{"@id":"http:\/\/winwinbet.games\/tr\/#website"},"datePublished":"2026-01-14T08:28:16+00:00","dateModified":"2026-04-23T13:47:58+00:00","description":"Resmi web sitesi, yedek site veya mobil uygulama \u00fczerinden WinWin Bet ki\u015fisel hesab\u0131n\u0131za giri\u015f yap\u0131n. Giri\u015f yapma, \u015fifre kurtarma, iki a\u015famal\u0131 kimlik do\u011frulama ve hesab\u0131n\u0131z engellendi\u011finde eri\u015fim sa\u011flama ile ilgili talimatlar. Bahis oynamak ve para \u00e7ekmek i\u00e7in h\u0131zl\u0131 giri\u015f.","breadcrumb":{"@id":"http:\/\/winwinbet.games\/tr\/login\/#breadcrumb"},"inLanguage":"tr","potentialAction":[{"@type":"ReadAction","target":["http:\/\/winwinbet.games\/tr\/login\/"]}]},{"@type":"BreadcrumbList","@id":"http:\/\/winwinbet.games\/tr\/login\/#breadcrumb","itemListElement":[{"@type":"ListItem","position":1,"name":"Home","item":"http:\/\/winwinbet.games\/tr\/"},{"@type":"ListItem","position":2,"name":"Giri\u015f"}]},{"@type":"WebSite","@id":"http:\/\/winwinbet.games\/tr\/#website","url":"http:\/\/winwinbet.games\/tr\/","name":"My Blog TR","description":"My WordPress Blog","potentialAction":[{"@type":"SearchAction","target":{"@type":"EntryPoint","urlTemplate":"http:\/\/winwinbet.games\/tr\/?s={search_term_string}"},"query-input":{"@type":"PropertyValueSpecification","valueRequired":true,"valueName":"search_term_string"}}],"inLanguage":"tr"}]}},"_links":{"self":[{"href":"http:\/\/winwinbet.games\/tr\/wp-json\/wp\/v2\/pages\/261","targetHints":{"allow":["GET"]}}],"collection":[{"href":"http:\/\/winwinbet.games\/tr\/wp-json\/wp\/v2\/pages"}],"about":[{"href":"http:\/\/winwinbet.games\/tr\/wp-json\/wp\/v2\/types\/page"}],"author":[{"embeddable":true,"href":"http:\/\/winwinbet.games\/tr\/wp-json\/wp\/v2\/users\/1"}],"replies":[{"embeddable":true,"href":"http:\/\/winwinbet.games\/tr\/wp-json\/wp\/v2\/comments?post=261"}],"version-history":[{"count":5,"href":"http:\/\/winwinbet.games\/tr\/wp-json\/wp\/v2\/pages\/261\/revisions"}],"predecessor-version":[{"id":465,"href":"http:\/\/winwinbet.games\/tr\/wp-json\/wp\/v2\/pages\/261\/revisions\/465"}],"wp:attachment":[{"href":"http:\/\/winwinbet.games\/tr\/wp-json\/wp\/v2\/media?parent=261"}],"curies":[{"name":"wp","href":"https:\/\/api.w.org\/{rel}","templated":true}]}}