{"id":279,"date":"2026-04-08T13:22:45","date_gmt":"2026-04-08T13:22:45","guid":{"rendered":"https:\/\/winwinbet.games\/tr\/?page_id=279"},"modified":"2026-04-23T12:18:31","modified_gmt":"2026-04-23T12:18:31","slug":"app","status":"publish","type":"page","link":"http:\/\/winwinbet.games\/tr\/app\/","title":{"rendered":"Uygulama"},"content":{"rendered":"","protected":false},"excerpt":{"rendered":"","protected":false},"author":1,"featured_media":0,"parent":0,"menu_order":0,"comment_status":"closed","ping_status":"closed","template":"","meta":{"footnotes":""},"class_list":["post-279","page","type-page","status-publish","hentry"],"yoast_head":"<!-- This site is optimized with the Yoast SEO plugin v26.6 - https:\/\/yoast.com\/wordpress\/plugins\/seo\/ -->\n<title>WinWin Bet Uygulamas\u0131 \u2014 Android ve iOS i\u00e7in \u00dccretsiz \u0130ndir<\/title>\n<meta name=\"description\" content=\"Android ve iOS i\u00e7in WinWin Bet uygulamas\u0131n\u0131 indirin ve telefonunuzdan spor bahisleri ile \u00e7evrimi\u00e7i casino oyunlar\u0131na tam eri\u015fim sa\u011flay\u0131n. Kullan\u0131\u015fl\u0131 APK, h\u0131zl\u0131 giri\u015f, yeni oyunculara \u00f6zel bonus ve 7\/24 destek\" \/>\n<meta name=\"robots\" content=\"index, follow, max-snippet:-1, max-image-preview:large, max-video-preview:-1\" \/>\n<meta property=\"og:locale\" content=\"tr_TR\" \/>\n<meta property=\"og:type\" content=\"article\" \/>\n<meta property=\"og:title\" content=\"WinWin Bet Uygulamas\u0131 \u2014 Android ve iOS i\u00e7in \u00dccretsiz \u0130ndir\" \/>\n<meta property=\"og:description\" content=\"Android ve iOS i\u00e7in WinWin Bet uygulamas\u0131n\u0131 indirin ve telefonunuzdan spor bahisleri ile \u00e7evrimi\u00e7i casino oyunlar\u0131na tam eri\u015fim sa\u011flay\u0131n. Kullan\u0131\u015fl\u0131 APK, h\u0131zl\u0131 giri\u015f, yeni oyunculara \u00f6zel bonus ve 7\/24 destek\" \/>\n<meta property=\"og:url\" content=\"http:\/\/winwinbet.games\/tr\/app\/\" \/>\n<meta property=\"og:site_name\" content=\"My Blog TR\" \/>\n<meta property=\"article:modified_time\" content=\"2026-04-23T12:18:31+00:00\" \/>\n<meta name=\"twitter:card\" content=\"summary_large_image\" \/>\n<script type=\"application\/ld+json\" class=\"yoast-schema-graph\">{\"@context\":\"https:\/\/schema.org\",\"@graph\":[{\"@type\":\"WebPage\",\"@id\":\"http:\/\/winwinbet.games\/tr\/app\/\",\"url\":\"http:\/\/winwinbet.games\/tr\/app\/\",\"name\":\"WinWin Bet Uygulamas\u0131 \u2014 Android ve iOS i\u00e7in \u00dccretsiz \u0130ndir\",\"isPartOf\":{\"@id\":\"http:\/\/winwinbet.games\/tr\/#website\"},\"datePublished\":\"2026-04-08T13:22:45+00:00\",\"dateModified\":\"2026-04-23T12:18:31+00:00\",\"description\":\"Android ve iOS i\u00e7in WinWin Bet uygulamas\u0131n\u0131 indirin ve telefonunuzdan spor bahisleri ile \u00e7evrimi\u00e7i casino oyunlar\u0131na tam eri\u015fim sa\u011flay\u0131n. Kullan\u0131\u015fl\u0131 APK, h\u0131zl\u0131 giri\u015f, yeni oyunculara \u00f6zel bonus ve 7\/24 destek\",\"breadcrumb\":{\"@id\":\"http:\/\/winwinbet.games\/tr\/app\/#breadcrumb\"},\"inLanguage\":\"tr\",\"potentialAction\":[{\"@type\":\"ReadAction\",\"target\":[\"http:\/\/winwinbet.games\/tr\/app\/\"]}]},{\"@type\":\"BreadcrumbList\",\"@id\":\"http:\/\/winwinbet.games\/tr\/app\/#breadcrumb\",\"itemListElement\":[{\"@type\":\"ListItem\",\"position\":1,\"name\":\"Home\",\"item\":\"http:\/\/winwinbet.games\/tr\/\"},{\"@type\":\"ListItem\",\"position\":2,\"name\":\"Uygulama\"}]},{\"@type\":\"WebSite\",\"@id\":\"http:\/\/winwinbet.games\/tr\/#website\",\"url\":\"http:\/\/winwinbet.games\/tr\/\",\"name\":\"My Blog TR\",\"description\":\"My WordPress Blog\",\"potentialAction\":[{\"@type\":\"SearchAction\",\"target\":{\"@type\":\"EntryPoint\",\"urlTemplate\":\"http:\/\/winwinbet.games\/tr\/?s={search_term_string}\"},\"query-input\":{\"@type\":\"PropertyValueSpecification\",\"valueRequired\":true,\"valueName\":\"search_term_string\"}}],\"inLanguage\":\"tr\"}]}<\/script>\n<!-- \/ Yoast SEO plugin. -->","yoast_head_json":{"title":"WinWin Bet Uygulamas\u0131 \u2014 Android ve iOS i\u00e7in \u00dccretsiz \u0130ndir","description":"Android ve iOS i\u00e7in WinWin Bet uygulamas\u0131n\u0131 indirin ve telefonunuzdan spor bahisleri ile \u00e7evrimi\u00e7i casino oyunlar\u0131na tam eri\u015fim sa\u011flay\u0131n. Kullan\u0131\u015fl\u0131 APK, h\u0131zl\u0131 giri\u015f, yeni oyunculara \u00f6zel bonus ve 7\/24 destek","robots":{"index":"index","follow":"follow","max-snippet":"max-snippet:-1","max-image-preview":"max-image-preview:large","max-video-preview":"max-video-preview:-1"},"og_locale":"tr_TR","og_type":"article","og_title":"WinWin Bet Uygulamas\u0131 \u2014 Android ve iOS i\u00e7in \u00dccretsiz \u0130ndir","og_description":"Android ve iOS i\u00e7in WinWin Bet uygulamas\u0131n\u0131 indirin ve telefonunuzdan spor bahisleri ile \u00e7evrimi\u00e7i casino oyunlar\u0131na tam eri\u015fim sa\u011flay\u0131n. Kullan\u0131\u015fl\u0131 APK, h\u0131zl\u0131 giri\u015f, yeni oyunculara \u00f6zel bonus ve 7\/24 destek","og_url":"http:\/\/winwinbet.games\/tr\/app\/","og_site_name":"My Blog TR","article_modified_time":"2026-04-23T12:18:31+00:00","twitter_card":"summary_large_image","schema":{"@context":"https:\/\/schema.org","@graph":[{"@type":"WebPage","@id":"http:\/\/winwinbet.games\/tr\/app\/","url":"http:\/\/winwinbet.games\/tr\/app\/","name":"WinWin Bet Uygulamas\u0131 \u2014 Android ve iOS i\u00e7in \u00dccretsiz \u0130ndir","isPartOf":{"@id":"http:\/\/winwinbet.games\/tr\/#website"},"datePublished":"2026-04-08T13:22:45+00:00","dateModified":"2026-04-23T12:18:31+00:00","description":"Android ve iOS i\u00e7in WinWin Bet uygulamas\u0131n\u0131 indirin ve telefonunuzdan spor bahisleri ile \u00e7evrimi\u00e7i casino oyunlar\u0131na tam eri\u015fim sa\u011flay\u0131n. Kullan\u0131\u015fl\u0131 APK, h\u0131zl\u0131 giri\u015f, yeni oyunculara \u00f6zel bonus ve 7\/24 destek","breadcrumb":{"@id":"http:\/\/winwinbet.games\/tr\/app\/#breadcrumb"},"inLanguage":"tr","potentialAction":[{"@type":"ReadAction","target":["http:\/\/winwinbet.games\/tr\/app\/"]}]},{"@type":"BreadcrumbList","@id":"http:\/\/winwinbet.games\/tr\/app\/#breadcrumb","itemListElement":[{"@type":"ListItem","position":1,"name":"Home","item":"http:\/\/winwinbet.games\/tr\/"},{"@type":"ListItem","position":2,"name":"Uygulama"}]},{"@type":"WebSite","@id":"http:\/\/winwinbet.games\/tr\/#website","url":"http:\/\/winwinbet.games\/tr\/","name":"My Blog TR","description":"My WordPress Blog","potentialAction":[{"@type":"SearchAction","target":{"@type":"EntryPoint","urlTemplate":"http:\/\/winwinbet.games\/tr\/?s={search_term_string}"},"query-input":{"@type":"PropertyValueSpecification","valueRequired":true,"valueName":"search_term_string"}}],"inLanguage":"tr"}]}},"_links":{"self":[{"href":"http:\/\/winwinbet.games\/tr\/wp-json\/wp\/v2\/pages\/279","targetHints":{"allow":["GET"]}}],"collection":[{"href":"http:\/\/winwinbet.games\/tr\/wp-json\/wp\/v2\/pages"}],"about":[{"href":"http:\/\/winwinbet.games\/tr\/wp-json\/wp\/v2\/types\/page"}],"author":[{"embeddable":true,"href":"http:\/\/winwinbet.games\/tr\/wp-json\/wp\/v2\/users\/1"}],"replies":[{"embeddable":true,"href":"http:\/\/winwinbet.games\/tr\/wp-json\/wp\/v2\/comments?post=279"}],"version-history":[{"count":5,"href":"http:\/\/winwinbet.games\/tr\/wp-json\/wp\/v2\/pages\/279\/revisions"}],"predecessor-version":[{"id":458,"href":"http:\/\/winwinbet.games\/tr\/wp-json\/wp\/v2\/pages\/279\/revisions\/458"}],"wp:attachment":[{"href":"http:\/\/winwinbet.games\/tr\/wp-json\/wp\/v2\/media?parent=279"}],"curies":[{"name":"wp","href":"https:\/\/api.w.org\/{rel}","templated":true}]}}