{"id":331,"date":"2026-04-09T07:48:45","date_gmt":"2026-04-09T07:48:45","guid":{"rendered":"https:\/\/winwinbet.games\/tr\/?page_id=331"},"modified":"2026-04-23T13:35:29","modified_gmt":"2026-04-23T13:35:29","slug":"casino","status":"publish","type":"page","link":"http:\/\/winwinbet.games\/tr\/casino\/","title":{"rendered":"Kumarhane"},"content":{"rendered":"","protected":false},"excerpt":{"rendered":"","protected":false},"author":1,"featured_media":0,"parent":0,"menu_order":0,"comment_status":"closed","ping_status":"closed","template":"","meta":{"footnotes":""},"class_list":["post-331","page","type-page","status-publish","hentry"],"yoast_head":"<!-- This site is optimized with the Yoast SEO plugin v26.6 - https:\/\/yoast.com\/wordpress\/plugins\/seo\/ -->\n<title>WinWin Kumarhane \u2014 8000&#039;den fazla slot ve canl\u0131 oyun, 18.000 TL&#039;ye kadar bonus<\/title>\n<meta name=\"description\" content=\"WinWin online casino \u2014 8.000&#039;den fazla oyun, slot, rulet ve ger\u00e7ek krupiye e\u015fli\u011finde canl\u0131 oyunlar. H\u0131zl\u0131 kay\u0131t, 18.000 TL&#039;ye varan ho\u015f geldiniz bonusu, g\u00fcnl\u00fck promosyonlar ve t\u00fcm oyuncular i\u00e7in an\u0131nda para \u00e7ekme imkan\u0131.\" \/>\n<meta name=\"robots\" content=\"index, follow, max-snippet:-1, max-image-preview:large, max-video-preview:-1\" \/>\n<meta property=\"og:locale\" content=\"tr_TR\" \/>\n<meta property=\"og:type\" content=\"article\" \/>\n<meta property=\"og:title\" content=\"WinWin Kumarhane \u2014 8000&#039;den fazla slot ve canl\u0131 oyun, 18.000 TL&#039;ye kadar bonus\" \/>\n<meta property=\"og:description\" content=\"WinWin online casino \u2014 8.000&#039;den fazla oyun, slot, rulet ve ger\u00e7ek krupiye e\u015fli\u011finde canl\u0131 oyunlar. H\u0131zl\u0131 kay\u0131t, 18.000 TL&#039;ye varan ho\u015f geldiniz bonusu, g\u00fcnl\u00fck promosyonlar ve t\u00fcm oyuncular i\u00e7in an\u0131nda para \u00e7ekme imkan\u0131.\" \/>\n<meta property=\"og:url\" content=\"http:\/\/winwinbet.games\/tr\/casino\/\" \/>\n<meta property=\"og:site_name\" content=\"My Blog TR\" \/>\n<meta property=\"article:modified_time\" content=\"2026-04-23T13:35:29+00:00\" \/>\n<meta name=\"twitter:card\" content=\"summary_large_image\" \/>\n<script type=\"application\/ld+json\" class=\"yoast-schema-graph\">{\"@context\":\"https:\/\/schema.org\",\"@graph\":[{\"@type\":\"WebPage\",\"@id\":\"http:\/\/winwinbet.games\/tr\/casino\/\",\"url\":\"http:\/\/winwinbet.games\/tr\/casino\/\",\"name\":\"WinWin Kumarhane \u2014 8000'den fazla slot ve canl\u0131 oyun, 18.000 TL'ye kadar bonus\",\"isPartOf\":{\"@id\":\"http:\/\/winwinbet.games\/tr\/#website\"},\"datePublished\":\"2026-04-09T07:48:45+00:00\",\"dateModified\":\"2026-04-23T13:35:29+00:00\",\"description\":\"WinWin online casino \u2014 8.000'den fazla oyun, slot, rulet ve ger\u00e7ek krupiye e\u015fli\u011finde canl\u0131 oyunlar. H\u0131zl\u0131 kay\u0131t, 18.000 TL'ye varan ho\u015f geldiniz bonusu, g\u00fcnl\u00fck promosyonlar ve t\u00fcm oyuncular i\u00e7in an\u0131nda para \u00e7ekme imkan\u0131.\",\"breadcrumb\":{\"@id\":\"http:\/\/winwinbet.games\/tr\/casino\/#breadcrumb\"},\"inLanguage\":\"tr\",\"potentialAction\":[{\"@type\":\"ReadAction\",\"target\":[\"http:\/\/winwinbet.games\/tr\/casino\/\"]}]},{\"@type\":\"BreadcrumbList\",\"@id\":\"http:\/\/winwinbet.games\/tr\/casino\/#breadcrumb\",\"itemListElement\":[{\"@type\":\"ListItem\",\"position\":1,\"name\":\"Home\",\"item\":\"http:\/\/winwinbet.games\/tr\/\"},{\"@type\":\"ListItem\",\"position\":2,\"name\":\"Kumarhane\"}]},{\"@type\":\"WebSite\",\"@id\":\"http:\/\/winwinbet.games\/tr\/#website\",\"url\":\"http:\/\/winwinbet.games\/tr\/\",\"name\":\"My Blog TR\",\"description\":\"My WordPress Blog\",\"potentialAction\":[{\"@type\":\"SearchAction\",\"target\":{\"@type\":\"EntryPoint\",\"urlTemplate\":\"http:\/\/winwinbet.games\/tr\/?s={search_term_string}\"},\"query-input\":{\"@type\":\"PropertyValueSpecification\",\"valueRequired\":true,\"valueName\":\"search_term_string\"}}],\"inLanguage\":\"tr\"}]}<\/script>\n<!-- \/ Yoast SEO plugin. -->","yoast_head_json":{"title":"WinWin Kumarhane \u2014 8000'den fazla slot ve canl\u0131 oyun, 18.000 TL'ye kadar bonus","description":"WinWin online casino \u2014 8.000'den fazla oyun, slot, rulet ve ger\u00e7ek krupiye e\u015fli\u011finde canl\u0131 oyunlar. H\u0131zl\u0131 kay\u0131t, 18.000 TL'ye varan ho\u015f geldiniz bonusu, g\u00fcnl\u00fck promosyonlar ve t\u00fcm oyuncular i\u00e7in an\u0131nda para \u00e7ekme imkan\u0131.","robots":{"index":"index","follow":"follow","max-snippet":"max-snippet:-1","max-image-preview":"max-image-preview:large","max-video-preview":"max-video-preview:-1"},"og_locale":"tr_TR","og_type":"article","og_title":"WinWin Kumarhane \u2014 8000'den fazla slot ve canl\u0131 oyun, 18.000 TL'ye kadar bonus","og_description":"WinWin online casino \u2014 8.000'den fazla oyun, slot, rulet ve ger\u00e7ek krupiye e\u015fli\u011finde canl\u0131 oyunlar. H\u0131zl\u0131 kay\u0131t, 18.000 TL'ye varan ho\u015f geldiniz bonusu, g\u00fcnl\u00fck promosyonlar ve t\u00fcm oyuncular i\u00e7in an\u0131nda para \u00e7ekme imkan\u0131.","og_url":"http:\/\/winwinbet.games\/tr\/casino\/","og_site_name":"My Blog TR","article_modified_time":"2026-04-23T13:35:29+00:00","twitter_card":"summary_large_image","schema":{"@context":"https:\/\/schema.org","@graph":[{"@type":"WebPage","@id":"http:\/\/winwinbet.games\/tr\/casino\/","url":"http:\/\/winwinbet.games\/tr\/casino\/","name":"WinWin Kumarhane \u2014 8000'den fazla slot ve canl\u0131 oyun, 18.000 TL'ye kadar bonus","isPartOf":{"@id":"http:\/\/winwinbet.games\/tr\/#website"},"datePublished":"2026-04-09T07:48:45+00:00","dateModified":"2026-04-23T13:35:29+00:00","description":"WinWin online casino \u2014 8.000'den fazla oyun, slot, rulet ve ger\u00e7ek krupiye e\u015fli\u011finde canl\u0131 oyunlar. H\u0131zl\u0131 kay\u0131t, 18.000 TL'ye varan ho\u015f geldiniz bonusu, g\u00fcnl\u00fck promosyonlar ve t\u00fcm oyuncular i\u00e7in an\u0131nda para \u00e7ekme imkan\u0131.","breadcrumb":{"@id":"http:\/\/winwinbet.games\/tr\/casino\/#breadcrumb"},"inLanguage":"tr","potentialAction":[{"@type":"ReadAction","target":["http:\/\/winwinbet.games\/tr\/casino\/"]}]},{"@type":"BreadcrumbList","@id":"http:\/\/winwinbet.games\/tr\/casino\/#breadcrumb","itemListElement":[{"@type":"ListItem","position":1,"name":"Home","item":"http:\/\/winwinbet.games\/tr\/"},{"@type":"ListItem","position":2,"name":"Kumarhane"}]},{"@type":"WebSite","@id":"http:\/\/winwinbet.games\/tr\/#website","url":"http:\/\/winwinbet.games\/tr\/","name":"My Blog TR","description":"My WordPress Blog","potentialAction":[{"@type":"SearchAction","target":{"@type":"EntryPoint","urlTemplate":"http:\/\/winwinbet.games\/tr\/?s={search_term_string}"},"query-input":{"@type":"PropertyValueSpecification","valueRequired":true,"valueName":"search_term_string"}}],"inLanguage":"tr"}]}},"_links":{"self":[{"href":"http:\/\/winwinbet.games\/tr\/wp-json\/wp\/v2\/pages\/331","targetHints":{"allow":["GET"]}}],"collection":[{"href":"http:\/\/winwinbet.games\/tr\/wp-json\/wp\/v2\/pages"}],"about":[{"href":"http:\/\/winwinbet.games\/tr\/wp-json\/wp\/v2\/types\/page"}],"author":[{"embeddable":true,"href":"http:\/\/winwinbet.games\/tr\/wp-json\/wp\/v2\/users\/1"}],"replies":[{"embeddable":true,"href":"http:\/\/winwinbet.games\/tr\/wp-json\/wp\/v2\/comments?post=331"}],"version-history":[{"count":5,"href":"http:\/\/winwinbet.games\/tr\/wp-json\/wp\/v2\/pages\/331\/revisions"}],"predecessor-version":[{"id":463,"href":"http:\/\/winwinbet.games\/tr\/wp-json\/wp\/v2\/pages\/331\/revisions\/463"}],"wp:attachment":[{"href":"http:\/\/winwinbet.games\/tr\/wp-json\/wp\/v2\/media?parent=331"}],"curies":[{"name":"wp","href":"https:\/\/api.w.org\/{rel}","templated":true}]}}