{"id":364,"date":"2026-04-10T14:48:54","date_gmt":"2026-04-10T14:48:54","guid":{"rendered":"https:\/\/winwinbet.games\/tr\/?page_id=364"},"modified":"2026-04-23T14:21:07","modified_gmt":"2026-04-23T14:21:07","slug":"promo-code","status":"publish","type":"page","link":"http:\/\/winwinbet.games\/tr\/promo-code\/","title":{"rendered":"\u0130ndirim kodu"},"content":{"rendered":"","protected":false},"excerpt":{"rendered":"","protected":false},"author":1,"featured_media":0,"parent":0,"menu_order":0,"comment_status":"closed","ping_status":"closed","template":"","meta":{"footnotes":""},"class_list":["post-364","page","type-page","status-publish","hentry"],"yoast_head":"<!-- This site is optimized with the Yoast SEO plugin v26.6 - https:\/\/yoast.com\/wordpress\/plugins\/seo\/ -->\n<title>WinWin Bet Promosyon Kodlar\u0131 \u2014 Bonuslar\u0131 ve Promosyonlar\u0131 Etkinle\u015ftirin<\/title>\n<meta name=\"description\" content=\"WinWin Bet promosyon kodlar\u0131n\u0131 kullan\u0131n \u2014 se\u00e7kin oyunculara \u00f6zel bonuslar, para yat\u0131rma ikramiyeleri, kay\u0131p iadeleri ve hediyeler. Slotlar ve canl\u0131 casino i\u00e7in uzun vadeli bir kazanma stratejisi. Karl\u0131 bir oyun deneyimi i\u00e7in tekliflerinizi hemen al\u0131n!\" \/>\n<meta name=\"robots\" content=\"index, follow, max-snippet:-1, max-image-preview:large, max-video-preview:-1\" \/>\n<meta property=\"og:locale\" content=\"tr_TR\" \/>\n<meta property=\"og:type\" content=\"article\" \/>\n<meta property=\"og:title\" content=\"WinWin Bet Promosyon Kodlar\u0131 \u2014 Bonuslar\u0131 ve Promosyonlar\u0131 Etkinle\u015ftirin\" \/>\n<meta property=\"og:description\" content=\"WinWin Bet promosyon kodlar\u0131n\u0131 kullan\u0131n \u2014 se\u00e7kin oyunculara \u00f6zel bonuslar, para yat\u0131rma ikramiyeleri, kay\u0131p iadeleri ve hediyeler. Slotlar ve canl\u0131 casino i\u00e7in uzun vadeli bir kazanma stratejisi. Karl\u0131 bir oyun deneyimi i\u00e7in tekliflerinizi hemen al\u0131n!\" \/>\n<meta property=\"og:url\" content=\"http:\/\/winwinbet.games\/tr\/promo-code\/\" \/>\n<meta property=\"og:site_name\" content=\"My Blog TR\" \/>\n<meta property=\"article:modified_time\" content=\"2026-04-23T14:21:07+00:00\" \/>\n<meta name=\"twitter:card\" content=\"summary_large_image\" \/>\n<script type=\"application\/ld+json\" class=\"yoast-schema-graph\">{\"@context\":\"https:\/\/schema.org\",\"@graph\":[{\"@type\":\"WebPage\",\"@id\":\"http:\/\/winwinbet.games\/tr\/promo-code\/\",\"url\":\"http:\/\/winwinbet.games\/tr\/promo-code\/\",\"name\":\"WinWin Bet Promosyon Kodlar\u0131 \u2014 Bonuslar\u0131 ve Promosyonlar\u0131 Etkinle\u015ftirin\",\"isPartOf\":{\"@id\":\"http:\/\/winwinbet.games\/tr\/#website\"},\"datePublished\":\"2026-04-10T14:48:54+00:00\",\"dateModified\":\"2026-04-23T14:21:07+00:00\",\"description\":\"WinWin Bet promosyon kodlar\u0131n\u0131 kullan\u0131n \u2014 se\u00e7kin oyunculara \u00f6zel bonuslar, para yat\u0131rma ikramiyeleri, kay\u0131p iadeleri ve hediyeler. Slotlar ve canl\u0131 casino i\u00e7in uzun vadeli bir kazanma stratejisi. Karl\u0131 bir oyun deneyimi i\u00e7in tekliflerinizi hemen al\u0131n!\",\"breadcrumb\":{\"@id\":\"http:\/\/winwinbet.games\/tr\/promo-code\/#breadcrumb\"},\"inLanguage\":\"tr\",\"potentialAction\":[{\"@type\":\"ReadAction\",\"target\":[\"http:\/\/winwinbet.games\/tr\/promo-code\/\"]}]},{\"@type\":\"BreadcrumbList\",\"@id\":\"http:\/\/winwinbet.games\/tr\/promo-code\/#breadcrumb\",\"itemListElement\":[{\"@type\":\"ListItem\",\"position\":1,\"name\":\"Home\",\"item\":\"http:\/\/winwinbet.games\/tr\/\"},{\"@type\":\"ListItem\",\"position\":2,\"name\":\"\u0130ndirim kodu\"}]},{\"@type\":\"WebSite\",\"@id\":\"http:\/\/winwinbet.games\/tr\/#website\",\"url\":\"http:\/\/winwinbet.games\/tr\/\",\"name\":\"My Blog TR\",\"description\":\"My WordPress Blog\",\"potentialAction\":[{\"@type\":\"SearchAction\",\"target\":{\"@type\":\"EntryPoint\",\"urlTemplate\":\"http:\/\/winwinbet.games\/tr\/?s={search_term_string}\"},\"query-input\":{\"@type\":\"PropertyValueSpecification\",\"valueRequired\":true,\"valueName\":\"search_term_string\"}}],\"inLanguage\":\"tr\"}]}<\/script>\n<!-- \/ Yoast SEO plugin. -->","yoast_head_json":{"title":"WinWin Bet Promosyon Kodlar\u0131 \u2014 Bonuslar\u0131 ve Promosyonlar\u0131 Etkinle\u015ftirin","description":"WinWin Bet promosyon kodlar\u0131n\u0131 kullan\u0131n \u2014 se\u00e7kin oyunculara \u00f6zel bonuslar, para yat\u0131rma ikramiyeleri, kay\u0131p iadeleri ve hediyeler. Slotlar ve canl\u0131 casino i\u00e7in uzun vadeli bir kazanma stratejisi. Karl\u0131 bir oyun deneyimi i\u00e7in tekliflerinizi hemen al\u0131n!","robots":{"index":"index","follow":"follow","max-snippet":"max-snippet:-1","max-image-preview":"max-image-preview:large","max-video-preview":"max-video-preview:-1"},"og_locale":"tr_TR","og_type":"article","og_title":"WinWin Bet Promosyon Kodlar\u0131 \u2014 Bonuslar\u0131 ve Promosyonlar\u0131 Etkinle\u015ftirin","og_description":"WinWin Bet promosyon kodlar\u0131n\u0131 kullan\u0131n \u2014 se\u00e7kin oyunculara \u00f6zel bonuslar, para yat\u0131rma ikramiyeleri, kay\u0131p iadeleri ve hediyeler. Slotlar ve canl\u0131 casino i\u00e7in uzun vadeli bir kazanma stratejisi. Karl\u0131 bir oyun deneyimi i\u00e7in tekliflerinizi hemen al\u0131n!","og_url":"http:\/\/winwinbet.games\/tr\/promo-code\/","og_site_name":"My Blog TR","article_modified_time":"2026-04-23T14:21:07+00:00","twitter_card":"summary_large_image","schema":{"@context":"https:\/\/schema.org","@graph":[{"@type":"WebPage","@id":"http:\/\/winwinbet.games\/tr\/promo-code\/","url":"http:\/\/winwinbet.games\/tr\/promo-code\/","name":"WinWin Bet Promosyon Kodlar\u0131 \u2014 Bonuslar\u0131 ve Promosyonlar\u0131 Etkinle\u015ftirin","isPartOf":{"@id":"http:\/\/winwinbet.games\/tr\/#website"},"datePublished":"2026-04-10T14:48:54+00:00","dateModified":"2026-04-23T14:21:07+00:00","description":"WinWin Bet promosyon kodlar\u0131n\u0131 kullan\u0131n \u2014 se\u00e7kin oyunculara \u00f6zel bonuslar, para yat\u0131rma ikramiyeleri, kay\u0131p iadeleri ve hediyeler. Slotlar ve canl\u0131 casino i\u00e7in uzun vadeli bir kazanma stratejisi. Karl\u0131 bir oyun deneyimi i\u00e7in tekliflerinizi hemen al\u0131n!","breadcrumb":{"@id":"http:\/\/winwinbet.games\/tr\/promo-code\/#breadcrumb"},"inLanguage":"tr","potentialAction":[{"@type":"ReadAction","target":["http:\/\/winwinbet.games\/tr\/promo-code\/"]}]},{"@type":"BreadcrumbList","@id":"http:\/\/winwinbet.games\/tr\/promo-code\/#breadcrumb","itemListElement":[{"@type":"ListItem","position":1,"name":"Home","item":"http:\/\/winwinbet.games\/tr\/"},{"@type":"ListItem","position":2,"name":"\u0130ndirim kodu"}]},{"@type":"WebSite","@id":"http:\/\/winwinbet.games\/tr\/#website","url":"http:\/\/winwinbet.games\/tr\/","name":"My Blog TR","description":"My WordPress Blog","potentialAction":[{"@type":"SearchAction","target":{"@type":"EntryPoint","urlTemplate":"http:\/\/winwinbet.games\/tr\/?s={search_term_string}"},"query-input":{"@type":"PropertyValueSpecification","valueRequired":true,"valueName":"search_term_string"}}],"inLanguage":"tr"}]}},"_links":{"self":[{"href":"http:\/\/winwinbet.games\/tr\/wp-json\/wp\/v2\/pages\/364","targetHints":{"allow":["GET"]}}],"collection":[{"href":"http:\/\/winwinbet.games\/tr\/wp-json\/wp\/v2\/pages"}],"about":[{"href":"http:\/\/winwinbet.games\/tr\/wp-json\/wp\/v2\/types\/page"}],"author":[{"embeddable":true,"href":"http:\/\/winwinbet.games\/tr\/wp-json\/wp\/v2\/users\/1"}],"replies":[{"embeddable":true,"href":"http:\/\/winwinbet.games\/tr\/wp-json\/wp\/v2\/comments?post=364"}],"version-history":[{"count":5,"href":"http:\/\/winwinbet.games\/tr\/wp-json\/wp\/v2\/pages\/364\/revisions"}],"predecessor-version":[{"id":469,"href":"http:\/\/winwinbet.games\/tr\/wp-json\/wp\/v2\/pages\/364\/revisions\/469"}],"wp:attachment":[{"href":"http:\/\/winwinbet.games\/tr\/wp-json\/wp\/v2\/media?parent=364"}],"curies":[{"name":"wp","href":"https:\/\/api.w.org\/{rel}","templated":true}]}}