{"id":383,"date":"2026-04-12T09:35:12","date_gmt":"2026-04-12T09:35:12","guid":{"rendered":"https:\/\/winwinbet.games\/tr\/?page_id=383"},"modified":"2026-04-23T14:32:46","modified_gmt":"2026-04-23T14:32:46","slug":"registration","status":"publish","type":"page","link":"http:\/\/winwinbet.games\/tr\/registration\/","title":{"rendered":"Kay\u0131t"},"content":{"rendered":"","protected":false},"excerpt":{"rendered":"","protected":false},"author":1,"featured_media":0,"parent":0,"menu_order":0,"comment_status":"closed","ping_status":"closed","template":"","meta":{"footnotes":""},"class_list":["post-383","page","type-page","status-publish","hentry"],"yoast_head":"<!-- This site is optimized with the Yoast SEO plugin v26.6 - https:\/\/yoast.com\/wordpress\/plugins\/seo\/ -->\n<title>WinWin Bet&#039;e kaydolun \u2014 1 dakikada + Bonuslar<\/title>\n<meta name=\"description\" content=\"WinWin Bet&#039;e kaydolun \u2013 ak\u0131ll\u0131 telefonunuzdan veya bilgisayar\u0131n\u0131zdan sadece bir dakikada hesap a\u00e7\u0131n. Bilgisayara ba\u011fl\u0131 kalmadan slot oyunlar\u0131na, canl\u0131 kumarhane oyunlar\u0131na, bonuslara ve ger\u00e7ek kazan\u00e7lara eri\u015fin. Yeni ba\u015flayanlar i\u00e7in basit talimatlar \u2013 hemen oynamaya ba\u015flay\u0131n!\" \/>\n<meta name=\"robots\" content=\"index, follow, max-snippet:-1, max-image-preview:large, max-video-preview:-1\" \/>\n<meta property=\"og:locale\" content=\"tr_TR\" \/>\n<meta property=\"og:type\" content=\"article\" \/>\n<meta property=\"og:title\" content=\"WinWin Bet&#039;e kaydolun \u2014 1 dakikada + Bonuslar\" \/>\n<meta property=\"og:description\" content=\"WinWin Bet&#039;e kaydolun \u2013 ak\u0131ll\u0131 telefonunuzdan veya bilgisayar\u0131n\u0131zdan sadece bir dakikada hesap a\u00e7\u0131n. Bilgisayara ba\u011fl\u0131 kalmadan slot oyunlar\u0131na, canl\u0131 kumarhane oyunlar\u0131na, bonuslara ve ger\u00e7ek kazan\u00e7lara eri\u015fin. Yeni ba\u015flayanlar i\u00e7in basit talimatlar \u2013 hemen oynamaya ba\u015flay\u0131n!\" \/>\n<meta property=\"og:url\" content=\"http:\/\/winwinbet.games\/tr\/registration\/\" \/>\n<meta property=\"og:site_name\" content=\"My Blog TR\" \/>\n<meta property=\"article:modified_time\" content=\"2026-04-23T14:32:46+00:00\" \/>\n<meta name=\"twitter:card\" content=\"summary_large_image\" \/>\n<script type=\"application\/ld+json\" class=\"yoast-schema-graph\">{\"@context\":\"https:\/\/schema.org\",\"@graph\":[{\"@type\":\"WebPage\",\"@id\":\"http:\/\/winwinbet.games\/tr\/registration\/\",\"url\":\"http:\/\/winwinbet.games\/tr\/registration\/\",\"name\":\"WinWin Bet'e kaydolun \u2014 1 dakikada + Bonuslar\",\"isPartOf\":{\"@id\":\"http:\/\/winwinbet.games\/tr\/#website\"},\"datePublished\":\"2026-04-12T09:35:12+00:00\",\"dateModified\":\"2026-04-23T14:32:46+00:00\",\"description\":\"WinWin Bet'e kaydolun \u2013 ak\u0131ll\u0131 telefonunuzdan veya bilgisayar\u0131n\u0131zdan sadece bir dakikada hesap a\u00e7\u0131n. Bilgisayara ba\u011fl\u0131 kalmadan slot oyunlar\u0131na, canl\u0131 kumarhane oyunlar\u0131na, bonuslara ve ger\u00e7ek kazan\u00e7lara eri\u015fin. Yeni ba\u015flayanlar i\u00e7in basit talimatlar \u2013 hemen oynamaya ba\u015flay\u0131n!\",\"breadcrumb\":{\"@id\":\"http:\/\/winwinbet.games\/tr\/registration\/#breadcrumb\"},\"inLanguage\":\"tr\",\"potentialAction\":[{\"@type\":\"ReadAction\",\"target\":[\"http:\/\/winwinbet.games\/tr\/registration\/\"]}]},{\"@type\":\"BreadcrumbList\",\"@id\":\"http:\/\/winwinbet.games\/tr\/registration\/#breadcrumb\",\"itemListElement\":[{\"@type\":\"ListItem\",\"position\":1,\"name\":\"Home\",\"item\":\"http:\/\/winwinbet.games\/tr\/\"},{\"@type\":\"ListItem\",\"position\":2,\"name\":\"Kay\u0131t\"}]},{\"@type\":\"WebSite\",\"@id\":\"http:\/\/winwinbet.games\/tr\/#website\",\"url\":\"http:\/\/winwinbet.games\/tr\/\",\"name\":\"My Blog TR\",\"description\":\"My WordPress Blog\",\"potentialAction\":[{\"@type\":\"SearchAction\",\"target\":{\"@type\":\"EntryPoint\",\"urlTemplate\":\"http:\/\/winwinbet.games\/tr\/?s={search_term_string}\"},\"query-input\":{\"@type\":\"PropertyValueSpecification\",\"valueRequired\":true,\"valueName\":\"search_term_string\"}}],\"inLanguage\":\"tr\"}]}<\/script>\n<!-- \/ Yoast SEO plugin. -->","yoast_head_json":{"title":"WinWin Bet'e kaydolun \u2014 1 dakikada + Bonuslar","description":"WinWin Bet'e kaydolun \u2013 ak\u0131ll\u0131 telefonunuzdan veya bilgisayar\u0131n\u0131zdan sadece bir dakikada hesap a\u00e7\u0131n. Bilgisayara ba\u011fl\u0131 kalmadan slot oyunlar\u0131na, canl\u0131 kumarhane oyunlar\u0131na, bonuslara ve ger\u00e7ek kazan\u00e7lara eri\u015fin. Yeni ba\u015flayanlar i\u00e7in basit talimatlar \u2013 hemen oynamaya ba\u015flay\u0131n!","robots":{"index":"index","follow":"follow","max-snippet":"max-snippet:-1","max-image-preview":"max-image-preview:large","max-video-preview":"max-video-preview:-1"},"og_locale":"tr_TR","og_type":"article","og_title":"WinWin Bet'e kaydolun \u2014 1 dakikada + Bonuslar","og_description":"WinWin Bet'e kaydolun \u2013 ak\u0131ll\u0131 telefonunuzdan veya bilgisayar\u0131n\u0131zdan sadece bir dakikada hesap a\u00e7\u0131n. Bilgisayara ba\u011fl\u0131 kalmadan slot oyunlar\u0131na, canl\u0131 kumarhane oyunlar\u0131na, bonuslara ve ger\u00e7ek kazan\u00e7lara eri\u015fin. Yeni ba\u015flayanlar i\u00e7in basit talimatlar \u2013 hemen oynamaya ba\u015flay\u0131n!","og_url":"http:\/\/winwinbet.games\/tr\/registration\/","og_site_name":"My Blog TR","article_modified_time":"2026-04-23T14:32:46+00:00","twitter_card":"summary_large_image","schema":{"@context":"https:\/\/schema.org","@graph":[{"@type":"WebPage","@id":"http:\/\/winwinbet.games\/tr\/registration\/","url":"http:\/\/winwinbet.games\/tr\/registration\/","name":"WinWin Bet'e kaydolun \u2014 1 dakikada + Bonuslar","isPartOf":{"@id":"http:\/\/winwinbet.games\/tr\/#website"},"datePublished":"2026-04-12T09:35:12+00:00","dateModified":"2026-04-23T14:32:46+00:00","description":"WinWin Bet'e kaydolun \u2013 ak\u0131ll\u0131 telefonunuzdan veya bilgisayar\u0131n\u0131zdan sadece bir dakikada hesap a\u00e7\u0131n. Bilgisayara ba\u011fl\u0131 kalmadan slot oyunlar\u0131na, canl\u0131 kumarhane oyunlar\u0131na, bonuslara ve ger\u00e7ek kazan\u00e7lara eri\u015fin. Yeni ba\u015flayanlar i\u00e7in basit talimatlar \u2013 hemen oynamaya ba\u015flay\u0131n!","breadcrumb":{"@id":"http:\/\/winwinbet.games\/tr\/registration\/#breadcrumb"},"inLanguage":"tr","potentialAction":[{"@type":"ReadAction","target":["http:\/\/winwinbet.games\/tr\/registration\/"]}]},{"@type":"BreadcrumbList","@id":"http:\/\/winwinbet.games\/tr\/registration\/#breadcrumb","itemListElement":[{"@type":"ListItem","position":1,"name":"Home","item":"http:\/\/winwinbet.games\/tr\/"},{"@type":"ListItem","position":2,"name":"Kay\u0131t"}]},{"@type":"WebSite","@id":"http:\/\/winwinbet.games\/tr\/#website","url":"http:\/\/winwinbet.games\/tr\/","name":"My Blog TR","description":"My WordPress Blog","potentialAction":[{"@type":"SearchAction","target":{"@type":"EntryPoint","urlTemplate":"http:\/\/winwinbet.games\/tr\/?s={search_term_string}"},"query-input":{"@type":"PropertyValueSpecification","valueRequired":true,"valueName":"search_term_string"}}],"inLanguage":"tr"}]}},"_links":{"self":[{"href":"http:\/\/winwinbet.games\/tr\/wp-json\/wp\/v2\/pages\/383","targetHints":{"allow":["GET"]}}],"collection":[{"href":"http:\/\/winwinbet.games\/tr\/wp-json\/wp\/v2\/pages"}],"about":[{"href":"http:\/\/winwinbet.games\/tr\/wp-json\/wp\/v2\/types\/page"}],"author":[{"embeddable":true,"href":"http:\/\/winwinbet.games\/tr\/wp-json\/wp\/v2\/users\/1"}],"replies":[{"embeddable":true,"href":"http:\/\/winwinbet.games\/tr\/wp-json\/wp\/v2\/comments?post=383"}],"version-history":[{"count":5,"href":"http:\/\/winwinbet.games\/tr\/wp-json\/wp\/v2\/pages\/383\/revisions"}],"predecessor-version":[{"id":472,"href":"http:\/\/winwinbet.games\/tr\/wp-json\/wp\/v2\/pages\/383\/revisions\/472"}],"wp:attachment":[{"href":"http:\/\/winwinbet.games\/tr\/wp-json\/wp\/v2\/media?parent=383"}],"curies":[{"name":"wp","href":"https:\/\/api.w.org\/{rel}","templated":true}]}}