{"id":405,"date":"2026-04-13T09:11:26","date_gmt":"2026-04-13T09:11:26","guid":{"rendered":"https:\/\/winwinbet.games\/tr\/?page_id=405"},"modified":"2026-04-23T11:59:50","modified_gmt":"2026-04-23T11:59:50","slug":"apk","status":"publish","type":"page","link":"http:\/\/winwinbet.games\/tr\/apk\/","title":{"rendered":"Apk"},"content":{"rendered":"","protected":false},"excerpt":{"rendered":"","protected":false},"author":1,"featured_media":0,"parent":0,"menu_order":0,"comment_status":"closed","ping_status":"closed","template":"","meta":{"footnotes":""},"class_list":["post-405","page","type-page","status-publish","hentry"],"yoast_head":"<!-- This site is optimized with the Yoast SEO plugin v26.6 - https:\/\/yoast.com\/wordpress\/plugins\/seo\/ -->\n<title>WinWinBet APK \u2014 Android&#039;e indirin ve y\u00fckleyin<\/title>\n<meta name=\"description\" content=\"Android i\u00e7in WinWinBet APK&#039;s\u0131n\u0131 \u00fccretsiz indirin! Uygulamay\u0131 ak\u0131ll\u0131 telefonunuza veya tabletinize birka\u00e7 dakika i\u00e7inde y\u00fckleyin; slot oyunlar\u0131, canl\u0131 casino ve bonuslar\u0131n keyfini her yerde \u00e7\u0131kar\u0131n. Bilgisayara gerek kalmadan oyunlara h\u0131zl\u0131 eri\u015fim; mobil kullan\u0131c\u0131lar i\u00e7in ideal.\" \/>\n<meta name=\"robots\" content=\"index, follow, max-snippet:-1, max-image-preview:large, max-video-preview:-1\" \/>\n<meta property=\"og:locale\" content=\"tr_TR\" \/>\n<meta property=\"og:type\" content=\"article\" \/>\n<meta property=\"og:title\" content=\"WinWinBet APK \u2014 Android&#039;e indirin ve y\u00fckleyin\" \/>\n<meta property=\"og:description\" content=\"Android i\u00e7in WinWinBet APK&#039;s\u0131n\u0131 \u00fccretsiz indirin! Uygulamay\u0131 ak\u0131ll\u0131 telefonunuza veya tabletinize birka\u00e7 dakika i\u00e7inde y\u00fckleyin; slot oyunlar\u0131, canl\u0131 casino ve bonuslar\u0131n keyfini her yerde \u00e7\u0131kar\u0131n. Bilgisayara gerek kalmadan oyunlara h\u0131zl\u0131 eri\u015fim; mobil kullan\u0131c\u0131lar i\u00e7in ideal.\" \/>\n<meta property=\"og:url\" content=\"http:\/\/winwinbet.games\/tr\/apk\/\" \/>\n<meta property=\"og:site_name\" content=\"My Blog TR\" \/>\n<meta property=\"article:modified_time\" content=\"2026-04-23T11:59:50+00:00\" \/>\n<meta name=\"twitter:card\" content=\"summary_large_image\" \/>\n<script type=\"application\/ld+json\" class=\"yoast-schema-graph\">{\"@context\":\"https:\/\/schema.org\",\"@graph\":[{\"@type\":\"WebPage\",\"@id\":\"http:\/\/winwinbet.games\/tr\/apk\/\",\"url\":\"http:\/\/winwinbet.games\/tr\/apk\/\",\"name\":\"WinWinBet APK \u2014 Android'e indirin ve y\u00fckleyin\",\"isPartOf\":{\"@id\":\"http:\/\/winwinbet.games\/tr\/#website\"},\"datePublished\":\"2026-04-13T09:11:26+00:00\",\"dateModified\":\"2026-04-23T11:59:50+00:00\",\"description\":\"Android i\u00e7in WinWinBet APK's\u0131n\u0131 \u00fccretsiz indirin! Uygulamay\u0131 ak\u0131ll\u0131 telefonunuza veya tabletinize birka\u00e7 dakika i\u00e7inde y\u00fckleyin; slot oyunlar\u0131, canl\u0131 casino ve bonuslar\u0131n keyfini her yerde \u00e7\u0131kar\u0131n. Bilgisayara gerek kalmadan oyunlara h\u0131zl\u0131 eri\u015fim; mobil kullan\u0131c\u0131lar i\u00e7in ideal.\",\"breadcrumb\":{\"@id\":\"http:\/\/winwinbet.games\/tr\/apk\/#breadcrumb\"},\"inLanguage\":\"tr\",\"potentialAction\":[{\"@type\":\"ReadAction\",\"target\":[\"http:\/\/winwinbet.games\/tr\/apk\/\"]}]},{\"@type\":\"BreadcrumbList\",\"@id\":\"http:\/\/winwinbet.games\/tr\/apk\/#breadcrumb\",\"itemListElement\":[{\"@type\":\"ListItem\",\"position\":1,\"name\":\"Home\",\"item\":\"http:\/\/winwinbet.games\/tr\/\"},{\"@type\":\"ListItem\",\"position\":2,\"name\":\"Apk\"}]},{\"@type\":\"WebSite\",\"@id\":\"http:\/\/winwinbet.games\/tr\/#website\",\"url\":\"http:\/\/winwinbet.games\/tr\/\",\"name\":\"My Blog TR\",\"description\":\"My WordPress Blog\",\"potentialAction\":[{\"@type\":\"SearchAction\",\"target\":{\"@type\":\"EntryPoint\",\"urlTemplate\":\"http:\/\/winwinbet.games\/tr\/?s={search_term_string}\"},\"query-input\":{\"@type\":\"PropertyValueSpecification\",\"valueRequired\":true,\"valueName\":\"search_term_string\"}}],\"inLanguage\":\"tr\"}]}<\/script>\n<!-- \/ Yoast SEO plugin. -->","yoast_head_json":{"title":"WinWinBet APK \u2014 Android'e indirin ve y\u00fckleyin","description":"Android i\u00e7in WinWinBet APK's\u0131n\u0131 \u00fccretsiz indirin! Uygulamay\u0131 ak\u0131ll\u0131 telefonunuza veya tabletinize birka\u00e7 dakika i\u00e7inde y\u00fckleyin; slot oyunlar\u0131, canl\u0131 casino ve bonuslar\u0131n keyfini her yerde \u00e7\u0131kar\u0131n. Bilgisayara gerek kalmadan oyunlara h\u0131zl\u0131 eri\u015fim; mobil kullan\u0131c\u0131lar i\u00e7in ideal.","robots":{"index":"index","follow":"follow","max-snippet":"max-snippet:-1","max-image-preview":"max-image-preview:large","max-video-preview":"max-video-preview:-1"},"og_locale":"tr_TR","og_type":"article","og_title":"WinWinBet APK \u2014 Android'e indirin ve y\u00fckleyin","og_description":"Android i\u00e7in WinWinBet APK's\u0131n\u0131 \u00fccretsiz indirin! Uygulamay\u0131 ak\u0131ll\u0131 telefonunuza veya tabletinize birka\u00e7 dakika i\u00e7inde y\u00fckleyin; slot oyunlar\u0131, canl\u0131 casino ve bonuslar\u0131n keyfini her yerde \u00e7\u0131kar\u0131n. Bilgisayara gerek kalmadan oyunlara h\u0131zl\u0131 eri\u015fim; mobil kullan\u0131c\u0131lar i\u00e7in ideal.","og_url":"http:\/\/winwinbet.games\/tr\/apk\/","og_site_name":"My Blog TR","article_modified_time":"2026-04-23T11:59:50+00:00","twitter_card":"summary_large_image","schema":{"@context":"https:\/\/schema.org","@graph":[{"@type":"WebPage","@id":"http:\/\/winwinbet.games\/tr\/apk\/","url":"http:\/\/winwinbet.games\/tr\/apk\/","name":"WinWinBet APK \u2014 Android'e indirin ve y\u00fckleyin","isPartOf":{"@id":"http:\/\/winwinbet.games\/tr\/#website"},"datePublished":"2026-04-13T09:11:26+00:00","dateModified":"2026-04-23T11:59:50+00:00","description":"Android i\u00e7in WinWinBet APK's\u0131n\u0131 \u00fccretsiz indirin! Uygulamay\u0131 ak\u0131ll\u0131 telefonunuza veya tabletinize birka\u00e7 dakika i\u00e7inde y\u00fckleyin; slot oyunlar\u0131, canl\u0131 casino ve bonuslar\u0131n keyfini her yerde \u00e7\u0131kar\u0131n. Bilgisayara gerek kalmadan oyunlara h\u0131zl\u0131 eri\u015fim; mobil kullan\u0131c\u0131lar i\u00e7in ideal.","breadcrumb":{"@id":"http:\/\/winwinbet.games\/tr\/apk\/#breadcrumb"},"inLanguage":"tr","potentialAction":[{"@type":"ReadAction","target":["http:\/\/winwinbet.games\/tr\/apk\/"]}]},{"@type":"BreadcrumbList","@id":"http:\/\/winwinbet.games\/tr\/apk\/#breadcrumb","itemListElement":[{"@type":"ListItem","position":1,"name":"Home","item":"http:\/\/winwinbet.games\/tr\/"},{"@type":"ListItem","position":2,"name":"Apk"}]},{"@type":"WebSite","@id":"http:\/\/winwinbet.games\/tr\/#website","url":"http:\/\/winwinbet.games\/tr\/","name":"My Blog TR","description":"My WordPress Blog","potentialAction":[{"@type":"SearchAction","target":{"@type":"EntryPoint","urlTemplate":"http:\/\/winwinbet.games\/tr\/?s={search_term_string}"},"query-input":{"@type":"PropertyValueSpecification","valueRequired":true,"valueName":"search_term_string"}}],"inLanguage":"tr"}]}},"_links":{"self":[{"href":"http:\/\/winwinbet.games\/tr\/wp-json\/wp\/v2\/pages\/405","targetHints":{"allow":["GET"]}}],"collection":[{"href":"http:\/\/winwinbet.games\/tr\/wp-json\/wp\/v2\/pages"}],"about":[{"href":"http:\/\/winwinbet.games\/tr\/wp-json\/wp\/v2\/types\/page"}],"author":[{"embeddable":true,"href":"http:\/\/winwinbet.games\/tr\/wp-json\/wp\/v2\/users\/1"}],"replies":[{"embeddable":true,"href":"http:\/\/winwinbet.games\/tr\/wp-json\/wp\/v2\/comments?post=405"}],"version-history":[{"count":5,"href":"http:\/\/winwinbet.games\/tr\/wp-json\/wp\/v2\/pages\/405\/revisions"}],"predecessor-version":[{"id":456,"href":"http:\/\/winwinbet.games\/tr\/wp-json\/wp\/v2\/pages\/405\/revisions\/456"}],"wp:attachment":[{"href":"http:\/\/winwinbet.games\/tr\/wp-json\/wp\/v2\/media?parent=405"}],"curies":[{"name":"wp","href":"https:\/\/api.w.org\/{rel}","templated":true}]}}