{"id":424,"date":"2026-04-13T10:26:46","date_gmt":"2026-04-13T10:26:46","guid":{"rendered":"https:\/\/winwinbet.games\/tr\/?page_id=424"},"modified":"2026-04-23T14:04:11","modified_gmt":"2026-04-23T14:04:11","slug":"partners","status":"publish","type":"page","link":"http:\/\/winwinbet.games\/tr\/partners\/","title":{"rendered":"Ortaklar"},"content":{"rendered":"","protected":false},"excerpt":{"rendered":"","protected":false},"author":1,"featured_media":0,"parent":0,"menu_order":0,"comment_status":"closed","ping_status":"closed","template":"","meta":{"footnotes":""},"class_list":["post-424","page","type-page","status-publish","hentry"],"yoast_head":"<!-- This site is optimized with the Yoast SEO plugin v26.6 - https:\/\/yoast.com\/wordpress\/plugins\/seo\/ -->\n<title>WinWin Bet Ortakl\u0131k Program\u0131 \u2014 Kazan\u00e7lar ve Ortakl\u0131klar<\/title>\n<meta name=\"description\" content=\"WinWin Bet ortakl\u0131k program\u0131na kat\u0131l\u0131n \u2014 y\u00f6nlendirmelerden para kazan\u0131n ve oyunculara herhangi bir risk y\u00fcklemeden kumarhanenin k\u00e2r\u0131ndan pay al\u0131n. Kumar merakl\u0131lar\u0131 ve pazarlamac\u0131lar i\u00e7in ideal \u2013 pasif gelir, slot ve canl\u0131 kumarhane oyunlar\u0131n\u0131n tan\u0131t\u0131m\u0131.\" \/>\n<meta name=\"robots\" content=\"index, follow, max-snippet:-1, max-image-preview:large, max-video-preview:-1\" \/>\n<meta property=\"og:locale\" content=\"tr_TR\" \/>\n<meta property=\"og:type\" content=\"article\" \/>\n<meta property=\"og:title\" content=\"WinWin Bet Ortakl\u0131k Program\u0131 \u2014 Kazan\u00e7lar ve Ortakl\u0131klar\" \/>\n<meta property=\"og:description\" content=\"WinWin Bet ortakl\u0131k program\u0131na kat\u0131l\u0131n \u2014 y\u00f6nlendirmelerden para kazan\u0131n ve oyunculara herhangi bir risk y\u00fcklemeden kumarhanenin k\u00e2r\u0131ndan pay al\u0131n. Kumar merakl\u0131lar\u0131 ve pazarlamac\u0131lar i\u00e7in ideal \u2013 pasif gelir, slot ve canl\u0131 kumarhane oyunlar\u0131n\u0131n tan\u0131t\u0131m\u0131.\" \/>\n<meta property=\"og:url\" content=\"http:\/\/winwinbet.games\/tr\/partners\/\" \/>\n<meta property=\"og:site_name\" content=\"My Blog TR\" \/>\n<meta property=\"article:modified_time\" content=\"2026-04-23T14:04:11+00:00\" \/>\n<meta name=\"twitter:card\" content=\"summary_large_image\" \/>\n<script type=\"application\/ld+json\" class=\"yoast-schema-graph\">{\"@context\":\"https:\/\/schema.org\",\"@graph\":[{\"@type\":\"WebPage\",\"@id\":\"http:\/\/winwinbet.games\/tr\/partners\/\",\"url\":\"http:\/\/winwinbet.games\/tr\/partners\/\",\"name\":\"WinWin Bet Ortakl\u0131k Program\u0131 \u2014 Kazan\u00e7lar ve Ortakl\u0131klar\",\"isPartOf\":{\"@id\":\"http:\/\/winwinbet.games\/tr\/#website\"},\"datePublished\":\"2026-04-13T10:26:46+00:00\",\"dateModified\":\"2026-04-23T14:04:11+00:00\",\"description\":\"WinWin Bet ortakl\u0131k program\u0131na kat\u0131l\u0131n \u2014 y\u00f6nlendirmelerden para kazan\u0131n ve oyunculara herhangi bir risk y\u00fcklemeden kumarhanenin k\u00e2r\u0131ndan pay al\u0131n. Kumar merakl\u0131lar\u0131 ve pazarlamac\u0131lar i\u00e7in ideal \u2013 pasif gelir, slot ve canl\u0131 kumarhane oyunlar\u0131n\u0131n tan\u0131t\u0131m\u0131.\",\"breadcrumb\":{\"@id\":\"http:\/\/winwinbet.games\/tr\/partners\/#breadcrumb\"},\"inLanguage\":\"tr\",\"potentialAction\":[{\"@type\":\"ReadAction\",\"target\":[\"http:\/\/winwinbet.games\/tr\/partners\/\"]}]},{\"@type\":\"BreadcrumbList\",\"@id\":\"http:\/\/winwinbet.games\/tr\/partners\/#breadcrumb\",\"itemListElement\":[{\"@type\":\"ListItem\",\"position\":1,\"name\":\"Home\",\"item\":\"http:\/\/winwinbet.games\/tr\/\"},{\"@type\":\"ListItem\",\"position\":2,\"name\":\"Ortaklar\"}]},{\"@type\":\"WebSite\",\"@id\":\"http:\/\/winwinbet.games\/tr\/#website\",\"url\":\"http:\/\/winwinbet.games\/tr\/\",\"name\":\"My Blog TR\",\"description\":\"My WordPress Blog\",\"potentialAction\":[{\"@type\":\"SearchAction\",\"target\":{\"@type\":\"EntryPoint\",\"urlTemplate\":\"http:\/\/winwinbet.games\/tr\/?s={search_term_string}\"},\"query-input\":{\"@type\":\"PropertyValueSpecification\",\"valueRequired\":true,\"valueName\":\"search_term_string\"}}],\"inLanguage\":\"tr\"}]}<\/script>\n<!-- \/ Yoast SEO plugin. -->","yoast_head_json":{"title":"WinWin Bet Ortakl\u0131k Program\u0131 \u2014 Kazan\u00e7lar ve Ortakl\u0131klar","description":"WinWin Bet ortakl\u0131k program\u0131na kat\u0131l\u0131n \u2014 y\u00f6nlendirmelerden para kazan\u0131n ve oyunculara herhangi bir risk y\u00fcklemeden kumarhanenin k\u00e2r\u0131ndan pay al\u0131n. Kumar merakl\u0131lar\u0131 ve pazarlamac\u0131lar i\u00e7in ideal \u2013 pasif gelir, slot ve canl\u0131 kumarhane oyunlar\u0131n\u0131n tan\u0131t\u0131m\u0131.","robots":{"index":"index","follow":"follow","max-snippet":"max-snippet:-1","max-image-preview":"max-image-preview:large","max-video-preview":"max-video-preview:-1"},"og_locale":"tr_TR","og_type":"article","og_title":"WinWin Bet Ortakl\u0131k Program\u0131 \u2014 Kazan\u00e7lar ve Ortakl\u0131klar","og_description":"WinWin Bet ortakl\u0131k program\u0131na kat\u0131l\u0131n \u2014 y\u00f6nlendirmelerden para kazan\u0131n ve oyunculara herhangi bir risk y\u00fcklemeden kumarhanenin k\u00e2r\u0131ndan pay al\u0131n. Kumar merakl\u0131lar\u0131 ve pazarlamac\u0131lar i\u00e7in ideal \u2013 pasif gelir, slot ve canl\u0131 kumarhane oyunlar\u0131n\u0131n tan\u0131t\u0131m\u0131.","og_url":"http:\/\/winwinbet.games\/tr\/partners\/","og_site_name":"My Blog TR","article_modified_time":"2026-04-23T14:04:11+00:00","twitter_card":"summary_large_image","schema":{"@context":"https:\/\/schema.org","@graph":[{"@type":"WebPage","@id":"http:\/\/winwinbet.games\/tr\/partners\/","url":"http:\/\/winwinbet.games\/tr\/partners\/","name":"WinWin Bet Ortakl\u0131k Program\u0131 \u2014 Kazan\u00e7lar ve Ortakl\u0131klar","isPartOf":{"@id":"http:\/\/winwinbet.games\/tr\/#website"},"datePublished":"2026-04-13T10:26:46+00:00","dateModified":"2026-04-23T14:04:11+00:00","description":"WinWin Bet ortakl\u0131k program\u0131na kat\u0131l\u0131n \u2014 y\u00f6nlendirmelerden para kazan\u0131n ve oyunculara herhangi bir risk y\u00fcklemeden kumarhanenin k\u00e2r\u0131ndan pay al\u0131n. Kumar merakl\u0131lar\u0131 ve pazarlamac\u0131lar i\u00e7in ideal \u2013 pasif gelir, slot ve canl\u0131 kumarhane oyunlar\u0131n\u0131n tan\u0131t\u0131m\u0131.","breadcrumb":{"@id":"http:\/\/winwinbet.games\/tr\/partners\/#breadcrumb"},"inLanguage":"tr","potentialAction":[{"@type":"ReadAction","target":["http:\/\/winwinbet.games\/tr\/partners\/"]}]},{"@type":"BreadcrumbList","@id":"http:\/\/winwinbet.games\/tr\/partners\/#breadcrumb","itemListElement":[{"@type":"ListItem","position":1,"name":"Home","item":"http:\/\/winwinbet.games\/tr\/"},{"@type":"ListItem","position":2,"name":"Ortaklar"}]},{"@type":"WebSite","@id":"http:\/\/winwinbet.games\/tr\/#website","url":"http:\/\/winwinbet.games\/tr\/","name":"My Blog TR","description":"My WordPress Blog","potentialAction":[{"@type":"SearchAction","target":{"@type":"EntryPoint","urlTemplate":"http:\/\/winwinbet.games\/tr\/?s={search_term_string}"},"query-input":{"@type":"PropertyValueSpecification","valueRequired":true,"valueName":"search_term_string"}}],"inLanguage":"tr"}]}},"_links":{"self":[{"href":"http:\/\/winwinbet.games\/tr\/wp-json\/wp\/v2\/pages\/424","targetHints":{"allow":["GET"]}}],"collection":[{"href":"http:\/\/winwinbet.games\/tr\/wp-json\/wp\/v2\/pages"}],"about":[{"href":"http:\/\/winwinbet.games\/tr\/wp-json\/wp\/v2\/types\/page"}],"author":[{"embeddable":true,"href":"http:\/\/winwinbet.games\/tr\/wp-json\/wp\/v2\/users\/1"}],"replies":[{"embeddable":true,"href":"http:\/\/winwinbet.games\/tr\/wp-json\/wp\/v2\/comments?post=424"}],"version-history":[{"count":5,"href":"http:\/\/winwinbet.games\/tr\/wp-json\/wp\/v2\/pages\/424\/revisions"}],"predecessor-version":[{"id":467,"href":"http:\/\/winwinbet.games\/tr\/wp-json\/wp\/v2\/pages\/424\/revisions\/467"}],"wp:attachment":[{"href":"http:\/\/winwinbet.games\/tr\/wp-json\/wp\/v2\/media?parent=424"}],"curies":[{"name":"wp","href":"https:\/\/api.w.org\/{rel}","templated":true}]}}