{"id":405,"date":"2026-04-13T09:11:26","date_gmt":"2026-04-13T09:11:26","guid":{"rendered":"https:\/\/winwinbet.games\/es\/?page_id=405"},"modified":"2026-04-16T09:43:47","modified_gmt":"2026-04-16T09:43:47","slug":"apk","status":"publish","type":"page","link":"https:\/\/winwinbet.games\/es\/apk\/","title":{"rendered":"Apk"},"content":{"rendered":"","protected":false},"excerpt":{"rendered":"","protected":false},"author":1,"featured_media":0,"parent":0,"menu_order":0,"comment_status":"closed","ping_status":"closed","template":"","meta":{"footnotes":""},"class_list":["post-405","page","type-page","status-publish","hentry"],"yoast_head":"<!-- This site is optimized with the Yoast SEO plugin v26.6 - https:\/\/yoast.com\/wordpress\/plugins\/seo\/ -->\n<title>WinWinBet APK \u2014 Descargar e instalar en Android 2026 gratis<\/title>\n<meta name=\"description\" content=\"\u00a1Descarga gratis el APK de WinWinBet para Android! Instala la aplicaci\u00f3n en tu smartphone o tableta en cuesti\u00f3n de minutos y disfruta de las tragaperras, el casino en vivo y las bonificaciones desde cualquier lugar. Acceso r\u00e1pido a los juegos sin necesidad de un ordenador, ideal para usuarios de dispositivos m\u00f3viles.\" \/>\n<meta name=\"robots\" content=\"index, follow, max-snippet:-1, max-image-preview:large, max-video-preview:-1\" \/>\n<meta property=\"og:locale\" content=\"es_ES\" \/>\n<meta property=\"og:type\" content=\"article\" \/>\n<meta property=\"og:title\" content=\"WinWinBet APK \u2014 Descargar e instalar en Android 2026 gratis\" \/>\n<meta property=\"og:description\" content=\"\u00a1Descarga gratis el APK de WinWinBet para Android! Instala la aplicaci\u00f3n en tu smartphone o tableta en cuesti\u00f3n de minutos y disfruta de las tragaperras, el casino en vivo y las bonificaciones desde cualquier lugar. Acceso r\u00e1pido a los juegos sin necesidad de un ordenador, ideal para usuarios de dispositivos m\u00f3viles.\" \/>\n<meta property=\"og:url\" content=\"https:\/\/winwinbet.games\/es\/apk\/\" \/>\n<meta property=\"og:site_name\" content=\"My Blog ES\" \/>\n<meta property=\"article:modified_time\" content=\"2026-04-16T09:43:47+00:00\" \/>\n<meta name=\"twitter:card\" content=\"summary_large_image\" \/>\n<script type=\"application\/ld+json\" class=\"yoast-schema-graph\">{\"@context\":\"https:\/\/schema.org\",\"@graph\":[{\"@type\":\"WebPage\",\"@id\":\"https:\/\/winwinbet.games\/es\/apk\/\",\"url\":\"https:\/\/winwinbet.games\/es\/apk\/\",\"name\":\"WinWinBet APK \u2014 Descargar e instalar en Android 2026 gratis\",\"isPartOf\":{\"@id\":\"https:\/\/winwinbet.games\/es\/#website\"},\"datePublished\":\"2026-04-13T09:11:26+00:00\",\"dateModified\":\"2026-04-16T09:43:47+00:00\",\"description\":\"\u00a1Descarga gratis el APK de WinWinBet para Android! Instala la aplicaci\u00f3n en tu smartphone o tableta en cuesti\u00f3n de minutos y disfruta de las tragaperras, el casino en vivo y las bonificaciones desde cualquier lugar. Acceso r\u00e1pido a los juegos sin necesidad de un ordenador, ideal para usuarios de dispositivos m\u00f3viles.\",\"breadcrumb\":{\"@id\":\"https:\/\/winwinbet.games\/es\/apk\/#breadcrumb\"},\"inLanguage\":\"es\",\"potentialAction\":[{\"@type\":\"ReadAction\",\"target\":[\"https:\/\/winwinbet.games\/es\/apk\/\"]}]},{\"@type\":\"BreadcrumbList\",\"@id\":\"https:\/\/winwinbet.games\/es\/apk\/#breadcrumb\",\"itemListElement\":[{\"@type\":\"ListItem\",\"position\":1,\"name\":\"Home\",\"item\":\"https:\/\/winwinbet.games\/es\/\"},{\"@type\":\"ListItem\",\"position\":2,\"name\":\"Apk\"}]},{\"@type\":\"WebSite\",\"@id\":\"https:\/\/winwinbet.games\/es\/#website\",\"url\":\"https:\/\/winwinbet.games\/es\/\",\"name\":\"My Blog ES\",\"description\":\"My WordPress Blog\",\"potentialAction\":[{\"@type\":\"SearchAction\",\"target\":{\"@type\":\"EntryPoint\",\"urlTemplate\":\"https:\/\/winwinbet.games\/es\/?s={search_term_string}\"},\"query-input\":{\"@type\":\"PropertyValueSpecification\",\"valueRequired\":true,\"valueName\":\"search_term_string\"}}],\"inLanguage\":\"es\"}]}<\/script>\n<!-- \/ Yoast SEO plugin. -->","yoast_head_json":{"title":"WinWinBet APK \u2014 Descargar e instalar en Android 2026 gratis","description":"\u00a1Descarga gratis el APK de WinWinBet para Android! Instala la aplicaci\u00f3n en tu smartphone o tableta en cuesti\u00f3n de minutos y disfruta de las tragaperras, el casino en vivo y las bonificaciones desde cualquier lugar. Acceso r\u00e1pido a los juegos sin necesidad de un ordenador, ideal para usuarios de dispositivos m\u00f3viles.","robots":{"index":"index","follow":"follow","max-snippet":"max-snippet:-1","max-image-preview":"max-image-preview:large","max-video-preview":"max-video-preview:-1"},"og_locale":"es_ES","og_type":"article","og_title":"WinWinBet APK \u2014 Descargar e instalar en Android 2026 gratis","og_description":"\u00a1Descarga gratis el APK de WinWinBet para Android! Instala la aplicaci\u00f3n en tu smartphone o tableta en cuesti\u00f3n de minutos y disfruta de las tragaperras, el casino en vivo y las bonificaciones desde cualquier lugar. Acceso r\u00e1pido a los juegos sin necesidad de un ordenador, ideal para usuarios de dispositivos m\u00f3viles.","og_url":"https:\/\/winwinbet.games\/es\/apk\/","og_site_name":"My Blog ES","article_modified_time":"2026-04-16T09:43:47+00:00","twitter_card":"summary_large_image","schema":{"@context":"https:\/\/schema.org","@graph":[{"@type":"WebPage","@id":"https:\/\/winwinbet.games\/es\/apk\/","url":"https:\/\/winwinbet.games\/es\/apk\/","name":"WinWinBet APK \u2014 Descargar e instalar en Android 2026 gratis","isPartOf":{"@id":"https:\/\/winwinbet.games\/es\/#website"},"datePublished":"2026-04-13T09:11:26+00:00","dateModified":"2026-04-16T09:43:47+00:00","description":"\u00a1Descarga gratis el APK de WinWinBet para Android! Instala la aplicaci\u00f3n en tu smartphone o tableta en cuesti\u00f3n de minutos y disfruta de las tragaperras, el casino en vivo y las bonificaciones desde cualquier lugar. Acceso r\u00e1pido a los juegos sin necesidad de un ordenador, ideal para usuarios de dispositivos m\u00f3viles.","breadcrumb":{"@id":"https:\/\/winwinbet.games\/es\/apk\/#breadcrumb"},"inLanguage":"es","potentialAction":[{"@type":"ReadAction","target":["https:\/\/winwinbet.games\/es\/apk\/"]}]},{"@type":"BreadcrumbList","@id":"https:\/\/winwinbet.games\/es\/apk\/#breadcrumb","itemListElement":[{"@type":"ListItem","position":1,"name":"Home","item":"https:\/\/winwinbet.games\/es\/"},{"@type":"ListItem","position":2,"name":"Apk"}]},{"@type":"WebSite","@id":"https:\/\/winwinbet.games\/es\/#website","url":"https:\/\/winwinbet.games\/es\/","name":"My Blog ES","description":"My WordPress Blog","potentialAction":[{"@type":"SearchAction","target":{"@type":"EntryPoint","urlTemplate":"https:\/\/winwinbet.games\/es\/?s={search_term_string}"},"query-input":{"@type":"PropertyValueSpecification","valueRequired":true,"valueName":"search_term_string"}}],"inLanguage":"es"}]}},"_links":{"self":[{"href":"https:\/\/winwinbet.games\/es\/wp-json\/wp\/v2\/pages\/405","targetHints":{"allow":["GET"]}}],"collection":[{"href":"https:\/\/winwinbet.games\/es\/wp-json\/wp\/v2\/pages"}],"about":[{"href":"https:\/\/winwinbet.games\/es\/wp-json\/wp\/v2\/types\/page"}],"author":[{"embeddable":true,"href":"https:\/\/winwinbet.games\/es\/wp-json\/wp\/v2\/users\/1"}],"replies":[{"embeddable":true,"href":"https:\/\/winwinbet.games\/es\/wp-json\/wp\/v2\/comments?post=405"}],"version-history":[{"count":5,"href":"https:\/\/winwinbet.games\/es\/wp-json\/wp\/v2\/pages\/405\/revisions"}],"predecessor-version":[{"id":456,"href":"https:\/\/winwinbet.games\/es\/wp-json\/wp\/v2\/pages\/405\/revisions\/456"}],"wp:attachment":[{"href":"https:\/\/winwinbet.games\/es\/wp-json\/wp\/v2\/media?parent=405"}],"curies":[{"name":"wp","href":"https:\/\/api.w.org\/{rel}","templated":true}]}}