{"id":2,"date":"2023-05-18T17:18:34","date_gmt":"2023-05-18T17:18:34","guid":{"rendered":"https:\/\/winwinbet.games\/pl\/?page_id=2"},"modified":"2026-04-18T05:29:49","modified_gmt":"2026-04-18T05:29:49","slug":"sample-page","status":"publish","type":"page","link":"https:\/\/winwinbet.games\/pl\/","title":{"rendered":"Strona g\u0142\u00f3wna"},"content":{"rendered":"","protected":false},"excerpt":{"rendered":"","protected":false},"author":1,"featured_media":0,"parent":0,"menu_order":0,"comment_status":"closed","ping_status":"open","template":"","meta":{"footnotes":""},"class_list":["post-2","page","type-page","status-publish","hentry"],"yoast_head":"<!-- This site is optimized with the Yoast SEO plugin v26.6 - https:\/\/yoast.com\/wordpress\/plugins\/seo\/ -->\n<title>WinWin Bet \u2014 Bukmacher i Kasyno ze 100% bonusem do 1 800 z\u0142<\/title>\n<meta name=\"description\" content=\"WinWin Bet \u2013 zak\u0142ady sportowe i kasyno online z wysokimi kursami i szybk\u0105 rejestracj\u0105. Zak\u0142ady na \u017cywo, ponad 8 000 gier, bonus 100% do 1 800 z\u0142 + 150 darmowych spin\u00f3w oraz natychmiastowe wyp\u0142aty.\" \/>\n<meta name=\"robots\" content=\"index, follow, max-snippet:-1, max-image-preview:large, max-video-preview:-1\" \/>\n<meta property=\"og:locale\" content=\"pl_PL\" \/>\n<meta property=\"og:type\" content=\"article\" \/>\n<meta property=\"og:title\" content=\"WinWin Bet \u2014 Bukmacher i Kasyno ze 100% bonusem do 1 800 z\u0142\" \/>\n<meta property=\"og:description\" content=\"WinWin Bet \u2013 zak\u0142ady sportowe i kasyno online z wysokimi kursami i szybk\u0105 rejestracj\u0105. Zak\u0142ady na \u017cywo, ponad 8 000 gier, bonus 100% do 1 800 z\u0142 + 150 darmowych spin\u00f3w oraz natychmiastowe wyp\u0142aty.\" \/>\n<meta property=\"og:url\" content=\"https:\/\/winwinbet.games\/pl\/\" \/>\n<meta property=\"og:site_name\" content=\"My Blog PL\" \/>\n<meta property=\"article:modified_time\" content=\"2026-04-18T05:29:49+00:00\" \/>\n<meta name=\"twitter:card\" content=\"summary_large_image\" \/>\n<script type=\"application\/ld+json\" class=\"yoast-schema-graph\">{\"@context\":\"https:\/\/schema.org\",\"@graph\":[{\"@type\":\"WebPage\",\"@id\":\"https:\/\/winwinbet.games\/pl\/\",\"url\":\"https:\/\/winwinbet.games\/pl\/\",\"name\":\"WinWin Bet \u2014 Bukmacher i Kasyno ze 100% bonusem do 1 800 z\u0142\",\"isPartOf\":{\"@id\":\"https:\/\/winwinbet.games\/pl\/#website\"},\"datePublished\":\"2023-05-18T17:18:34+00:00\",\"dateModified\":\"2026-04-18T05:29:49+00:00\",\"description\":\"WinWin Bet \u2013 zak\u0142ady sportowe i kasyno online z wysokimi kursami i szybk\u0105 rejestracj\u0105. Zak\u0142ady na \u017cywo, ponad 8 000 gier, bonus 100% do 1 800 z\u0142 + 150 darmowych spin\u00f3w oraz natychmiastowe wyp\u0142aty.\",\"breadcrumb\":{\"@id\":\"https:\/\/winwinbet.games\/pl\/#breadcrumb\"},\"inLanguage\":\"pl-PL\",\"potentialAction\":[{\"@type\":\"ReadAction\",\"target\":[\"https:\/\/winwinbet.games\/pl\/\"]}]},{\"@type\":\"BreadcrumbList\",\"@id\":\"https:\/\/winwinbet.games\/pl\/#breadcrumb\",\"itemListElement\":[{\"@type\":\"ListItem\",\"position\":1,\"name\":\"Home\",\"item\":\"https:\/\/winwinbet.games\/pl\/\"},{\"@type\":\"ListItem\",\"position\":2,\"name\":\"Strona g\u0142\u00f3wna\"}]},{\"@type\":\"WebSite\",\"@id\":\"https:\/\/winwinbet.games\/pl\/#website\",\"url\":\"https:\/\/winwinbet.games\/pl\/\",\"name\":\"My Blog PL\",\"description\":\"My WordPress Blog\",\"potentialAction\":[{\"@type\":\"SearchAction\",\"target\":{\"@type\":\"EntryPoint\",\"urlTemplate\":\"https:\/\/winwinbet.games\/pl\/?s={search_term_string}\"},\"query-input\":{\"@type\":\"PropertyValueSpecification\",\"valueRequired\":true,\"valueName\":\"search_term_string\"}}],\"inLanguage\":\"pl-PL\"}]}<\/script>\n<!-- \/ Yoast SEO plugin. -->","yoast_head_json":{"title":"WinWin Bet \u2014 Bukmacher i Kasyno ze 100% bonusem do 1 800 z\u0142","description":"WinWin Bet \u2013 zak\u0142ady sportowe i kasyno online z wysokimi kursami i szybk\u0105 rejestracj\u0105. Zak\u0142ady na \u017cywo, ponad 8 000 gier, bonus 100% do 1 800 z\u0142 + 150 darmowych spin\u00f3w oraz natychmiastowe wyp\u0142aty.","robots":{"index":"index","follow":"follow","max-snippet":"max-snippet:-1","max-image-preview":"max-image-preview:large","max-video-preview":"max-video-preview:-1"},"og_locale":"pl_PL","og_type":"article","og_title":"WinWin Bet \u2014 Bukmacher i Kasyno ze 100% bonusem do 1 800 z\u0142","og_description":"WinWin Bet \u2013 zak\u0142ady sportowe i kasyno online z wysokimi kursami i szybk\u0105 rejestracj\u0105. Zak\u0142ady na \u017cywo, ponad 8 000 gier, bonus 100% do 1 800 z\u0142 + 150 darmowych spin\u00f3w oraz natychmiastowe wyp\u0142aty.","og_url":"https:\/\/winwinbet.games\/pl\/","og_site_name":"My Blog PL","article_modified_time":"2026-04-18T05:29:49+00:00","twitter_card":"summary_large_image","schema":{"@context":"https:\/\/schema.org","@graph":[{"@type":"WebPage","@id":"https:\/\/winwinbet.games\/pl\/","url":"https:\/\/winwinbet.games\/pl\/","name":"WinWin Bet \u2014 Bukmacher i Kasyno ze 100% bonusem do 1 800 z\u0142","isPartOf":{"@id":"https:\/\/winwinbet.games\/pl\/#website"},"datePublished":"2023-05-18T17:18:34+00:00","dateModified":"2026-04-18T05:29:49+00:00","description":"WinWin Bet \u2013 zak\u0142ady sportowe i kasyno online z wysokimi kursami i szybk\u0105 rejestracj\u0105. Zak\u0142ady na \u017cywo, ponad 8 000 gier, bonus 100% do 1 800 z\u0142 + 150 darmowych spin\u00f3w oraz natychmiastowe wyp\u0142aty.","breadcrumb":{"@id":"https:\/\/winwinbet.games\/pl\/#breadcrumb"},"inLanguage":"pl-PL","potentialAction":[{"@type":"ReadAction","target":["https:\/\/winwinbet.games\/pl\/"]}]},{"@type":"BreadcrumbList","@id":"https:\/\/winwinbet.games\/pl\/#breadcrumb","itemListElement":[{"@type":"ListItem","position":1,"name":"Home","item":"https:\/\/winwinbet.games\/pl\/"},{"@type":"ListItem","position":2,"name":"Strona g\u0142\u00f3wna"}]},{"@type":"WebSite","@id":"https:\/\/winwinbet.games\/pl\/#website","url":"https:\/\/winwinbet.games\/pl\/","name":"My Blog PL","description":"My WordPress Blog","potentialAction":[{"@type":"SearchAction","target":{"@type":"EntryPoint","urlTemplate":"https:\/\/winwinbet.games\/pl\/?s={search_term_string}"},"query-input":{"@type":"PropertyValueSpecification","valueRequired":true,"valueName":"search_term_string"}}],"inLanguage":"pl-PL"}]}},"_links":{"self":[{"href":"https:\/\/winwinbet.games\/pl\/wp-json\/wp\/v2\/pages\/2","targetHints":{"allow":["GET"]}}],"collection":[{"href":"https:\/\/winwinbet.games\/pl\/wp-json\/wp\/v2\/pages"}],"about":[{"href":"https:\/\/winwinbet.games\/pl\/wp-json\/wp\/v2\/types\/page"}],"author":[{"embeddable":true,"href":"https:\/\/winwinbet.games\/pl\/wp-json\/wp\/v2\/users\/1"}],"replies":[{"embeddable":true,"href":"https:\/\/winwinbet.games\/pl\/wp-json\/wp\/v2\/comments?post=2"}],"version-history":[{"count":5,"href":"https:\/\/winwinbet.games\/pl\/wp-json\/wp\/v2\/pages\/2\/revisions"}],"predecessor-version":[{"id":476,"href":"https:\/\/winwinbet.games\/pl\/wp-json\/wp\/v2\/pages\/2\/revisions\/476"}],"wp:attachment":[{"href":"https:\/\/winwinbet.games\/pl\/wp-json\/wp\/v2\/media?parent=2"}],"curies":[{"name":"wp","href":"https:\/\/api.w.org\/{rel}","templated":true}]}}