{"id":261,"date":"2026-01-14T08:28:16","date_gmt":"2026-01-14T08:28:16","guid":{"rendered":"https:\/\/winwinbet.games\/pl\/?page_id=261"},"modified":"2026-04-17T08:43:05","modified_gmt":"2026-04-17T08:43:05","slug":"login","status":"publish","type":"page","link":"https:\/\/winwinbet.games\/pl\/login\/","title":{"rendered":"Zaloguj si\u0119"},"content":{"rendered":"","protected":false},"excerpt":{"rendered":"","protected":false},"author":1,"featured_media":0,"parent":0,"menu_order":0,"comment_status":"closed","ping_status":"closed","template":"","meta":{"footnotes":""},"class_list":["post-261","page","type-page","status-publish","hentry"],"yoast_head":"<!-- This site is optimized with the Yoast SEO plugin v26.6 - https:\/\/yoast.com\/wordpress\/plugins\/seo\/ -->\n<title>WinWin Bet Login \u2014 dost\u0119p do konta w serwisie i aplikacji<\/title>\n<meta name=\"description\" content=\"Zaloguj si\u0119 na swoje konto osobiste w serwisie WinWin Bet za po\u015brednictwem oficjalnej strony internetowej, serwisu lustrzanego lub aplikacji mobilnej. Instrukcje dotycz\u0105ce logowania, odzyskiwania has\u0142a, uwierzytelniania dwusk\u0142adnikowego oraz uzyskiwania dost\u0119pu do konta w przypadku jego zablokowania. Szybkie logowanie umo\u017cliwiaj\u0105ce obstawianie zak\u0142ad\u00f3w i wyp\u0142at\u0119 \u015brodk\u00f3w.\" \/>\n<meta name=\"robots\" content=\"index, follow, max-snippet:-1, max-image-preview:large, max-video-preview:-1\" \/>\n<meta property=\"og:locale\" content=\"pl_PL\" \/>\n<meta property=\"og:type\" content=\"article\" \/>\n<meta property=\"og:title\" content=\"WinWin Bet Login \u2014 dost\u0119p do konta w serwisie i aplikacji\" \/>\n<meta property=\"og:description\" content=\"Zaloguj si\u0119 na swoje konto osobiste w serwisie WinWin Bet za po\u015brednictwem oficjalnej strony internetowej, serwisu lustrzanego lub aplikacji mobilnej. Instrukcje dotycz\u0105ce logowania, odzyskiwania has\u0142a, uwierzytelniania dwusk\u0142adnikowego oraz uzyskiwania dost\u0119pu do konta w przypadku jego zablokowania. Szybkie logowanie umo\u017cliwiaj\u0105ce obstawianie zak\u0142ad\u00f3w i wyp\u0142at\u0119 \u015brodk\u00f3w.\" \/>\n<meta property=\"og:url\" content=\"https:\/\/winwinbet.games\/pl\/login\/\" \/>\n<meta property=\"og:site_name\" content=\"My Blog PL\" \/>\n<meta property=\"article:modified_time\" content=\"2026-04-17T08:43:05+00:00\" \/>\n<meta name=\"twitter:card\" content=\"summary_large_image\" \/>\n<script type=\"application\/ld+json\" class=\"yoast-schema-graph\">{\"@context\":\"https:\/\/schema.org\",\"@graph\":[{\"@type\":\"WebPage\",\"@id\":\"https:\/\/winwinbet.games\/pl\/login\/\",\"url\":\"https:\/\/winwinbet.games\/pl\/login\/\",\"name\":\"WinWin Bet Login \u2014 dost\u0119p do konta w serwisie i aplikacji\",\"isPartOf\":{\"@id\":\"https:\/\/winwinbet.games\/pl\/#website\"},\"datePublished\":\"2026-01-14T08:28:16+00:00\",\"dateModified\":\"2026-04-17T08:43:05+00:00\",\"description\":\"Zaloguj si\u0119 na swoje konto osobiste w serwisie WinWin Bet za po\u015brednictwem oficjalnej strony internetowej, serwisu lustrzanego lub aplikacji mobilnej. Instrukcje dotycz\u0105ce logowania, odzyskiwania has\u0142a, uwierzytelniania dwusk\u0142adnikowego oraz uzyskiwania dost\u0119pu do konta w przypadku jego zablokowania. Szybkie logowanie umo\u017cliwiaj\u0105ce obstawianie zak\u0142ad\u00f3w i wyp\u0142at\u0119 \u015brodk\u00f3w.\",\"breadcrumb\":{\"@id\":\"https:\/\/winwinbet.games\/pl\/login\/#breadcrumb\"},\"inLanguage\":\"pl-PL\",\"potentialAction\":[{\"@type\":\"ReadAction\",\"target\":[\"https:\/\/winwinbet.games\/pl\/login\/\"]}]},{\"@type\":\"BreadcrumbList\",\"@id\":\"https:\/\/winwinbet.games\/pl\/login\/#breadcrumb\",\"itemListElement\":[{\"@type\":\"ListItem\",\"position\":1,\"name\":\"Home\",\"item\":\"https:\/\/winwinbet.games\/pl\/\"},{\"@type\":\"ListItem\",\"position\":2,\"name\":\"Zaloguj si\u0119\"}]},{\"@type\":\"WebSite\",\"@id\":\"https:\/\/winwinbet.games\/pl\/#website\",\"url\":\"https:\/\/winwinbet.games\/pl\/\",\"name\":\"My Blog PL\",\"description\":\"My WordPress Blog\",\"potentialAction\":[{\"@type\":\"SearchAction\",\"target\":{\"@type\":\"EntryPoint\",\"urlTemplate\":\"https:\/\/winwinbet.games\/pl\/?s={search_term_string}\"},\"query-input\":{\"@type\":\"PropertyValueSpecification\",\"valueRequired\":true,\"valueName\":\"search_term_string\"}}],\"inLanguage\":\"pl-PL\"}]}<\/script>\n<!-- \/ Yoast SEO plugin. -->","yoast_head_json":{"title":"WinWin Bet Login \u2014 dost\u0119p do konta w serwisie i aplikacji","description":"Zaloguj si\u0119 na swoje konto osobiste w serwisie WinWin Bet za po\u015brednictwem oficjalnej strony internetowej, serwisu lustrzanego lub aplikacji mobilnej. Instrukcje dotycz\u0105ce logowania, odzyskiwania has\u0142a, uwierzytelniania dwusk\u0142adnikowego oraz uzyskiwania dost\u0119pu do konta w przypadku jego zablokowania. Szybkie logowanie umo\u017cliwiaj\u0105ce obstawianie zak\u0142ad\u00f3w i wyp\u0142at\u0119 \u015brodk\u00f3w.","robots":{"index":"index","follow":"follow","max-snippet":"max-snippet:-1","max-image-preview":"max-image-preview:large","max-video-preview":"max-video-preview:-1"},"og_locale":"pl_PL","og_type":"article","og_title":"WinWin Bet Login \u2014 dost\u0119p do konta w serwisie i aplikacji","og_description":"Zaloguj si\u0119 na swoje konto osobiste w serwisie WinWin Bet za po\u015brednictwem oficjalnej strony internetowej, serwisu lustrzanego lub aplikacji mobilnej. Instrukcje dotycz\u0105ce logowania, odzyskiwania has\u0142a, uwierzytelniania dwusk\u0142adnikowego oraz uzyskiwania dost\u0119pu do konta w przypadku jego zablokowania. Szybkie logowanie umo\u017cliwiaj\u0105ce obstawianie zak\u0142ad\u00f3w i wyp\u0142at\u0119 \u015brodk\u00f3w.","og_url":"https:\/\/winwinbet.games\/pl\/login\/","og_site_name":"My Blog PL","article_modified_time":"2026-04-17T08:43:05+00:00","twitter_card":"summary_large_image","schema":{"@context":"https:\/\/schema.org","@graph":[{"@type":"WebPage","@id":"https:\/\/winwinbet.games\/pl\/login\/","url":"https:\/\/winwinbet.games\/pl\/login\/","name":"WinWin Bet Login \u2014 dost\u0119p do konta w serwisie i aplikacji","isPartOf":{"@id":"https:\/\/winwinbet.games\/pl\/#website"},"datePublished":"2026-01-14T08:28:16+00:00","dateModified":"2026-04-17T08:43:05+00:00","description":"Zaloguj si\u0119 na swoje konto osobiste w serwisie WinWin Bet za po\u015brednictwem oficjalnej strony internetowej, serwisu lustrzanego lub aplikacji mobilnej. Instrukcje dotycz\u0105ce logowania, odzyskiwania has\u0142a, uwierzytelniania dwusk\u0142adnikowego oraz uzyskiwania dost\u0119pu do konta w przypadku jego zablokowania. Szybkie logowanie umo\u017cliwiaj\u0105ce obstawianie zak\u0142ad\u00f3w i wyp\u0142at\u0119 \u015brodk\u00f3w.","breadcrumb":{"@id":"https:\/\/winwinbet.games\/pl\/login\/#breadcrumb"},"inLanguage":"pl-PL","potentialAction":[{"@type":"ReadAction","target":["https:\/\/winwinbet.games\/pl\/login\/"]}]},{"@type":"BreadcrumbList","@id":"https:\/\/winwinbet.games\/pl\/login\/#breadcrumb","itemListElement":[{"@type":"ListItem","position":1,"name":"Home","item":"https:\/\/winwinbet.games\/pl\/"},{"@type":"ListItem","position":2,"name":"Zaloguj si\u0119"}]},{"@type":"WebSite","@id":"https:\/\/winwinbet.games\/pl\/#website","url":"https:\/\/winwinbet.games\/pl\/","name":"My Blog PL","description":"My WordPress Blog","potentialAction":[{"@type":"SearchAction","target":{"@type":"EntryPoint","urlTemplate":"https:\/\/winwinbet.games\/pl\/?s={search_term_string}"},"query-input":{"@type":"PropertyValueSpecification","valueRequired":true,"valueName":"search_term_string"}}],"inLanguage":"pl-PL"}]}},"_links":{"self":[{"href":"https:\/\/winwinbet.games\/pl\/wp-json\/wp\/v2\/pages\/261","targetHints":{"allow":["GET"]}}],"collection":[{"href":"https:\/\/winwinbet.games\/pl\/wp-json\/wp\/v2\/pages"}],"about":[{"href":"https:\/\/winwinbet.games\/pl\/wp-json\/wp\/v2\/types\/page"}],"author":[{"embeddable":true,"href":"https:\/\/winwinbet.games\/pl\/wp-json\/wp\/v2\/users\/1"}],"replies":[{"embeddable":true,"href":"https:\/\/winwinbet.games\/pl\/wp-json\/wp\/v2\/comments?post=261"}],"version-history":[{"count":5,"href":"https:\/\/winwinbet.games\/pl\/wp-json\/wp\/v2\/pages\/261\/revisions"}],"predecessor-version":[{"id":469,"href":"https:\/\/winwinbet.games\/pl\/wp-json\/wp\/v2\/pages\/261\/revisions\/469"}],"wp:attachment":[{"href":"https:\/\/winwinbet.games\/pl\/wp-json\/wp\/v2\/media?parent=261"}],"curies":[{"name":"wp","href":"https:\/\/api.w.org\/{rel}","templated":true}]}}