{"id":279,"date":"2026-04-08T13:22:45","date_gmt":"2026-04-08T13:22:45","guid":{"rendered":"https:\/\/winwinbet.games\/pl\/?page_id=279"},"modified":"2026-04-17T07:38:36","modified_gmt":"2026-04-17T07:38:36","slug":"app","status":"publish","type":"page","link":"https:\/\/winwinbet.games\/pl\/app\/","title":{"rendered":"Aplikacja"},"content":{"rendered":"","protected":false},"excerpt":{"rendered":"","protected":false},"author":1,"featured_media":0,"parent":0,"menu_order":0,"comment_status":"closed","ping_status":"closed","template":"","meta":{"footnotes":""},"class_list":["post-279","page","type-page","status-publish","hentry"],"yoast_head":"<!-- This site is optimized with the Yoast SEO plugin v26.6 - https:\/\/yoast.com\/wordpress\/plugins\/seo\/ -->\n<title>Aplikacja WinWin Bet \u2014 pobierz za darmo na Androida i iOS<\/title>\n<meta name=\"description\" content=\"Pobierz aplikacj\u0119 WinWin Bet na Androida i iOS, aby uzyska\u0107 pe\u0142ny dost\u0119p do zak\u0142ad\u00f3w sportowych i gier kasynowych online bezpo\u015brednio z telefonu. Wygodny plik APK, szybkie logowanie, bonus dla nowych graczy oraz ca\u0142odobowa obs\u0142uga klienta\" \/>\n<meta name=\"robots\" content=\"index, follow, max-snippet:-1, max-image-preview:large, max-video-preview:-1\" \/>\n<meta property=\"og:locale\" content=\"pl_PL\" \/>\n<meta property=\"og:type\" content=\"article\" \/>\n<meta property=\"og:title\" content=\"Aplikacja WinWin Bet \u2014 pobierz za darmo na Androida i iOS\" \/>\n<meta property=\"og:description\" content=\"Pobierz aplikacj\u0119 WinWin Bet na Androida i iOS, aby uzyska\u0107 pe\u0142ny dost\u0119p do zak\u0142ad\u00f3w sportowych i gier kasynowych online bezpo\u015brednio z telefonu. Wygodny plik APK, szybkie logowanie, bonus dla nowych graczy oraz ca\u0142odobowa obs\u0142uga klienta\" \/>\n<meta property=\"og:url\" content=\"https:\/\/winwinbet.games\/pl\/app\/\" \/>\n<meta property=\"og:site_name\" content=\"My Blog PL\" \/>\n<meta property=\"article:modified_time\" content=\"2026-04-17T07:38:36+00:00\" \/>\n<meta name=\"twitter:card\" content=\"summary_large_image\" \/>\n<script type=\"application\/ld+json\" class=\"yoast-schema-graph\">{\"@context\":\"https:\/\/schema.org\",\"@graph\":[{\"@type\":\"WebPage\",\"@id\":\"https:\/\/winwinbet.games\/pl\/app\/\",\"url\":\"https:\/\/winwinbet.games\/pl\/app\/\",\"name\":\"Aplikacja WinWin Bet \u2014 pobierz za darmo na Androida i iOS\",\"isPartOf\":{\"@id\":\"https:\/\/winwinbet.games\/pl\/#website\"},\"datePublished\":\"2026-04-08T13:22:45+00:00\",\"dateModified\":\"2026-04-17T07:38:36+00:00\",\"description\":\"Pobierz aplikacj\u0119 WinWin Bet na Androida i iOS, aby uzyska\u0107 pe\u0142ny dost\u0119p do zak\u0142ad\u00f3w sportowych i gier kasynowych online bezpo\u015brednio z telefonu. Wygodny plik APK, szybkie logowanie, bonus dla nowych graczy oraz ca\u0142odobowa obs\u0142uga klienta\",\"breadcrumb\":{\"@id\":\"https:\/\/winwinbet.games\/pl\/app\/#breadcrumb\"},\"inLanguage\":\"pl-PL\",\"potentialAction\":[{\"@type\":\"ReadAction\",\"target\":[\"https:\/\/winwinbet.games\/pl\/app\/\"]}]},{\"@type\":\"BreadcrumbList\",\"@id\":\"https:\/\/winwinbet.games\/pl\/app\/#breadcrumb\",\"itemListElement\":[{\"@type\":\"ListItem\",\"position\":1,\"name\":\"Home\",\"item\":\"https:\/\/winwinbet.games\/pl\/\"},{\"@type\":\"ListItem\",\"position\":2,\"name\":\"Aplikacja\"}]},{\"@type\":\"WebSite\",\"@id\":\"https:\/\/winwinbet.games\/pl\/#website\",\"url\":\"https:\/\/winwinbet.games\/pl\/\",\"name\":\"My Blog PL\",\"description\":\"My WordPress Blog\",\"potentialAction\":[{\"@type\":\"SearchAction\",\"target\":{\"@type\":\"EntryPoint\",\"urlTemplate\":\"https:\/\/winwinbet.games\/pl\/?s={search_term_string}\"},\"query-input\":{\"@type\":\"PropertyValueSpecification\",\"valueRequired\":true,\"valueName\":\"search_term_string\"}}],\"inLanguage\":\"pl-PL\"}]}<\/script>\n<!-- \/ Yoast SEO plugin. -->","yoast_head_json":{"title":"Aplikacja WinWin Bet \u2014 pobierz za darmo na Androida i iOS","description":"Pobierz aplikacj\u0119 WinWin Bet na Androida i iOS, aby uzyska\u0107 pe\u0142ny dost\u0119p do zak\u0142ad\u00f3w sportowych i gier kasynowych online bezpo\u015brednio z telefonu. Wygodny plik APK, szybkie logowanie, bonus dla nowych graczy oraz ca\u0142odobowa obs\u0142uga klienta","robots":{"index":"index","follow":"follow","max-snippet":"max-snippet:-1","max-image-preview":"max-image-preview:large","max-video-preview":"max-video-preview:-1"},"og_locale":"pl_PL","og_type":"article","og_title":"Aplikacja WinWin Bet \u2014 pobierz za darmo na Androida i iOS","og_description":"Pobierz aplikacj\u0119 WinWin Bet na Androida i iOS, aby uzyska\u0107 pe\u0142ny dost\u0119p do zak\u0142ad\u00f3w sportowych i gier kasynowych online bezpo\u015brednio z telefonu. Wygodny plik APK, szybkie logowanie, bonus dla nowych graczy oraz ca\u0142odobowa obs\u0142uga klienta","og_url":"https:\/\/winwinbet.games\/pl\/app\/","og_site_name":"My Blog PL","article_modified_time":"2026-04-17T07:38:36+00:00","twitter_card":"summary_large_image","schema":{"@context":"https:\/\/schema.org","@graph":[{"@type":"WebPage","@id":"https:\/\/winwinbet.games\/pl\/app\/","url":"https:\/\/winwinbet.games\/pl\/app\/","name":"Aplikacja WinWin Bet \u2014 pobierz za darmo na Androida i iOS","isPartOf":{"@id":"https:\/\/winwinbet.games\/pl\/#website"},"datePublished":"2026-04-08T13:22:45+00:00","dateModified":"2026-04-17T07:38:36+00:00","description":"Pobierz aplikacj\u0119 WinWin Bet na Androida i iOS, aby uzyska\u0107 pe\u0142ny dost\u0119p do zak\u0142ad\u00f3w sportowych i gier kasynowych online bezpo\u015brednio z telefonu. Wygodny plik APK, szybkie logowanie, bonus dla nowych graczy oraz ca\u0142odobowa obs\u0142uga klienta","breadcrumb":{"@id":"https:\/\/winwinbet.games\/pl\/app\/#breadcrumb"},"inLanguage":"pl-PL","potentialAction":[{"@type":"ReadAction","target":["https:\/\/winwinbet.games\/pl\/app\/"]}]},{"@type":"BreadcrumbList","@id":"https:\/\/winwinbet.games\/pl\/app\/#breadcrumb","itemListElement":[{"@type":"ListItem","position":1,"name":"Home","item":"https:\/\/winwinbet.games\/pl\/"},{"@type":"ListItem","position":2,"name":"Aplikacja"}]},{"@type":"WebSite","@id":"https:\/\/winwinbet.games\/pl\/#website","url":"https:\/\/winwinbet.games\/pl\/","name":"My Blog PL","description":"My WordPress Blog","potentialAction":[{"@type":"SearchAction","target":{"@type":"EntryPoint","urlTemplate":"https:\/\/winwinbet.games\/pl\/?s={search_term_string}"},"query-input":{"@type":"PropertyValueSpecification","valueRequired":true,"valueName":"search_term_string"}}],"inLanguage":"pl-PL"}]}},"_links":{"self":[{"href":"https:\/\/winwinbet.games\/pl\/wp-json\/wp\/v2\/pages\/279","targetHints":{"allow":["GET"]}}],"collection":[{"href":"https:\/\/winwinbet.games\/pl\/wp-json\/wp\/v2\/pages"}],"about":[{"href":"https:\/\/winwinbet.games\/pl\/wp-json\/wp\/v2\/types\/page"}],"author":[{"embeddable":true,"href":"https:\/\/winwinbet.games\/pl\/wp-json\/wp\/v2\/users\/1"}],"replies":[{"embeddable":true,"href":"https:\/\/winwinbet.games\/pl\/wp-json\/wp\/v2\/comments?post=279"}],"version-history":[{"count":5,"href":"https:\/\/winwinbet.games\/pl\/wp-json\/wp\/v2\/pages\/279\/revisions"}],"predecessor-version":[{"id":459,"href":"https:\/\/winwinbet.games\/pl\/wp-json\/wp\/v2\/pages\/279\/revisions\/459"}],"wp:attachment":[{"href":"https:\/\/winwinbet.games\/pl\/wp-json\/wp\/v2\/media?parent=279"}],"curies":[{"name":"wp","href":"https:\/\/api.w.org\/{rel}","templated":true}]}}