{"id":350,"date":"2026-04-09T12:10:43","date_gmt":"2026-04-09T12:10:43","guid":{"rendered":"https:\/\/winwinbet.games\/pl\/?page_id=350"},"modified":"2026-04-17T07:55:28","modified_gmt":"2026-04-17T07:55:28","slug":"bonus","status":"publish","type":"page","link":"https:\/\/winwinbet.games\/pl\/bonus\/","title":{"rendered":"Bonus"},"content":{"rendered":"","protected":false},"excerpt":{"rendered":"","protected":false},"author":1,"featured_media":0,"parent":0,"menu_order":0,"comment_status":"closed","ping_status":"closed","template":"","meta":{"footnotes":""},"class_list":["post-350","page","type-page","status-publish","hentry"],"yoast_head":"<!-- This site is optimized with the Yoast SEO plugin v26.6 - https:\/\/yoast.com\/wordpress\/plugins\/seo\/ -->\n<title>Bonusy WinWin \u2014 pakiet powitalny, promocje, darmowe zak\u0142ady<\/title>\n<meta name=\"description\" content=\"Bonusy WinWin Bet: hojny bonus powitalny, darmowe zak\u0142ady, bonusy bukmacherskie i kasynowe, cotygodniowe promocje oraz oferty specjalne dla nowych i sta\u0142ych graczy.\" \/>\n<meta name=\"robots\" content=\"index, follow, max-snippet:-1, max-image-preview:large, max-video-preview:-1\" \/>\n<meta property=\"og:locale\" content=\"pl_PL\" \/>\n<meta property=\"og:type\" content=\"article\" \/>\n<meta property=\"og:title\" content=\"Bonusy WinWin \u2014 pakiet powitalny, promocje, darmowe zak\u0142ady\" \/>\n<meta property=\"og:description\" content=\"Bonusy WinWin Bet: hojny bonus powitalny, darmowe zak\u0142ady, bonusy bukmacherskie i kasynowe, cotygodniowe promocje oraz oferty specjalne dla nowych i sta\u0142ych graczy.\" \/>\n<meta property=\"og:url\" content=\"https:\/\/winwinbet.games\/pl\/bonus\/\" \/>\n<meta property=\"og:site_name\" content=\"My Blog PL\" \/>\n<meta property=\"article:modified_time\" content=\"2026-04-17T07:55:28+00:00\" \/>\n<meta name=\"twitter:card\" content=\"summary_large_image\" \/>\n<script type=\"application\/ld+json\" class=\"yoast-schema-graph\">{\"@context\":\"https:\/\/schema.org\",\"@graph\":[{\"@type\":\"WebPage\",\"@id\":\"https:\/\/winwinbet.games\/pl\/bonus\/\",\"url\":\"https:\/\/winwinbet.games\/pl\/bonus\/\",\"name\":\"Bonusy WinWin \u2014 pakiet powitalny, promocje, darmowe zak\u0142ady\",\"isPartOf\":{\"@id\":\"https:\/\/winwinbet.games\/pl\/#website\"},\"datePublished\":\"2026-04-09T12:10:43+00:00\",\"dateModified\":\"2026-04-17T07:55:28+00:00\",\"description\":\"Bonusy WinWin Bet: hojny bonus powitalny, darmowe zak\u0142ady, bonusy bukmacherskie i kasynowe, cotygodniowe promocje oraz oferty specjalne dla nowych i sta\u0142ych graczy.\",\"breadcrumb\":{\"@id\":\"https:\/\/winwinbet.games\/pl\/bonus\/#breadcrumb\"},\"inLanguage\":\"pl-PL\",\"potentialAction\":[{\"@type\":\"ReadAction\",\"target\":[\"https:\/\/winwinbet.games\/pl\/bonus\/\"]}]},{\"@type\":\"BreadcrumbList\",\"@id\":\"https:\/\/winwinbet.games\/pl\/bonus\/#breadcrumb\",\"itemListElement\":[{\"@type\":\"ListItem\",\"position\":1,\"name\":\"Home\",\"item\":\"https:\/\/winwinbet.games\/pl\/\"},{\"@type\":\"ListItem\",\"position\":2,\"name\":\"Bonus\"}]},{\"@type\":\"WebSite\",\"@id\":\"https:\/\/winwinbet.games\/pl\/#website\",\"url\":\"https:\/\/winwinbet.games\/pl\/\",\"name\":\"My Blog PL\",\"description\":\"My WordPress Blog\",\"potentialAction\":[{\"@type\":\"SearchAction\",\"target\":{\"@type\":\"EntryPoint\",\"urlTemplate\":\"https:\/\/winwinbet.games\/pl\/?s={search_term_string}\"},\"query-input\":{\"@type\":\"PropertyValueSpecification\",\"valueRequired\":true,\"valueName\":\"search_term_string\"}}],\"inLanguage\":\"pl-PL\"}]}<\/script>\n<!-- \/ Yoast SEO plugin. -->","yoast_head_json":{"title":"Bonusy WinWin \u2014 pakiet powitalny, promocje, darmowe zak\u0142ady","description":"Bonusy WinWin Bet: hojny bonus powitalny, darmowe zak\u0142ady, bonusy bukmacherskie i kasynowe, cotygodniowe promocje oraz oferty specjalne dla nowych i sta\u0142ych graczy.","robots":{"index":"index","follow":"follow","max-snippet":"max-snippet:-1","max-image-preview":"max-image-preview:large","max-video-preview":"max-video-preview:-1"},"og_locale":"pl_PL","og_type":"article","og_title":"Bonusy WinWin \u2014 pakiet powitalny, promocje, darmowe zak\u0142ady","og_description":"Bonusy WinWin Bet: hojny bonus powitalny, darmowe zak\u0142ady, bonusy bukmacherskie i kasynowe, cotygodniowe promocje oraz oferty specjalne dla nowych i sta\u0142ych graczy.","og_url":"https:\/\/winwinbet.games\/pl\/bonus\/","og_site_name":"My Blog PL","article_modified_time":"2026-04-17T07:55:28+00:00","twitter_card":"summary_large_image","schema":{"@context":"https:\/\/schema.org","@graph":[{"@type":"WebPage","@id":"https:\/\/winwinbet.games\/pl\/bonus\/","url":"https:\/\/winwinbet.games\/pl\/bonus\/","name":"Bonusy WinWin \u2014 pakiet powitalny, promocje, darmowe zak\u0142ady","isPartOf":{"@id":"https:\/\/winwinbet.games\/pl\/#website"},"datePublished":"2026-04-09T12:10:43+00:00","dateModified":"2026-04-17T07:55:28+00:00","description":"Bonusy WinWin Bet: hojny bonus powitalny, darmowe zak\u0142ady, bonusy bukmacherskie i kasynowe, cotygodniowe promocje oraz oferty specjalne dla nowych i sta\u0142ych graczy.","breadcrumb":{"@id":"https:\/\/winwinbet.games\/pl\/bonus\/#breadcrumb"},"inLanguage":"pl-PL","potentialAction":[{"@type":"ReadAction","target":["https:\/\/winwinbet.games\/pl\/bonus\/"]}]},{"@type":"BreadcrumbList","@id":"https:\/\/winwinbet.games\/pl\/bonus\/#breadcrumb","itemListElement":[{"@type":"ListItem","position":1,"name":"Home","item":"https:\/\/winwinbet.games\/pl\/"},{"@type":"ListItem","position":2,"name":"Bonus"}]},{"@type":"WebSite","@id":"https:\/\/winwinbet.games\/pl\/#website","url":"https:\/\/winwinbet.games\/pl\/","name":"My Blog PL","description":"My WordPress Blog","potentialAction":[{"@type":"SearchAction","target":{"@type":"EntryPoint","urlTemplate":"https:\/\/winwinbet.games\/pl\/?s={search_term_string}"},"query-input":{"@type":"PropertyValueSpecification","valueRequired":true,"valueName":"search_term_string"}}],"inLanguage":"pl-PL"}]}},"_links":{"self":[{"href":"https:\/\/winwinbet.games\/pl\/wp-json\/wp\/v2\/pages\/350","targetHints":{"allow":["GET"]}}],"collection":[{"href":"https:\/\/winwinbet.games\/pl\/wp-json\/wp\/v2\/pages"}],"about":[{"href":"https:\/\/winwinbet.games\/pl\/wp-json\/wp\/v2\/types\/page"}],"author":[{"embeddable":true,"href":"https:\/\/winwinbet.games\/pl\/wp-json\/wp\/v2\/users\/1"}],"replies":[{"embeddable":true,"href":"https:\/\/winwinbet.games\/pl\/wp-json\/wp\/v2\/comments?post=350"}],"version-history":[{"count":5,"href":"https:\/\/winwinbet.games\/pl\/wp-json\/wp\/v2\/pages\/350\/revisions"}],"predecessor-version":[{"id":461,"href":"https:\/\/winwinbet.games\/pl\/wp-json\/wp\/v2\/pages\/350\/revisions\/461"}],"wp:attachment":[{"href":"https:\/\/winwinbet.games\/pl\/wp-json\/wp\/v2\/media?parent=350"}],"curies":[{"name":"wp","href":"https:\/\/api.w.org\/{rel}","templated":true}]}}