{"id":405,"date":"2026-04-13T09:11:26","date_gmt":"2026-04-13T09:11:26","guid":{"rendered":"https:\/\/winwinbet.games\/pl\/?page_id=405"},"modified":"2026-04-17T07:27:42","modified_gmt":"2026-04-17T07:27:42","slug":"apk","status":"publish","type":"page","link":"https:\/\/winwinbet.games\/pl\/apk\/","title":{"rendered":"Apk"},"content":{"rendered":"","protected":false},"excerpt":{"rendered":"","protected":false},"author":1,"featured_media":0,"parent":0,"menu_order":0,"comment_status":"closed","ping_status":"closed","template":"","meta":{"footnotes":""},"class_list":["post-405","page","type-page","status-publish","hentry"],"yoast_head":"<!-- This site is optimized with the Yoast SEO plugin v26.6 - https:\/\/yoast.com\/wordpress\/plugins\/seo\/ -->\n<title>WinWinBet APK \u2014 Pobierz i zainstaluj na Androida 2026 za darmo<\/title>\n<meta name=\"description\" content=\"Pobierz bezp\u0142atnie aplikacj\u0119 WinWinBet APK na Androida! Zainstaluj aplikacj\u0119 na swoim smartfonie lub tablecie w kilka minut \u2013 ciesz si\u0119 automatami, kasynem na \u017cywo i bonusami gdziekolwiek jeste\u015b. Szybki dost\u0119p do gier bez komputera \u2013 idealne rozwi\u0105zanie dla u\u017cytkownik\u00f3w urz\u0105dze\u0144 mobilnych.\" \/>\n<meta name=\"robots\" content=\"index, follow, max-snippet:-1, max-image-preview:large, max-video-preview:-1\" \/>\n<meta property=\"og:locale\" content=\"pl_PL\" \/>\n<meta property=\"og:type\" content=\"article\" \/>\n<meta property=\"og:title\" content=\"WinWinBet APK \u2014 Pobierz i zainstaluj na Androida 2026 za darmo\" \/>\n<meta property=\"og:description\" content=\"Pobierz bezp\u0142atnie aplikacj\u0119 WinWinBet APK na Androida! Zainstaluj aplikacj\u0119 na swoim smartfonie lub tablecie w kilka minut \u2013 ciesz si\u0119 automatami, kasynem na \u017cywo i bonusami gdziekolwiek jeste\u015b. Szybki dost\u0119p do gier bez komputera \u2013 idealne rozwi\u0105zanie dla u\u017cytkownik\u00f3w urz\u0105dze\u0144 mobilnych.\" \/>\n<meta property=\"og:url\" content=\"https:\/\/winwinbet.games\/pl\/apk\/\" \/>\n<meta property=\"og:site_name\" content=\"My Blog PL\" \/>\n<meta property=\"article:modified_time\" content=\"2026-04-17T07:27:42+00:00\" \/>\n<meta name=\"twitter:card\" content=\"summary_large_image\" \/>\n<script type=\"application\/ld+json\" class=\"yoast-schema-graph\">{\"@context\":\"https:\/\/schema.org\",\"@graph\":[{\"@type\":\"WebPage\",\"@id\":\"https:\/\/winwinbet.games\/pl\/apk\/\",\"url\":\"https:\/\/winwinbet.games\/pl\/apk\/\",\"name\":\"WinWinBet APK \u2014 Pobierz i zainstaluj na Androida 2026 za darmo\",\"isPartOf\":{\"@id\":\"https:\/\/winwinbet.games\/pl\/#website\"},\"datePublished\":\"2026-04-13T09:11:26+00:00\",\"dateModified\":\"2026-04-17T07:27:42+00:00\",\"description\":\"Pobierz bezp\u0142atnie aplikacj\u0119 WinWinBet APK na Androida! Zainstaluj aplikacj\u0119 na swoim smartfonie lub tablecie w kilka minut \u2013 ciesz si\u0119 automatami, kasynem na \u017cywo i bonusami gdziekolwiek jeste\u015b. Szybki dost\u0119p do gier bez komputera \u2013 idealne rozwi\u0105zanie dla u\u017cytkownik\u00f3w urz\u0105dze\u0144 mobilnych.\",\"breadcrumb\":{\"@id\":\"https:\/\/winwinbet.games\/pl\/apk\/#breadcrumb\"},\"inLanguage\":\"pl-PL\",\"potentialAction\":[{\"@type\":\"ReadAction\",\"target\":[\"https:\/\/winwinbet.games\/pl\/apk\/\"]}]},{\"@type\":\"BreadcrumbList\",\"@id\":\"https:\/\/winwinbet.games\/pl\/apk\/#breadcrumb\",\"itemListElement\":[{\"@type\":\"ListItem\",\"position\":1,\"name\":\"Home\",\"item\":\"https:\/\/winwinbet.games\/pl\/\"},{\"@type\":\"ListItem\",\"position\":2,\"name\":\"Apk\"}]},{\"@type\":\"WebSite\",\"@id\":\"https:\/\/winwinbet.games\/pl\/#website\",\"url\":\"https:\/\/winwinbet.games\/pl\/\",\"name\":\"My Blog PL\",\"description\":\"My WordPress Blog\",\"potentialAction\":[{\"@type\":\"SearchAction\",\"target\":{\"@type\":\"EntryPoint\",\"urlTemplate\":\"https:\/\/winwinbet.games\/pl\/?s={search_term_string}\"},\"query-input\":{\"@type\":\"PropertyValueSpecification\",\"valueRequired\":true,\"valueName\":\"search_term_string\"}}],\"inLanguage\":\"pl-PL\"}]}<\/script>\n<!-- \/ Yoast SEO plugin. -->","yoast_head_json":{"title":"WinWinBet APK \u2014 Pobierz i zainstaluj na Androida 2026 za darmo","description":"Pobierz bezp\u0142atnie aplikacj\u0119 WinWinBet APK na Androida! Zainstaluj aplikacj\u0119 na swoim smartfonie lub tablecie w kilka minut \u2013 ciesz si\u0119 automatami, kasynem na \u017cywo i bonusami gdziekolwiek jeste\u015b. Szybki dost\u0119p do gier bez komputera \u2013 idealne rozwi\u0105zanie dla u\u017cytkownik\u00f3w urz\u0105dze\u0144 mobilnych.","robots":{"index":"index","follow":"follow","max-snippet":"max-snippet:-1","max-image-preview":"max-image-preview:large","max-video-preview":"max-video-preview:-1"},"og_locale":"pl_PL","og_type":"article","og_title":"WinWinBet APK \u2014 Pobierz i zainstaluj na Androida 2026 za darmo","og_description":"Pobierz bezp\u0142atnie aplikacj\u0119 WinWinBet APK na Androida! Zainstaluj aplikacj\u0119 na swoim smartfonie lub tablecie w kilka minut \u2013 ciesz si\u0119 automatami, kasynem na \u017cywo i bonusami gdziekolwiek jeste\u015b. Szybki dost\u0119p do gier bez komputera \u2013 idealne rozwi\u0105zanie dla u\u017cytkownik\u00f3w urz\u0105dze\u0144 mobilnych.","og_url":"https:\/\/winwinbet.games\/pl\/apk\/","og_site_name":"My Blog PL","article_modified_time":"2026-04-17T07:27:42+00:00","twitter_card":"summary_large_image","schema":{"@context":"https:\/\/schema.org","@graph":[{"@type":"WebPage","@id":"https:\/\/winwinbet.games\/pl\/apk\/","url":"https:\/\/winwinbet.games\/pl\/apk\/","name":"WinWinBet APK \u2014 Pobierz i zainstaluj na Androida 2026 za darmo","isPartOf":{"@id":"https:\/\/winwinbet.games\/pl\/#website"},"datePublished":"2026-04-13T09:11:26+00:00","dateModified":"2026-04-17T07:27:42+00:00","description":"Pobierz bezp\u0142atnie aplikacj\u0119 WinWinBet APK na Androida! Zainstaluj aplikacj\u0119 na swoim smartfonie lub tablecie w kilka minut \u2013 ciesz si\u0119 automatami, kasynem na \u017cywo i bonusami gdziekolwiek jeste\u015b. Szybki dost\u0119p do gier bez komputera \u2013 idealne rozwi\u0105zanie dla u\u017cytkownik\u00f3w urz\u0105dze\u0144 mobilnych.","breadcrumb":{"@id":"https:\/\/winwinbet.games\/pl\/apk\/#breadcrumb"},"inLanguage":"pl-PL","potentialAction":[{"@type":"ReadAction","target":["https:\/\/winwinbet.games\/pl\/apk\/"]}]},{"@type":"BreadcrumbList","@id":"https:\/\/winwinbet.games\/pl\/apk\/#breadcrumb","itemListElement":[{"@type":"ListItem","position":1,"name":"Home","item":"https:\/\/winwinbet.games\/pl\/"},{"@type":"ListItem","position":2,"name":"Apk"}]},{"@type":"WebSite","@id":"https:\/\/winwinbet.games\/pl\/#website","url":"https:\/\/winwinbet.games\/pl\/","name":"My Blog PL","description":"My WordPress Blog","potentialAction":[{"@type":"SearchAction","target":{"@type":"EntryPoint","urlTemplate":"https:\/\/winwinbet.games\/pl\/?s={search_term_string}"},"query-input":{"@type":"PropertyValueSpecification","valueRequired":true,"valueName":"search_term_string"}}],"inLanguage":"pl-PL"}]}},"_links":{"self":[{"href":"https:\/\/winwinbet.games\/pl\/wp-json\/wp\/v2\/pages\/405","targetHints":{"allow":["GET"]}}],"collection":[{"href":"https:\/\/winwinbet.games\/pl\/wp-json\/wp\/v2\/pages"}],"about":[{"href":"https:\/\/winwinbet.games\/pl\/wp-json\/wp\/v2\/types\/page"}],"author":[{"embeddable":true,"href":"https:\/\/winwinbet.games\/pl\/wp-json\/wp\/v2\/users\/1"}],"replies":[{"embeddable":true,"href":"https:\/\/winwinbet.games\/pl\/wp-json\/wp\/v2\/comments?post=405"}],"version-history":[{"count":5,"href":"https:\/\/winwinbet.games\/pl\/wp-json\/wp\/v2\/pages\/405\/revisions"}],"predecessor-version":[{"id":457,"href":"https:\/\/winwinbet.games\/pl\/wp-json\/wp\/v2\/pages\/405\/revisions\/457"}],"wp:attachment":[{"href":"https:\/\/winwinbet.games\/pl\/wp-json\/wp\/v2\/media?parent=405"}],"curies":[{"name":"wp","href":"https:\/\/api.w.org\/{rel}","templated":true}]}}