{"id":424,"date":"2026-04-13T10:26:46","date_gmt":"2026-04-13T10:26:46","guid":{"rendered":"https:\/\/winwinbet.games\/pl\/?page_id=424"},"modified":"2026-04-17T08:50:39","modified_gmt":"2026-04-17T08:50:39","slug":"partners","status":"publish","type":"page","link":"https:\/\/winwinbet.games\/pl\/partners\/","title":{"rendered":"Partnerzy"},"content":{"rendered":"","protected":false},"excerpt":{"rendered":"","protected":false},"author":1,"featured_media":0,"parent":0,"menu_order":0,"comment_status":"closed","ping_status":"closed","template":"","meta":{"footnotes":""},"class_list":["post-424","page","type-page","status-publish","hentry"],"yoast_head":"<!-- This site is optimized with the Yoast SEO plugin v26.6 - https:\/\/yoast.com\/wordpress\/plugins\/seo\/ -->\n<title>Program partnerski WinWin Bet 2026 \u2014 Zarobki i wsp\u00f3\u0142praca<\/title>\n<meta name=\"description\" content=\"Do\u0142\u0105cz do programu partnerskiego WinWin Bet \u2014 zarabiaj na polecanych graczach i czerp zyski z kasyna bez \u017cadnego ryzyka dla gracza. Idealne rozwi\u0105zanie dla mi\u0142o\u015bnik\u00f3w hazardu i specjalist\u00f3w ds. marketingu \u2013 pasywny doch\u00f3d, promocja automat\u00f3w do gry i gier kasynowych na \u017cywo.\" \/>\n<meta name=\"robots\" content=\"index, follow, max-snippet:-1, max-image-preview:large, max-video-preview:-1\" \/>\n<meta property=\"og:locale\" content=\"pl_PL\" \/>\n<meta property=\"og:type\" content=\"article\" \/>\n<meta property=\"og:title\" content=\"Program partnerski WinWin Bet 2026 \u2014 Zarobki i wsp\u00f3\u0142praca\" \/>\n<meta property=\"og:description\" content=\"Do\u0142\u0105cz do programu partnerskiego WinWin Bet \u2014 zarabiaj na polecanych graczach i czerp zyski z kasyna bez \u017cadnego ryzyka dla gracza. Idealne rozwi\u0105zanie dla mi\u0142o\u015bnik\u00f3w hazardu i specjalist\u00f3w ds. marketingu \u2013 pasywny doch\u00f3d, promocja automat\u00f3w do gry i gier kasynowych na \u017cywo.\" \/>\n<meta property=\"og:url\" content=\"https:\/\/winwinbet.games\/pl\/partners\/\" \/>\n<meta property=\"og:site_name\" content=\"My Blog PL\" \/>\n<meta property=\"article:modified_time\" content=\"2026-04-17T08:50:39+00:00\" \/>\n<meta name=\"twitter:card\" content=\"summary_large_image\" \/>\n<script type=\"application\/ld+json\" class=\"yoast-schema-graph\">{\"@context\":\"https:\/\/schema.org\",\"@graph\":[{\"@type\":\"WebPage\",\"@id\":\"https:\/\/winwinbet.games\/pl\/partners\/\",\"url\":\"https:\/\/winwinbet.games\/pl\/partners\/\",\"name\":\"Program partnerski WinWin Bet 2026 \u2014 Zarobki i wsp\u00f3\u0142praca\",\"isPartOf\":{\"@id\":\"https:\/\/winwinbet.games\/pl\/#website\"},\"datePublished\":\"2026-04-13T10:26:46+00:00\",\"dateModified\":\"2026-04-17T08:50:39+00:00\",\"description\":\"Do\u0142\u0105cz do programu partnerskiego WinWin Bet \u2014 zarabiaj na polecanych graczach i czerp zyski z kasyna bez \u017cadnego ryzyka dla gracza. Idealne rozwi\u0105zanie dla mi\u0142o\u015bnik\u00f3w hazardu i specjalist\u00f3w ds. marketingu \u2013 pasywny doch\u00f3d, promocja automat\u00f3w do gry i gier kasynowych na \u017cywo.\",\"breadcrumb\":{\"@id\":\"https:\/\/winwinbet.games\/pl\/partners\/#breadcrumb\"},\"inLanguage\":\"pl-PL\",\"potentialAction\":[{\"@type\":\"ReadAction\",\"target\":[\"https:\/\/winwinbet.games\/pl\/partners\/\"]}]},{\"@type\":\"BreadcrumbList\",\"@id\":\"https:\/\/winwinbet.games\/pl\/partners\/#breadcrumb\",\"itemListElement\":[{\"@type\":\"ListItem\",\"position\":1,\"name\":\"Home\",\"item\":\"https:\/\/winwinbet.games\/pl\/\"},{\"@type\":\"ListItem\",\"position\":2,\"name\":\"Partnerzy\"}]},{\"@type\":\"WebSite\",\"@id\":\"https:\/\/winwinbet.games\/pl\/#website\",\"url\":\"https:\/\/winwinbet.games\/pl\/\",\"name\":\"My Blog PL\",\"description\":\"My WordPress Blog\",\"potentialAction\":[{\"@type\":\"SearchAction\",\"target\":{\"@type\":\"EntryPoint\",\"urlTemplate\":\"https:\/\/winwinbet.games\/pl\/?s={search_term_string}\"},\"query-input\":{\"@type\":\"PropertyValueSpecification\",\"valueRequired\":true,\"valueName\":\"search_term_string\"}}],\"inLanguage\":\"pl-PL\"}]}<\/script>\n<!-- \/ Yoast SEO plugin. -->","yoast_head_json":{"title":"Program partnerski WinWin Bet 2026 \u2014 Zarobki i wsp\u00f3\u0142praca","description":"Do\u0142\u0105cz do programu partnerskiego WinWin Bet \u2014 zarabiaj na polecanych graczach i czerp zyski z kasyna bez \u017cadnego ryzyka dla gracza. Idealne rozwi\u0105zanie dla mi\u0142o\u015bnik\u00f3w hazardu i specjalist\u00f3w ds. marketingu \u2013 pasywny doch\u00f3d, promocja automat\u00f3w do gry i gier kasynowych na \u017cywo.","robots":{"index":"index","follow":"follow","max-snippet":"max-snippet:-1","max-image-preview":"max-image-preview:large","max-video-preview":"max-video-preview:-1"},"og_locale":"pl_PL","og_type":"article","og_title":"Program partnerski WinWin Bet 2026 \u2014 Zarobki i wsp\u00f3\u0142praca","og_description":"Do\u0142\u0105cz do programu partnerskiego WinWin Bet \u2014 zarabiaj na polecanych graczach i czerp zyski z kasyna bez \u017cadnego ryzyka dla gracza. Idealne rozwi\u0105zanie dla mi\u0142o\u015bnik\u00f3w hazardu i specjalist\u00f3w ds. marketingu \u2013 pasywny doch\u00f3d, promocja automat\u00f3w do gry i gier kasynowych na \u017cywo.","og_url":"https:\/\/winwinbet.games\/pl\/partners\/","og_site_name":"My Blog PL","article_modified_time":"2026-04-17T08:50:39+00:00","twitter_card":"summary_large_image","schema":{"@context":"https:\/\/schema.org","@graph":[{"@type":"WebPage","@id":"https:\/\/winwinbet.games\/pl\/partners\/","url":"https:\/\/winwinbet.games\/pl\/partners\/","name":"Program partnerski WinWin Bet 2026 \u2014 Zarobki i wsp\u00f3\u0142praca","isPartOf":{"@id":"https:\/\/winwinbet.games\/pl\/#website"},"datePublished":"2026-04-13T10:26:46+00:00","dateModified":"2026-04-17T08:50:39+00:00","description":"Do\u0142\u0105cz do programu partnerskiego WinWin Bet \u2014 zarabiaj na polecanych graczach i czerp zyski z kasyna bez \u017cadnego ryzyka dla gracza. Idealne rozwi\u0105zanie dla mi\u0142o\u015bnik\u00f3w hazardu i specjalist\u00f3w ds. marketingu \u2013 pasywny doch\u00f3d, promocja automat\u00f3w do gry i gier kasynowych na \u017cywo.","breadcrumb":{"@id":"https:\/\/winwinbet.games\/pl\/partners\/#breadcrumb"},"inLanguage":"pl-PL","potentialAction":[{"@type":"ReadAction","target":["https:\/\/winwinbet.games\/pl\/partners\/"]}]},{"@type":"BreadcrumbList","@id":"https:\/\/winwinbet.games\/pl\/partners\/#breadcrumb","itemListElement":[{"@type":"ListItem","position":1,"name":"Home","item":"https:\/\/winwinbet.games\/pl\/"},{"@type":"ListItem","position":2,"name":"Partnerzy"}]},{"@type":"WebSite","@id":"https:\/\/winwinbet.games\/pl\/#website","url":"https:\/\/winwinbet.games\/pl\/","name":"My Blog PL","description":"My WordPress Blog","potentialAction":[{"@type":"SearchAction","target":{"@type":"EntryPoint","urlTemplate":"https:\/\/winwinbet.games\/pl\/?s={search_term_string}"},"query-input":{"@type":"PropertyValueSpecification","valueRequired":true,"valueName":"search_term_string"}}],"inLanguage":"pl-PL"}]}},"_links":{"self":[{"href":"https:\/\/winwinbet.games\/pl\/wp-json\/wp\/v2\/pages\/424","targetHints":{"allow":["GET"]}}],"collection":[{"href":"https:\/\/winwinbet.games\/pl\/wp-json\/wp\/v2\/pages"}],"about":[{"href":"https:\/\/winwinbet.games\/pl\/wp-json\/wp\/v2\/types\/page"}],"author":[{"embeddable":true,"href":"https:\/\/winwinbet.games\/pl\/wp-json\/wp\/v2\/users\/1"}],"replies":[{"embeddable":true,"href":"https:\/\/winwinbet.games\/pl\/wp-json\/wp\/v2\/comments?post=424"}],"version-history":[{"count":5,"href":"https:\/\/winwinbet.games\/pl\/wp-json\/wp\/v2\/pages\/424\/revisions"}],"predecessor-version":[{"id":471,"href":"https:\/\/winwinbet.games\/pl\/wp-json\/wp\/v2\/pages\/424\/revisions\/471"}],"wp:attachment":[{"href":"https:\/\/winwinbet.games\/pl\/wp-json\/wp\/v2\/media?parent=424"}],"curies":[{"name":"wp","href":"https:\/\/api.w.org\/{rel}","templated":true}]}}